{"id":477,"date":"2025-01-12T21:59:36","date_gmt":"2025-01-13T00:59:36","guid":{"rendered":"https:\/\/elzainolagunaelcopin.cl\/home\/?page_id=477"},"modified":"2025-04-07T17:06:52","modified_gmt":"2025-04-07T21:06:52","slug":"historia-del-santuario","status":"publish","type":"page","link":"https:\/\/elzainolagunaelcopin.cl\/index.php\/historia-del-santuario\/","title":{"rendered":"Historia del santuario"},"content":{"rendered":"\n<style type=\"text\/css\" data-created_by=\"avia_inline_auto\" id=\"style-css-av-m5ue1igy-b6113c3a8421895c031265e0daa0374b\">\n.avia-section.av-m5ue1igy-b6113c3a8421895c031265e0daa0374b .av-parallax .av-parallax-inner{\nbackground-repeat:no-repeat;\nbackground-image:url(https:\/\/elzainolagunaelcopin.cl\/home\/wp-content\/uploads\/2025\/01\/bg_quienes-somos-2.jpg);\nbackground-position:0% 0%;\nbackground-attachment:scroll;\n}\n<\/style>\n<div id='av_section_1'  class='avia-section av-m5ue1igy-b6113c3a8421895c031265e0daa0374b main_color avia-section-default avia-no-border-styling  avia-builder-el-0  el_before_av_one_full  avia-builder-el-first  av-parallax-section avia-bg-style-parallax av-minimum-height av-minimum-height-custom av-height-custom  container_wrap sidebar_right'  data-section-bg-repeat='no-repeat' data-av_minimum_height_px='500'><div class='av-parallax' data-avia-parallax-ratio='0.3' ><div class='av-parallax-inner main_color avia-full-stretch'><\/div><\/div><div class='container av-section-cont-open' style='height:500px'><main  role=\"main\" itemprop=\"mainContentOfPage\"  class='template-page content  av-content-small alpha units'><div class='post-entry post-entry-type-page post-entry-477'><div class='entry-content-wrapper clearfix'><\/div><\/div><\/main><!-- close content main element --><\/div><\/div><div id='after_section_1'  class='main_color av_default_container_wrap container_wrap sidebar_right'  ><div class='container av-section-cont-open' ><div class='template-page content  av-content-small alpha units'><div class='post-entry post-entry-type-page post-entry-477'><div class='entry-content-wrapper clearfix'>\n\n<style type=\"text\/css\" data-created_by=\"avia_inline_auto\" id=\"style-css-av-1h8zy-4fc4d0a5169e5cc3c439359fe4d55f0a\">\n#top .flex_column.av-1h8zy-4fc4d0a5169e5cc3c439359fe4d55f0a{\nmargin-top:20px;\nmargin-bottom:20px;\n}\n.responsive #top #wrap_all .flex_column.av-1h8zy-4fc4d0a5169e5cc3c439359fe4d55f0a{\nmargin-top:20px;\nmargin-bottom:20px;\n}\n<\/style>\n<div  class='flex_column av-1h8zy-4fc4d0a5169e5cc3c439359fe4d55f0a av_one_full  avia-builder-el-1  el_after_av_section  el_before_av_one_full  avia-builder-el-first  first flex_column_div av-animated-generic bottom-to-top  '     ><p>\n<style type=\"text\/css\" data-created_by=\"avia_inline_auto\" id=\"style-css-av-m4kgho8p-9dd5be5d38bd466cc86c90e03a1da3d2\">\n#top .av-special-heading.av-m4kgho8p-9dd5be5d38bd466cc86c90e03a1da3d2{\npadding-bottom:10px;\n}\nbody .av-special-heading.av-m4kgho8p-9dd5be5d38bd466cc86c90e03a1da3d2 .av-special-heading-tag .heading-char{\nfont-size:25px;\n}\n.av-special-heading.av-m4kgho8p-9dd5be5d38bd466cc86c90e03a1da3d2 .av-subheading{\nfont-size:15px;\n}\n<\/style>\n<div  class='av-special-heading av-m4kgho8p-9dd5be5d38bd466cc86c90e03a1da3d2 av-special-heading-h2 blockquote modern-quote modern-centered  avia-builder-el-2  el_before_av_hr  avia-builder-el-first '><h2 class='av-special-heading-tag '  itemprop=\"headline\"  >Historia del santuario<\/h2><div class=\"special-heading-border\"><div class=\"special-heading-inner-border\"><\/div><\/div><\/div><br \/>\n\n<style type=\"text\/css\" data-created_by=\"avia_inline_auto\" id=\"style-css-av-m4kgjq7v-7cb9013ed881f0e85a851e42bbffd13c\">\n#top .hr.av-m4kgjq7v-7cb9013ed881f0e85a851e42bbffd13c{\nmargin-top:5px;\nmargin-bottom:30px;\n}\n.hr.av-m4kgjq7v-7cb9013ed881f0e85a851e42bbffd13c .hr-inner{\nwidth:50px;\nborder-color:#8aaac1;\n}\n<\/style>\n<div  class='hr av-m4kgjq7v-7cb9013ed881f0e85a851e42bbffd13c hr-custom  avia-builder-el-3  el_after_av_heading  avia-builder-el-last  hr-center hr-icon-no'><span class='hr-inner inner-border-av-border-fat'><span class=\"hr-inner-style\"><\/span><\/span><\/div><\/p><\/div>\n<div  class='flex_column av-bt0hi-942bf95a66004c304dee10b62d9d1f64 av_one_full  avia-builder-el-4  el_after_av_one_full  el_before_av_one_full  first flex_column_div av-animated-generic bottom-to-top  column-top-margin'     ><p><section  class='av_textblock_section av-m4kgn273-db74772033127f2559d94550ee71fcfd '   itemscope=\"itemscope\" itemtype=\"https:\/\/schema.org\/CreativeWork\" ><div class='avia_textblock'  itemprop=\"text\" ><p>El Santuario nace como una forma de proteger el agua y la biodiversidad existentes.<\/p>\n<p>La comunidad ha trabajando en los \u00faltimos veinte a\u00f1os distintas iniciativas de conservaci\u00f3n de su territorio, entre las que se encuentran varias investigaciones participativas (<strong><a href=\"https:\/\/elzainolagunaelcopin.cl\/home\/wp-content\/uploads\/2025\/04\/Jahuelito_compressed.pdf\" target=\"_blank\" rel=\"noopener\">Historias locales de Jahuel<\/a><\/strong> y de <strong><a href=\"https:\/\/elzainolagunaelcopin.cl\/home\/wp-content\/uploads\/2025\/04\/santa-filomena-el-milagro-escondido-en-el-valle_compressed.pdf\" target=\"_blank\" rel=\"noopener\">Santa Filomena,<\/a><\/strong> Gu\u00eda de aves de Jahuel, Gu\u00eda de flora de Jahuel), la declaraci\u00f3n como \u00e1rea libre de caza el a\u00f1o 2008 y la construcci\u00f3n de expedientes para postular y convertir 6.742 de sus 8.325 hect\u00e1reas en Santuario de la naturaleza, que permiti\u00f3 la existencia del Santuario El Zaino Cop\u00edn desde el a\u00f1o 2019.<\/p>\n<p>El santuario abarca la precordillera y cordillera de los Andes y coincide con los l\u00edmites comunales de la comuna de Santa Mar\u00eda en su extensi\u00f3n Norte, Este y Oeste. Limita por las divisorias de aguas y coincidente l\u00ednea lim\u00edtrofe del predio correspondiente a la comunidad del Campo de Jahuel y la comuna de Santa Mar\u00eda. Dichos l\u00edmites se enmarcan al Norte con la comuna de Putaendo, al Este con la comuna de San Esteban, al Sur con la localidad de Santa Filomena en la comuna de Santa Mar\u00eda y al Oeste con la comuna de Putaendo.<\/p>\n<\/div><\/section><br \/>\n\n<style type=\"text\/css\" data-created_by=\"avia_inline_auto\" id=\"style-css-av-m5u92h64-783ebe05fd5fc4a021375635124b6527\">\n#top .hr.hr-invisible.av-m5u92h64-783ebe05fd5fc4a021375635124b6527{\nheight:70px;\n}\n<\/style>\n<div  class='hr av-m5u92h64-783ebe05fd5fc4a021375635124b6527 hr-invisible  avia-builder-el-6  el_after_av_textblock  avia-builder-el-last '><span class='hr-inner '><span class=\"hr-inner-style\"><\/span><\/span><\/div><\/p><\/div><div  class='flex_column av-7qn72-52c8c7314354f0fa0a655ed8f4297ed6 av_one_full  avia-builder-el-7  el_after_av_one_full  avia-builder-el-last  first flex_column_div  column-top-margin'     ><div id='av-masonry-1' class='av-masonry av-m4khqd1b-505d3266871173bcfee09562d5d2a033 noHover av-flex-size av-large-gap av-hover-overlay-active av-masonry-animation-active av-masonry-col-flexible av-caption-always av-caption-style- av-masonry-gallery ' data-post_id=\"477\"><div class=\"av-masonry-container isotope av-js-disabled\"><div class='av-masonry-entry isotope-item av-masonry-item-no-image '><\/div><a href=\"https:\/\/elzainolagunaelcopin.cl\/home\/wp-content\/uploads\/2025\/01\/01-Foto-vista-laguna-El-Copin-1030x661.jpg\" data-srcset=\"https:\/\/elzainolagunaelcopin.cl\/home\/wp-content\/uploads\/2025\/01\/01-Foto-vista-laguna-El-Copin-1030x661.jpg 1030w, https:\/\/elzainolagunaelcopin.cl\/home\/wp-content\/uploads\/2025\/01\/01-Foto-vista-laguna-El-Copin-300x192.jpg 300w, https:\/\/elzainolagunaelcopin.cl\/home\/wp-content\/uploads\/2025\/01\/01-Foto-vista-laguna-El-Copin-768x493.jpg 768w, https:\/\/elzainolagunaelcopin.cl\/home\/wp-content\/uploads\/2025\/01\/01-Foto-vista-laguna-El-Copin-705x452.jpg 705w, https:\/\/elzainolagunaelcopin.cl\/home\/wp-content\/uploads\/2025\/01\/01-Foto-vista-laguna-El-Copin.jpg 1280w\" data-sizes=\"(max-width: 1030px) 100vw, 1030px\"  aria-label=\"image Cabalgata con arrieros a la Laguna El Cop\u00edn\"  id='av-masonry-1-item-487' data-av-masonry-item='487' class='av-masonry-entry isotope-item post-487 attachment type-attachment status-inherit hentry  av-masonry-item-with-image' title=\"Cabalgata con arrieros a la Laguna El Cop\u00edn\" alt=\"Cabalgata con arrieros a la Laguna El Cop\u00edn\"    itemprop=\"thumbnailUrl\" ><div class='av-inner-masonry-sizer'><\/div><figure class='av-inner-masonry main_color'><div class=\"av-masonry-outerimage-container\"><div class='av-masonry-image-container'  ><img decoding=\"async\" width=\"705\" height=\"452\" fetchpriority=\"high\" class=\"wp-image-487 avia-img-lazy-loading-not-487\"  src=\"https:\/\/elzainolagunaelcopin.cl\/home\/wp-content\/uploads\/2025\/01\/01-Foto-vista-laguna-El-Copin-705x452.jpg\" title=\"Cabalgata con arrieros a la Laguna El Cop\u00edn\" alt=\"Cabalgata con arrieros a la Laguna El Cop\u00edn\" srcset=\"https:\/\/elzainolagunaelcopin.cl\/home\/wp-content\/uploads\/2025\/01\/01-Foto-vista-laguna-El-Copin-705x452.jpg 705w, https:\/\/elzainolagunaelcopin.cl\/home\/wp-content\/uploads\/2025\/01\/01-Foto-vista-laguna-El-Copin-300x192.jpg 300w, https:\/\/elzainolagunaelcopin.cl\/home\/wp-content\/uploads\/2025\/01\/01-Foto-vista-laguna-El-Copin-1030x661.jpg 1030w, https:\/\/elzainolagunaelcopin.cl\/home\/wp-content\/uploads\/2025\/01\/01-Foto-vista-laguna-El-Copin-768x493.jpg 768w, https:\/\/elzainolagunaelcopin.cl\/home\/wp-content\/uploads\/2025\/01\/01-Foto-vista-laguna-El-Copin.jpg 1280w\" sizes=\"(max-width: 705px) 100vw, 705px\" \/><\/div><\/div><\/figure><\/a><!--end av-masonry entry--><a href=\"https:\/\/elzainolagunaelcopin.cl\/home\/wp-content\/uploads\/2025\/01\/02-Foto-vista-laguna-El-Copin-1030x773.jpg\" data-srcset=\"https:\/\/elzainolagunaelcopin.cl\/home\/wp-content\/uploads\/2025\/01\/02-Foto-vista-laguna-El-Copin-1030x773.jpg 1030w, https:\/\/elzainolagunaelcopin.cl\/home\/wp-content\/uploads\/2025\/01\/02-Foto-vista-laguna-El-Copin-300x225.jpg 300w, https:\/\/elzainolagunaelcopin.cl\/home\/wp-content\/uploads\/2025\/01\/02-Foto-vista-laguna-El-Copin-768x576.jpg 768w, https:\/\/elzainolagunaelcopin.cl\/home\/wp-content\/uploads\/2025\/01\/02-Foto-vista-laguna-El-Copin-705x529.jpg 705w, https:\/\/elzainolagunaelcopin.cl\/home\/wp-content\/uploads\/2025\/01\/02-Foto-vista-laguna-El-Copin.jpg 1040w\" data-sizes=\"(max-width: 1030px) 100vw, 1030px\"  aria-label=\"image Vista laguna El Cop\u00edn\"  id='av-masonry-1-item-488' data-av-masonry-item='488' class='av-masonry-entry isotope-item post-488 attachment type-attachment status-inherit hentry  av-masonry-item-with-image' title=\"Vista laguna El Cop\u00edn\" alt=\"Vista laguna El Cop\u00edn\"    itemprop=\"thumbnailUrl\" ><div class='av-inner-masonry-sizer'><\/div><figure class='av-inner-masonry main_color'><div class=\"av-masonry-outerimage-container\"><div class='av-masonry-image-container'  ><img decoding=\"async\" width=\"705\" height=\"529\" fetchpriority=\"high\" class=\"wp-image-488 avia-img-lazy-loading-not-488\"  src=\"https:\/\/elzainolagunaelcopin.cl\/home\/wp-content\/uploads\/2025\/01\/02-Foto-vista-laguna-El-Copin-705x529.jpg\" title=\"Vista laguna El Cop\u00edn\" alt=\"Vista laguna El Cop\u00edn\" srcset=\"https:\/\/elzainolagunaelcopin.cl\/home\/wp-content\/uploads\/2025\/01\/02-Foto-vista-laguna-El-Copin-705x529.jpg 705w, https:\/\/elzainolagunaelcopin.cl\/home\/wp-content\/uploads\/2025\/01\/02-Foto-vista-laguna-El-Copin-300x225.jpg 300w, https:\/\/elzainolagunaelcopin.cl\/home\/wp-content\/uploads\/2025\/01\/02-Foto-vista-laguna-El-Copin-1030x773.jpg 1030w, https:\/\/elzainolagunaelcopin.cl\/home\/wp-content\/uploads\/2025\/01\/02-Foto-vista-laguna-El-Copin-768x576.jpg 768w, https:\/\/elzainolagunaelcopin.cl\/home\/wp-content\/uploads\/2025\/01\/02-Foto-vista-laguna-El-Copin.jpg 1040w\" sizes=\"(max-width: 705px) 100vw, 705px\" \/><\/div><\/div><\/figure><\/a><!--end av-masonry entry--><a href=\"https:\/\/elzainolagunaelcopin.cl\/home\/wp-content\/uploads\/2025\/01\/06-Alguna-foto-de-la-localidad-1030x686.jpg\" data-srcset=\"https:\/\/elzainolagunaelcopin.cl\/home\/wp-content\/uploads\/2025\/01\/06-Alguna-foto-de-la-localidad-1030x686.jpg 1030w, https:\/\/elzainolagunaelcopin.cl\/home\/wp-content\/uploads\/2025\/01\/06-Alguna-foto-de-la-localidad-300x200.jpg 300w, https:\/\/elzainolagunaelcopin.cl\/home\/wp-content\/uploads\/2025\/01\/06-Alguna-foto-de-la-localidad-768x512.jpg 768w, https:\/\/elzainolagunaelcopin.cl\/home\/wp-content\/uploads\/2025\/01\/06-Alguna-foto-de-la-localidad-705x470.jpg 705w, https:\/\/elzainolagunaelcopin.cl\/home\/wp-content\/uploads\/2025\/01\/06-Alguna-foto-de-la-localidad.jpg 1280w\" data-sizes=\"(max-width: 1030px) 100vw, 1030px\"  aria-label=\"image Vista mesetas de Jahuel \u00a9Joaqu\u00edn L\u00f3pez\"  id='av-masonry-1-item-492' data-av-masonry-item='492' class='av-masonry-entry isotope-item post-492 attachment type-attachment status-inherit hentry  av-masonry-item-with-image' title=\"Vista mesetas de Jahuel \u00a9Joaqu\u00edn L\u00f3pez\" alt=\"Vista mesetas de Jahuel \u00a9Joaqu\u00edn L\u00f3pez\"    itemprop=\"thumbnailUrl\" ><div class='av-inner-masonry-sizer'><\/div><figure class='av-inner-masonry main_color'><div class=\"av-masonry-outerimage-container\"><div class='av-masonry-image-container'  ><img decoding=\"async\" width=\"705\" height=\"470\" fetchpriority=\"high\" class=\"wp-image-492 avia-img-lazy-loading-not-492\"  src=\"https:\/\/elzainolagunaelcopin.cl\/home\/wp-content\/uploads\/2025\/01\/06-Alguna-foto-de-la-localidad-705x470.jpg\" title=\"Vista mesetas de Jahuel \u00a9Joaqu\u00edn L\u00f3pez\" alt=\"Vista mesetas de Jahuel \u00a9Joaqu\u00edn L\u00f3pez\" srcset=\"https:\/\/elzainolagunaelcopin.cl\/home\/wp-content\/uploads\/2025\/01\/06-Alguna-foto-de-la-localidad-705x470.jpg 705w, https:\/\/elzainolagunaelcopin.cl\/home\/wp-content\/uploads\/2025\/01\/06-Alguna-foto-de-la-localidad-300x200.jpg 300w, https:\/\/elzainolagunaelcopin.cl\/home\/wp-content\/uploads\/2025\/01\/06-Alguna-foto-de-la-localidad-1030x686.jpg 1030w, https:\/\/elzainolagunaelcopin.cl\/home\/wp-content\/uploads\/2025\/01\/06-Alguna-foto-de-la-localidad-768x512.jpg 768w, https:\/\/elzainolagunaelcopin.cl\/home\/wp-content\/uploads\/2025\/01\/06-Alguna-foto-de-la-localidad.jpg 1280w\" sizes=\"(max-width: 705px) 100vw, 705px\" \/><\/div><\/div><\/figure><\/a><!--end av-masonry entry--><\/div><\/div><\/div><\/p>\n","protected":false},"excerpt":{"rendered":"","protected":false},"author":1,"featured_media":0,"parent":0,"menu_order":0,"comment_status":"closed","ping_status":"closed","template":"","meta":{"footnotes":""},"class_list":["post-477","page","type-page","status-publish","hentry"],"yoast_head":"<!-- This site is optimized with the Yoast SEO plugin v26.2 - https:\/\/yoast.com\/wordpress\/plugins\/seo\/ -->\n<title>Historia del santuario - El Zaino Laguna El Cop\u00edn<\/title>\n<meta name=\"robots\" content=\"index, follow, max-snippet:-1, max-image-preview:large, max-video-preview:-1\" \/>\n<link rel=\"canonical\" href=\"https:\/\/elzainolagunaelcopin.cl\/index.php\/historia-del-santuario\/\" \/>\n<meta property=\"og:locale\" content=\"es_ES\" \/>\n<meta property=\"og:type\" content=\"article\" \/>\n<meta property=\"og:title\" content=\"Historia del santuario - El Zaino Laguna El Cop\u00edn\" \/>\n<meta property=\"og:url\" content=\"https:\/\/elzainolagunaelcopin.cl\/index.php\/historia-del-santuario\/\" \/>\n<meta property=\"og:site_name\" content=\"El Zaino Laguna El Cop\u00edn\" \/>\n<meta property=\"article:modified_time\" content=\"2025-04-07T21:06:52+00:00\" \/>\n<meta name=\"twitter:card\" content=\"summary_large_image\" \/>\n<meta name=\"twitter:label1\" content=\"Tiempo de lectura\" \/>\n\t<meta name=\"twitter:data1\" content=\"12 minutos\" \/>\n<script type=\"application\/ld+json\" class=\"yoast-schema-graph\">{\"@context\":\"https:\/\/schema.org\",\"@graph\":[{\"@type\":\"WebPage\",\"@id\":\"https:\/\/elzainolagunaelcopin.cl\/index.php\/historia-del-santuario\/\",\"url\":\"https:\/\/elzainolagunaelcopin.cl\/index.php\/historia-del-santuario\/\",\"name\":\"Historia del santuario - El Zaino Laguna El Cop\u00edn\",\"isPartOf\":{\"@id\":\"https:\/\/elzainolagunaelcopin.cl\/#website\"},\"datePublished\":\"2025-01-13T00:59:36+00:00\",\"dateModified\":\"2025-04-07T21:06:52+00:00\",\"breadcrumb\":{\"@id\":\"https:\/\/elzainolagunaelcopin.cl\/index.php\/historia-del-santuario\/#breadcrumb\"},\"inLanguage\":\"es\",\"potentialAction\":[{\"@type\":\"ReadAction\",\"target\":[\"https:\/\/elzainolagunaelcopin.cl\/index.php\/historia-del-santuario\/\"]}]},{\"@type\":\"BreadcrumbList\",\"@id\":\"https:\/\/elzainolagunaelcopin.cl\/index.php\/historia-del-santuario\/#breadcrumb\",\"itemListElement\":[{\"@type\":\"ListItem\",\"position\":1,\"name\":\"Portada\",\"item\":\"https:\/\/elzainolagunaelcopin.cl\/index.php\/home\/\"},{\"@type\":\"ListItem\",\"position\":2,\"name\":\"Historia del santuario\"}]},{\"@type\":\"WebSite\",\"@id\":\"https:\/\/elzainolagunaelcopin.cl\/#website\",\"url\":\"https:\/\/elzainolagunaelcopin.cl\/\",\"name\":\"El Zaino Laguna El Cop\u00edn\",\"description\":\"\",\"publisher\":{\"@id\":\"https:\/\/elzainolagunaelcopin.cl\/#organization\"},\"potentialAction\":[{\"@type\":\"SearchAction\",\"target\":{\"@type\":\"EntryPoint\",\"urlTemplate\":\"https:\/\/elzainolagunaelcopin.cl\/?s={search_term_string}\"},\"query-input\":{\"@type\":\"PropertyValueSpecification\",\"valueRequired\":true,\"valueName\":\"search_term_string\"}}],\"inLanguage\":\"es\"},{\"@type\":\"Organization\",\"@id\":\"https:\/\/elzainolagunaelcopin.cl\/#organization\",\"name\":\"El Zaino Laguna El Cop\u00edn\",\"url\":\"https:\/\/elzainolagunaelcopin.cl\/\",\"logo\":{\"@type\":\"ImageObject\",\"inLanguage\":\"es\",\"@id\":\"https:\/\/elzainolagunaelcopin.cl\/#\/schema\/logo\/image\/\",\"url\":\"https:\/\/elzainolagunaelcopin.cl\/home\/wp-content\/uploads\/2024\/12\/favicon.png\",\"contentUrl\":\"https:\/\/elzainolagunaelcopin.cl\/home\/wp-content\/uploads\/2024\/12\/favicon.png\",\"width\":512,\"height\":512,\"caption\":\"El Zaino Laguna El Cop\u00edn\"},\"image\":{\"@id\":\"https:\/\/elzainolagunaelcopin.cl\/#\/schema\/logo\/image\/\"}}]}<\/script>\n<!-- \/ Yoast SEO plugin. -->","yoast_head_json":{"title":"Historia del santuario - El Zaino Laguna El Cop\u00edn","robots":{"index":"index","follow":"follow","max-snippet":"max-snippet:-1","max-image-preview":"max-image-preview:large","max-video-preview":"max-video-preview:-1"},"canonical":"https:\/\/elzainolagunaelcopin.cl\/index.php\/historia-del-santuario\/","og_locale":"es_ES","og_type":"article","og_title":"Historia del santuario - El Zaino Laguna El Cop\u00edn","og_url":"https:\/\/elzainolagunaelcopin.cl\/index.php\/historia-del-santuario\/","og_site_name":"El Zaino Laguna El Cop\u00edn","article_modified_time":"2025-04-07T21:06:52+00:00","twitter_card":"summary_large_image","twitter_misc":{"Tiempo de lectura":"12 minutos"},"schema":{"@context":"https:\/\/schema.org","@graph":[{"@type":"WebPage","@id":"https:\/\/elzainolagunaelcopin.cl\/index.php\/historia-del-santuario\/","url":"https:\/\/elzainolagunaelcopin.cl\/index.php\/historia-del-santuario\/","name":"Historia del santuario - El Zaino Laguna El Cop\u00edn","isPartOf":{"@id":"https:\/\/elzainolagunaelcopin.cl\/#website"},"datePublished":"2025-01-13T00:59:36+00:00","dateModified":"2025-04-07T21:06:52+00:00","breadcrumb":{"@id":"https:\/\/elzainolagunaelcopin.cl\/index.php\/historia-del-santuario\/#breadcrumb"},"inLanguage":"es","potentialAction":[{"@type":"ReadAction","target":["https:\/\/elzainolagunaelcopin.cl\/index.php\/historia-del-santuario\/"]}]},{"@type":"BreadcrumbList","@id":"https:\/\/elzainolagunaelcopin.cl\/index.php\/historia-del-santuario\/#breadcrumb","itemListElement":[{"@type":"ListItem","position":1,"name":"Portada","item":"https:\/\/elzainolagunaelcopin.cl\/index.php\/home\/"},{"@type":"ListItem","position":2,"name":"Historia del santuario"}]},{"@type":"WebSite","@id":"https:\/\/elzainolagunaelcopin.cl\/#website","url":"https:\/\/elzainolagunaelcopin.cl\/","name":"El Zaino Laguna El Cop\u00edn","description":"","publisher":{"@id":"https:\/\/elzainolagunaelcopin.cl\/#organization"},"potentialAction":[{"@type":"SearchAction","target":{"@type":"EntryPoint","urlTemplate":"https:\/\/elzainolagunaelcopin.cl\/?s={search_term_string}"},"query-input":{"@type":"PropertyValueSpecification","valueRequired":true,"valueName":"search_term_string"}}],"inLanguage":"es"},{"@type":"Organization","@id":"https:\/\/elzainolagunaelcopin.cl\/#organization","name":"El Zaino Laguna El Cop\u00edn","url":"https:\/\/elzainolagunaelcopin.cl\/","logo":{"@type":"ImageObject","inLanguage":"es","@id":"https:\/\/elzainolagunaelcopin.cl\/#\/schema\/logo\/image\/","url":"https:\/\/elzainolagunaelcopin.cl\/home\/wp-content\/uploads\/2024\/12\/favicon.png","contentUrl":"https:\/\/elzainolagunaelcopin.cl\/home\/wp-content\/uploads\/2024\/12\/favicon.png","width":512,"height":512,"caption":"El Zaino Laguna El Cop\u00edn"},"image":{"@id":"https:\/\/elzainolagunaelcopin.cl\/#\/schema\/logo\/image\/"}}]}},"_links":{"self":[{"href":"https:\/\/elzainolagunaelcopin.cl\/index.php\/wp-json\/wp\/v2\/pages\/477","targetHints":{"allow":["GET"]}}],"collection":[{"href":"https:\/\/elzainolagunaelcopin.cl\/index.php\/wp-json\/wp\/v2\/pages"}],"about":[{"href":"https:\/\/elzainolagunaelcopin.cl\/index.php\/wp-json\/wp\/v2\/types\/page"}],"author":[{"embeddable":true,"href":"https:\/\/elzainolagunaelcopin.cl\/index.php\/wp-json\/wp\/v2\/users\/1"}],"replies":[{"embeddable":true,"href":"https:\/\/elzainolagunaelcopin.cl\/index.php\/wp-json\/wp\/v2\/comments?post=477"}],"version-history":[{"count":20,"href":"https:\/\/elzainolagunaelcopin.cl\/index.php\/wp-json\/wp\/v2\/pages\/477\/revisions"}],"predecessor-version":[{"id":726,"href":"https:\/\/elzainolagunaelcopin.cl\/index.php\/wp-json\/wp\/v2\/pages\/477\/revisions\/726"}],"wp:attachment":[{"href":"https:\/\/elzainolagunaelcopin.cl\/index.php\/wp-json\/wp\/v2\/media?parent=477"}],"curies":[{"name":"wp","href":"https:\/\/api.w.org\/{rel}","templated":true}]}}