{"id":526,"date":"2025-01-13T14:28:27","date_gmt":"2025-01-13T17:28:27","guid":{"rendered":"https:\/\/elzainolagunaelcopin.cl\/home\/?page_id=526"},"modified":"2025-04-07T21:14:43","modified_gmt":"2025-04-08T01:14:43","slug":"laguna-y-cursos-de-agua","status":"publish","type":"page","link":"https:\/\/elzainolagunaelcopin.cl\/index.php\/laguna-y-cursos-de-agua\/","title":{"rendered":"Laguna y cursos de agua"},"content":{"rendered":"\n<style type=\"text\/css\" data-created_by=\"avia_inline_auto\" id=\"style-css-av-m5ue1igy-12e2641f5977b0179ad862e4ef3fe378\">\n.avia-section.av-m5ue1igy-12e2641f5977b0179ad862e4ef3fe378 .av-parallax .av-parallax-inner{\nbackground-repeat:no-repeat;\nbackground-image:url(https:\/\/elzainolagunaelcopin.cl\/home\/wp-content\/uploads\/2025\/01\/destacado_2-2-lagarto.jpg);\nbackground-position:0% 0%;\nbackground-attachment:scroll;\n}\n<\/style>\n<div id='av_section_1'  class='avia-section av-m5ue1igy-12e2641f5977b0179ad862e4ef3fe378 main_color avia-section-default avia-no-border-styling  avia-builder-el-0  el_before_av_one_full  avia-builder-el-first  av-parallax-section avia-bg-style-parallax av-minimum-height av-minimum-height-custom av-height-custom  container_wrap sidebar_right'  data-section-bg-repeat='no-repeat' data-av_minimum_height_px='500'><div class='av-parallax' data-avia-parallax-ratio='0.3' ><div class='av-parallax-inner main_color avia-full-stretch'><\/div><\/div><div class='container av-section-cont-open' style='height:500px'><main  role=\"main\" itemprop=\"mainContentOfPage\"  class='template-page content  av-content-small alpha units'><div class='post-entry post-entry-type-page post-entry-526'><div class='entry-content-wrapper clearfix'><\/div><\/div><\/main><!-- close content main element --><\/div><\/div><div id='after_section_1'  class='main_color av_default_container_wrap container_wrap sidebar_right'  ><div class='container av-section-cont-open' ><div class='template-page content  av-content-small alpha units'><div class='post-entry post-entry-type-page post-entry-526'><div class='entry-content-wrapper clearfix'>\n\n<style type=\"text\/css\" data-created_by=\"avia_inline_auto\" id=\"style-css-av-1h8zy-4fc4d0a5169e5cc3c439359fe4d55f0a\">\n#top .flex_column.av-1h8zy-4fc4d0a5169e5cc3c439359fe4d55f0a{\nmargin-top:20px;\nmargin-bottom:20px;\n}\n.responsive #top #wrap_all .flex_column.av-1h8zy-4fc4d0a5169e5cc3c439359fe4d55f0a{\nmargin-top:20px;\nmargin-bottom:20px;\n}\n<\/style>\n<div  class='flex_column av-1h8zy-4fc4d0a5169e5cc3c439359fe4d55f0a av_one_full  avia-builder-el-1  el_after_av_section  el_before_av_one_full  avia-builder-el-first  first flex_column_div av-animated-generic bottom-to-top  '     ><p>\n<style type=\"text\/css\" data-created_by=\"avia_inline_auto\" id=\"style-css-av-m4kgho8p-b81d95d7fc41cc7a980ea265593d3a08\">\n#top .av-special-heading.av-m4kgho8p-b81d95d7fc41cc7a980ea265593d3a08{\npadding-bottom:10px;\n}\nbody .av-special-heading.av-m4kgho8p-b81d95d7fc41cc7a980ea265593d3a08 .av-special-heading-tag .heading-char{\nfont-size:25px;\n}\n.av-special-heading.av-m4kgho8p-b81d95d7fc41cc7a980ea265593d3a08 .av-subheading{\nfont-size:15px;\n}\n<\/style>\n<div  class='av-special-heading av-m4kgho8p-b81d95d7fc41cc7a980ea265593d3a08 av-special-heading-h2 blockquote modern-quote modern-centered  avia-builder-el-2  el_before_av_hr  avia-builder-el-first '><h2 class='av-special-heading-tag '  itemprop=\"headline\"  >Laguna El Cop\u00edn y cursos de agua<\/h2><div class=\"special-heading-border\"><div class=\"special-heading-inner-border\"><\/div><\/div><\/div><br \/>\n\n<style type=\"text\/css\" data-created_by=\"avia_inline_auto\" id=\"style-css-av-m4kgjq7v-7cb9013ed881f0e85a851e42bbffd13c\">\n#top .hr.av-m4kgjq7v-7cb9013ed881f0e85a851e42bbffd13c{\nmargin-top:5px;\nmargin-bottom:30px;\n}\n.hr.av-m4kgjq7v-7cb9013ed881f0e85a851e42bbffd13c .hr-inner{\nwidth:50px;\nborder-color:#8aaac1;\n}\n<\/style>\n<div  class='hr av-m4kgjq7v-7cb9013ed881f0e85a851e42bbffd13c hr-custom  avia-builder-el-3  el_after_av_heading  avia-builder-el-last  hr-center hr-icon-no'><span class='hr-inner inner-border-av-border-fat'><span class=\"hr-inner-style\"><\/span><\/span><\/div><\/p><\/div>\n<div  class='flex_column av-bt0hi-942bf95a66004c304dee10b62d9d1f64 av_one_full  avia-builder-el-4  el_after_av_one_full  el_before_av_one_full  first flex_column_div av-animated-generic bottom-to-top  column-top-margin'     ><p><section  class='av_textblock_section av-m4kgn273-db74772033127f2559d94550ee71fcfd '   itemscope=\"itemscope\" itemtype=\"https:\/\/schema.org\/CreativeWork\" ><div class='avia_textblock'  itemprop=\"text\" ><p>La Laguna El Cop\u00edn forma parte de un <strong>sistema h\u00eddrico de cursos de agua, vegas, vertientes y esteros<\/strong> que bajan de los Andes y son las reservas de agua que permiten que exista el valle agr\u00edcola.<\/p>\n<p>Este sistema es a la vez el soporte de <strong>fr\u00e1giles ecosistemas<\/strong> que son el refugio para la vida silvestre en la regi\u00f3n. Una flora y fauna que ha sido investigada con las comunidades locales y en particular a trav\u00e9s de hermosas experiencias de <strong>Educaci\u00f3n Ambiental<\/strong> con los ni\u00f1os y ni\u00f1as de la Escuela de Jahuelito. Como son el libro de cuentos <strong><a href=\"https:\/\/elzainolagunaelcopin.cl\/home\/wp-content\/uploads\/2025\/04\/las-aventuras-del-zorro_compressed.pdf\" target=\"_blank\" rel=\"noopener\">Las aventuras del zorro y otros cuentos<\/a><\/strong>\u00a0 y el proyecto <strong><a href=\"https:\/\/elzainolagunaelcopin.cl\/home\/wp-content\/uploads\/2025\/04\/tini-2021_compressed.pdf\" target=\"_blank\" rel=\"noopener\">Tini tierra de ni\u00f1os<\/a><\/strong>.<\/p>\n<\/div><\/section><br \/>\n\n<style type=\"text\/css\" data-created_by=\"avia_inline_auto\" id=\"style-css-av-m5u92h64-783ebe05fd5fc4a021375635124b6527\">\n#top .hr.hr-invisible.av-m5u92h64-783ebe05fd5fc4a021375635124b6527{\nheight:70px;\n}\n<\/style>\n<div  class='hr av-m5u92h64-783ebe05fd5fc4a021375635124b6527 hr-invisible  avia-builder-el-6  el_after_av_textblock  avia-builder-el-last '><span class='hr-inner '><span class=\"hr-inner-style\"><\/span><\/span><\/div><\/p><\/div><div  class='flex_column av-7qn72-52c8c7314354f0fa0a655ed8f4297ed6 av_one_full  avia-builder-el-7  el_after_av_one_full  avia-builder-el-last  first flex_column_div  column-top-margin'     ><div id='av-masonry-1' class='av-masonry av-m5v1zedg-0d790477dd6fe1e3517bad3f1969ede6 noHover av-flex-size av-large-gap av-hover-overlay-active av-masonry-animation-active av-masonry-col-flexible av-caption-always av-caption-style- av-masonry-gallery ' data-post_id=\"526\"><div class=\"av-masonry-container isotope av-js-disabled\"><div class='av-masonry-entry isotope-item av-masonry-item-no-image '><\/div><a href=\"https:\/\/elzainolagunaelcopin.cl\/home\/wp-content\/uploads\/2025\/01\/2-2-capachito-1030x773.jpg\" data-srcset=\"https:\/\/elzainolagunaelcopin.cl\/home\/wp-content\/uploads\/2025\/01\/2-2-capachito-1030x773.jpg 1030w, https:\/\/elzainolagunaelcopin.cl\/home\/wp-content\/uploads\/2025\/01\/2-2-capachito-300x225.jpg 300w, https:\/\/elzainolagunaelcopin.cl\/home\/wp-content\/uploads\/2025\/01\/2-2-capachito-768x576.jpg 768w, https:\/\/elzainolagunaelcopin.cl\/home\/wp-content\/uploads\/2025\/01\/2-2-capachito-705x529.jpg 705w, https:\/\/elzainolagunaelcopin.cl\/home\/wp-content\/uploads\/2025\/01\/2-2-capachito.jpg 1280w\" data-sizes=\"(max-width: 1030px) 100vw, 1030px\"  aria-label=\"image Capachito \u00a9J.Lopez\"  id='av-masonry-1-item-529' data-av-masonry-item='529' class='av-masonry-entry isotope-item post-529 attachment type-attachment status-inherit hentry  av-masonry-item-with-image' title=\"Capachito \u00a9J.Lopez\" alt=\"Capachito \u00a9J.Lopez\"    itemprop=\"thumbnailUrl\" ><div class='av-inner-masonry-sizer'><\/div><figure class='av-inner-masonry main_color'><div class=\"av-masonry-outerimage-container\"><div class='av-masonry-image-container'  ><img decoding=\"async\" width=\"1030\" height=\"773\" fetchpriority=\"high\" class=\"wp-image-529 avia-img-lazy-loading-not-529\"  src=\"https:\/\/elzainolagunaelcopin.cl\/home\/wp-content\/uploads\/2025\/01\/2-2-capachito-1030x773.jpg\" title=\"Capachito \u00a9J.Lopez\" alt=\"Capachito \u00a9J.Lopez\" srcset=\"https:\/\/elzainolagunaelcopin.cl\/home\/wp-content\/uploads\/2025\/01\/2-2-capachito-1030x773.jpg 1030w, https:\/\/elzainolagunaelcopin.cl\/home\/wp-content\/uploads\/2025\/01\/2-2-capachito-300x225.jpg 300w, https:\/\/elzainolagunaelcopin.cl\/home\/wp-content\/uploads\/2025\/01\/2-2-capachito-768x576.jpg 768w, https:\/\/elzainolagunaelcopin.cl\/home\/wp-content\/uploads\/2025\/01\/2-2-capachito-705x529.jpg 705w, https:\/\/elzainolagunaelcopin.cl\/home\/wp-content\/uploads\/2025\/01\/2-2-capachito.jpg 1280w\" sizes=\"(max-width: 1030px) 100vw, 1030px\" \/><\/div><\/div><\/figure><\/a><!--end av-masonry entry--><a href=\"https:\/\/elzainolagunaelcopin.cl\/home\/wp-content\/uploads\/2025\/01\/2-2-lagarto-1030x686.jpg\" data-srcset=\"https:\/\/elzainolagunaelcopin.cl\/home\/wp-content\/uploads\/2025\/01\/2-2-lagarto-1030x686.jpg 1030w, https:\/\/elzainolagunaelcopin.cl\/home\/wp-content\/uploads\/2025\/01\/2-2-lagarto-300x200.jpg 300w, https:\/\/elzainolagunaelcopin.cl\/home\/wp-content\/uploads\/2025\/01\/2-2-lagarto-768x512.jpg 768w, https:\/\/elzainolagunaelcopin.cl\/home\/wp-content\/uploads\/2025\/01\/2-2-lagarto-705x470.jpg 705w, https:\/\/elzainolagunaelcopin.cl\/home\/wp-content\/uploads\/2025\/01\/2-2-lagarto.jpg 1280w\" data-sizes=\"(max-width: 1030px) 100vw, 1030px\"  aria-label=\"image Lagarto Matuasto \u00a9J.Lopez\"  id='av-masonry-1-item-530' data-av-masonry-item='530' class='av-masonry-entry isotope-item post-530 attachment type-attachment status-inherit hentry  av-masonry-item-with-image' title=\"Lagarto Matuasto \u00a9J.Lopez\" alt=\"Lagarto Matuasto \u00a9J.Lopez\"    itemprop=\"thumbnailUrl\" ><div class='av-inner-masonry-sizer'><\/div><figure class='av-inner-masonry main_color'><div class=\"av-masonry-outerimage-container\"><div class='av-masonry-image-container'  ><img decoding=\"async\" width=\"1030\" height=\"686\" fetchpriority=\"high\" class=\"wp-image-530 avia-img-lazy-loading-not-530\"  src=\"https:\/\/elzainolagunaelcopin.cl\/home\/wp-content\/uploads\/2025\/01\/2-2-lagarto-1030x686.jpg\" title=\"Lagarto Matuasto \u00a9J.Lopez\" alt=\"Lagarto Matuasto \u00a9J.Lopez\" srcset=\"https:\/\/elzainolagunaelcopin.cl\/home\/wp-content\/uploads\/2025\/01\/2-2-lagarto-1030x686.jpg 1030w, https:\/\/elzainolagunaelcopin.cl\/home\/wp-content\/uploads\/2025\/01\/2-2-lagarto-300x200.jpg 300w, https:\/\/elzainolagunaelcopin.cl\/home\/wp-content\/uploads\/2025\/01\/2-2-lagarto-768x512.jpg 768w, https:\/\/elzainolagunaelcopin.cl\/home\/wp-content\/uploads\/2025\/01\/2-2-lagarto-705x470.jpg 705w, https:\/\/elzainolagunaelcopin.cl\/home\/wp-content\/uploads\/2025\/01\/2-2-lagarto.jpg 1280w\" sizes=\"(max-width: 1030px) 100vw, 1030px\" \/><\/div><\/div><\/figure><\/a><!--end av-masonry entry--><a href=\"https:\/\/elzainolagunaelcopin.cl\/home\/wp-content\/uploads\/2025\/01\/2-2-laguna-copin-nevado-agioato-2005-1030x773.jpg\" data-srcset=\"https:\/\/elzainolagunaelcopin.cl\/home\/wp-content\/uploads\/2025\/01\/2-2-laguna-copin-nevado-agioato-2005-1030x773.jpg 1030w, https:\/\/elzainolagunaelcopin.cl\/home\/wp-content\/uploads\/2025\/01\/2-2-laguna-copin-nevado-agioato-2005-300x225.jpg 300w, https:\/\/elzainolagunaelcopin.cl\/home\/wp-content\/uploads\/2025\/01\/2-2-laguna-copin-nevado-agioato-2005-768x576.jpg 768w, https:\/\/elzainolagunaelcopin.cl\/home\/wp-content\/uploads\/2025\/01\/2-2-laguna-copin-nevado-agioato-2005-705x529.jpg 705w, https:\/\/elzainolagunaelcopin.cl\/home\/wp-content\/uploads\/2025\/01\/2-2-laguna-copin-nevado-agioato-2005.jpg 1280w\" data-sizes=\"(max-width: 1030px) 100vw, 1030px\"  aria-label=\"image Laguna Cop\u00edn Nevado Agosto 2005\"  id='av-masonry-1-item-531' data-av-masonry-item='531' class='av-masonry-entry isotope-item post-531 attachment type-attachment status-inherit hentry  av-masonry-item-with-image' title=\"Laguna Cop\u00edn Nevado Agosto 2005\" alt=\"Laguna Cop\u00edn Nevado Agosto 2005\"    itemprop=\"thumbnailUrl\" ><div class='av-inner-masonry-sizer'><\/div><figure class='av-inner-masonry main_color'><div class=\"av-masonry-outerimage-container\"><div class='av-masonry-image-container'  ><img decoding=\"async\" width=\"1030\" height=\"773\" fetchpriority=\"high\" class=\"wp-image-531 avia-img-lazy-loading-not-531\"  src=\"https:\/\/elzainolagunaelcopin.cl\/home\/wp-content\/uploads\/2025\/01\/2-2-laguna-copin-nevado-agioato-2005-1030x773.jpg\" title=\"Laguna Cop\u00edn Nevado Agosto 2005\" alt=\"Laguna Cop\u00edn Nevado Agosto 2005\" srcset=\"https:\/\/elzainolagunaelcopin.cl\/home\/wp-content\/uploads\/2025\/01\/2-2-laguna-copin-nevado-agioato-2005-1030x773.jpg 1030w, https:\/\/elzainolagunaelcopin.cl\/home\/wp-content\/uploads\/2025\/01\/2-2-laguna-copin-nevado-agioato-2005-300x225.jpg 300w, https:\/\/elzainolagunaelcopin.cl\/home\/wp-content\/uploads\/2025\/01\/2-2-laguna-copin-nevado-agioato-2005-768x576.jpg 768w, https:\/\/elzainolagunaelcopin.cl\/home\/wp-content\/uploads\/2025\/01\/2-2-laguna-copin-nevado-agioato-2005-705x529.jpg 705w, https:\/\/elzainolagunaelcopin.cl\/home\/wp-content\/uploads\/2025\/01\/2-2-laguna-copin-nevado-agioato-2005.jpg 1280w\" sizes=\"(max-width: 1030px) 100vw, 1030px\" \/><\/div><\/div><\/figure><\/a><!--end av-masonry entry--><a href=\"https:\/\/elzainolagunaelcopin.cl\/home\/wp-content\/uploads\/2025\/01\/2-2-valle-con-agua-1030x686.jpg\" data-srcset=\"https:\/\/elzainolagunaelcopin.cl\/home\/wp-content\/uploads\/2025\/01\/2-2-valle-con-agua-1030x686.jpg 1030w, https:\/\/elzainolagunaelcopin.cl\/home\/wp-content\/uploads\/2025\/01\/2-2-valle-con-agua-300x200.jpg 300w, https:\/\/elzainolagunaelcopin.cl\/home\/wp-content\/uploads\/2025\/01\/2-2-valle-con-agua-768x512.jpg 768w, https:\/\/elzainolagunaelcopin.cl\/home\/wp-content\/uploads\/2025\/01\/2-2-valle-con-agua-705x470.jpg 705w, https:\/\/elzainolagunaelcopin.cl\/home\/wp-content\/uploads\/2025\/01\/2-2-valle-con-agua.jpg 1280w\" data-sizes=\"(max-width: 1030px) 100vw, 1030px\"  aria-label=\"image Valle con agua. Jahuelito y Santa Filomena \u00a9J.Lopez\"  id='av-masonry-1-item-532' data-av-masonry-item='532' class='av-masonry-entry isotope-item post-532 attachment type-attachment status-inherit hentry  av-masonry-item-with-image' title=\"Valle con agua. Jahuelito y Santa Filomena \u00a9J.Lopez\" alt=\"Valle con agua. Jahuelito y Santa Filomena \u00a9J.Lopez\"    itemprop=\"thumbnailUrl\" ><div class='av-inner-masonry-sizer'><\/div><figure class='av-inner-masonry main_color'><div class=\"av-masonry-outerimage-container\"><div class='av-masonry-image-container'  ><img decoding=\"async\" width=\"1030\" height=\"686\" fetchpriority=\"high\" class=\"wp-image-532 avia-img-lazy-loading-not-532\"  src=\"https:\/\/elzainolagunaelcopin.cl\/home\/wp-content\/uploads\/2025\/01\/2-2-valle-con-agua-1030x686.jpg\" title=\"Valle con agua. Jahuelito y Santa Filomena \u00a9J.Lopez\" alt=\"Valle con agua. Jahuelito y Santa Filomena \u00a9J.Lopez\" srcset=\"https:\/\/elzainolagunaelcopin.cl\/home\/wp-content\/uploads\/2025\/01\/2-2-valle-con-agua-1030x686.jpg 1030w, https:\/\/elzainolagunaelcopin.cl\/home\/wp-content\/uploads\/2025\/01\/2-2-valle-con-agua-300x200.jpg 300w, https:\/\/elzainolagunaelcopin.cl\/home\/wp-content\/uploads\/2025\/01\/2-2-valle-con-agua-768x512.jpg 768w, https:\/\/elzainolagunaelcopin.cl\/home\/wp-content\/uploads\/2025\/01\/2-2-valle-con-agua-705x470.jpg 705w, https:\/\/elzainolagunaelcopin.cl\/home\/wp-content\/uploads\/2025\/01\/2-2-valle-con-agua.jpg 1280w\" sizes=\"(max-width: 1030px) 100vw, 1030px\" \/><\/div><\/div><\/figure><\/a><!--end av-masonry entry--><a href=\"https:\/\/elzainolagunaelcopin.cl\/home\/wp-content\/uploads\/2025\/01\/2-2-vega-1030x686.jpg\" data-srcset=\"https:\/\/elzainolagunaelcopin.cl\/home\/wp-content\/uploads\/2025\/01\/2-2-vega-1030x686.jpg 1030w, https:\/\/elzainolagunaelcopin.cl\/home\/wp-content\/uploads\/2025\/01\/2-2-vega-300x200.jpg 300w, https:\/\/elzainolagunaelcopin.cl\/home\/wp-content\/uploads\/2025\/01\/2-2-vega-768x512.jpg 768w, https:\/\/elzainolagunaelcopin.cl\/home\/wp-content\/uploads\/2025\/01\/2-2-vega-705x470.jpg 705w, https:\/\/elzainolagunaelcopin.cl\/home\/wp-content\/uploads\/2025\/01\/2-2-vega.jpg 1280w\" data-sizes=\"(max-width: 1030px) 100vw, 1030px\"  aria-label=\"image Las vegas \u00a9J.Lopez\"  id='av-masonry-1-item-533' data-av-masonry-item='533' class='av-masonry-entry isotope-item post-533 attachment type-attachment status-inherit hentry  av-masonry-item-with-image' title=\"Las vegas \u00a9J.Lopez\" alt=\"Las vegas \u00a9J.Lopez\"    itemprop=\"thumbnailUrl\" ><div class='av-inner-masonry-sizer'><\/div><figure class='av-inner-masonry main_color'><div class=\"av-masonry-outerimage-container\"><div class='av-masonry-image-container'  ><img decoding=\"async\" width=\"1030\" height=\"686\" fetchpriority=\"high\" class=\"wp-image-533 avia-img-lazy-loading-not-533\"  src=\"https:\/\/elzainolagunaelcopin.cl\/home\/wp-content\/uploads\/2025\/01\/2-2-vega-1030x686.jpg\" title=\"Las vegas \u00a9J.Lopez\" alt=\"Las vegas \u00a9J.Lopez\" srcset=\"https:\/\/elzainolagunaelcopin.cl\/home\/wp-content\/uploads\/2025\/01\/2-2-vega-1030x686.jpg 1030w, https:\/\/elzainolagunaelcopin.cl\/home\/wp-content\/uploads\/2025\/01\/2-2-vega-300x200.jpg 300w, https:\/\/elzainolagunaelcopin.cl\/home\/wp-content\/uploads\/2025\/01\/2-2-vega-768x512.jpg 768w, https:\/\/elzainolagunaelcopin.cl\/home\/wp-content\/uploads\/2025\/01\/2-2-vega-705x470.jpg 705w, https:\/\/elzainolagunaelcopin.cl\/home\/wp-content\/uploads\/2025\/01\/2-2-vega.jpg 1280w\" sizes=\"(max-width: 1030px) 100vw, 1030px\" \/><\/div><\/div><\/figure><\/a><!--end av-masonry entry--><\/div><\/div><\/div><\/p>\n","protected":false},"excerpt":{"rendered":"","protected":false},"author":1,"featured_media":0,"parent":0,"menu_order":0,"comment_status":"closed","ping_status":"closed","template":"","meta":{"footnotes":""},"class_list":["post-526","page","type-page","status-publish","hentry"],"yoast_head":"<!-- This site is optimized with the Yoast SEO plugin v26.2 - https:\/\/yoast.com\/wordpress\/plugins\/seo\/ -->\n<title>Laguna y cursos de agua - El Zaino Laguna El Cop\u00edn<\/title>\n<meta name=\"robots\" content=\"index, follow, max-snippet:-1, max-image-preview:large, max-video-preview:-1\" \/>\n<link rel=\"canonical\" href=\"https:\/\/elzainolagunaelcopin.cl\/index.php\/laguna-y-cursos-de-agua\/\" \/>\n<meta property=\"og:locale\" content=\"es_ES\" \/>\n<meta property=\"og:type\" content=\"article\" \/>\n<meta property=\"og:title\" content=\"Laguna y cursos de agua - El Zaino Laguna El Cop\u00edn\" \/>\n<meta property=\"og:url\" content=\"https:\/\/elzainolagunaelcopin.cl\/index.php\/laguna-y-cursos-de-agua\/\" \/>\n<meta property=\"og:site_name\" content=\"El Zaino Laguna El Cop\u00edn\" \/>\n<meta property=\"article:modified_time\" content=\"2025-04-08T01:14:43+00:00\" \/>\n<meta name=\"twitter:card\" content=\"summary_large_image\" \/>\n<meta name=\"twitter:label1\" content=\"Tiempo de lectura\" \/>\n\t<meta name=\"twitter:data1\" content=\"12 minutos\" \/>\n<script type=\"application\/ld+json\" class=\"yoast-schema-graph\">{\"@context\":\"https:\/\/schema.org\",\"@graph\":[{\"@type\":\"WebPage\",\"@id\":\"https:\/\/elzainolagunaelcopin.cl\/index.php\/laguna-y-cursos-de-agua\/\",\"url\":\"https:\/\/elzainolagunaelcopin.cl\/index.php\/laguna-y-cursos-de-agua\/\",\"name\":\"Laguna y cursos de agua - El Zaino Laguna El Cop\u00edn\",\"isPartOf\":{\"@id\":\"https:\/\/elzainolagunaelcopin.cl\/#website\"},\"datePublished\":\"2025-01-13T17:28:27+00:00\",\"dateModified\":\"2025-04-08T01:14:43+00:00\",\"breadcrumb\":{\"@id\":\"https:\/\/elzainolagunaelcopin.cl\/index.php\/laguna-y-cursos-de-agua\/#breadcrumb\"},\"inLanguage\":\"es\",\"potentialAction\":[{\"@type\":\"ReadAction\",\"target\":[\"https:\/\/elzainolagunaelcopin.cl\/index.php\/laguna-y-cursos-de-agua\/\"]}]},{\"@type\":\"BreadcrumbList\",\"@id\":\"https:\/\/elzainolagunaelcopin.cl\/index.php\/laguna-y-cursos-de-agua\/#breadcrumb\",\"itemListElement\":[{\"@type\":\"ListItem\",\"position\":1,\"name\":\"Portada\",\"item\":\"https:\/\/elzainolagunaelcopin.cl\/index.php\/home\/\"},{\"@type\":\"ListItem\",\"position\":2,\"name\":\"Laguna y cursos de agua\"}]},{\"@type\":\"WebSite\",\"@id\":\"https:\/\/elzainolagunaelcopin.cl\/#website\",\"url\":\"https:\/\/elzainolagunaelcopin.cl\/\",\"name\":\"El Zaino Laguna El Cop\u00edn\",\"description\":\"\",\"publisher\":{\"@id\":\"https:\/\/elzainolagunaelcopin.cl\/#organization\"},\"potentialAction\":[{\"@type\":\"SearchAction\",\"target\":{\"@type\":\"EntryPoint\",\"urlTemplate\":\"https:\/\/elzainolagunaelcopin.cl\/?s={search_term_string}\"},\"query-input\":{\"@type\":\"PropertyValueSpecification\",\"valueRequired\":true,\"valueName\":\"search_term_string\"}}],\"inLanguage\":\"es\"},{\"@type\":\"Organization\",\"@id\":\"https:\/\/elzainolagunaelcopin.cl\/#organization\",\"name\":\"El Zaino Laguna El Cop\u00edn\",\"url\":\"https:\/\/elzainolagunaelcopin.cl\/\",\"logo\":{\"@type\":\"ImageObject\",\"inLanguage\":\"es\",\"@id\":\"https:\/\/elzainolagunaelcopin.cl\/#\/schema\/logo\/image\/\",\"url\":\"https:\/\/elzainolagunaelcopin.cl\/home\/wp-content\/uploads\/2024\/12\/favicon.png\",\"contentUrl\":\"https:\/\/elzainolagunaelcopin.cl\/home\/wp-content\/uploads\/2024\/12\/favicon.png\",\"width\":512,\"height\":512,\"caption\":\"El Zaino Laguna El Cop\u00edn\"},\"image\":{\"@id\":\"https:\/\/elzainolagunaelcopin.cl\/#\/schema\/logo\/image\/\"}}]}<\/script>\n<!-- \/ Yoast SEO plugin. -->","yoast_head_json":{"title":"Laguna y cursos de agua - El Zaino Laguna El Cop\u00edn","robots":{"index":"index","follow":"follow","max-snippet":"max-snippet:-1","max-image-preview":"max-image-preview:large","max-video-preview":"max-video-preview:-1"},"canonical":"https:\/\/elzainolagunaelcopin.cl\/index.php\/laguna-y-cursos-de-agua\/","og_locale":"es_ES","og_type":"article","og_title":"Laguna y cursos de agua - El Zaino Laguna El Cop\u00edn","og_url":"https:\/\/elzainolagunaelcopin.cl\/index.php\/laguna-y-cursos-de-agua\/","og_site_name":"El Zaino Laguna El Cop\u00edn","article_modified_time":"2025-04-08T01:14:43+00:00","twitter_card":"summary_large_image","twitter_misc":{"Tiempo de lectura":"12 minutos"},"schema":{"@context":"https:\/\/schema.org","@graph":[{"@type":"WebPage","@id":"https:\/\/elzainolagunaelcopin.cl\/index.php\/laguna-y-cursos-de-agua\/","url":"https:\/\/elzainolagunaelcopin.cl\/index.php\/laguna-y-cursos-de-agua\/","name":"Laguna y cursos de agua - El Zaino Laguna El Cop\u00edn","isPartOf":{"@id":"https:\/\/elzainolagunaelcopin.cl\/#website"},"datePublished":"2025-01-13T17:28:27+00:00","dateModified":"2025-04-08T01:14:43+00:00","breadcrumb":{"@id":"https:\/\/elzainolagunaelcopin.cl\/index.php\/laguna-y-cursos-de-agua\/#breadcrumb"},"inLanguage":"es","potentialAction":[{"@type":"ReadAction","target":["https:\/\/elzainolagunaelcopin.cl\/index.php\/laguna-y-cursos-de-agua\/"]}]},{"@type":"BreadcrumbList","@id":"https:\/\/elzainolagunaelcopin.cl\/index.php\/laguna-y-cursos-de-agua\/#breadcrumb","itemListElement":[{"@type":"ListItem","position":1,"name":"Portada","item":"https:\/\/elzainolagunaelcopin.cl\/index.php\/home\/"},{"@type":"ListItem","position":2,"name":"Laguna y cursos de agua"}]},{"@type":"WebSite","@id":"https:\/\/elzainolagunaelcopin.cl\/#website","url":"https:\/\/elzainolagunaelcopin.cl\/","name":"El Zaino Laguna El Cop\u00edn","description":"","publisher":{"@id":"https:\/\/elzainolagunaelcopin.cl\/#organization"},"potentialAction":[{"@type":"SearchAction","target":{"@type":"EntryPoint","urlTemplate":"https:\/\/elzainolagunaelcopin.cl\/?s={search_term_string}"},"query-input":{"@type":"PropertyValueSpecification","valueRequired":true,"valueName":"search_term_string"}}],"inLanguage":"es"},{"@type":"Organization","@id":"https:\/\/elzainolagunaelcopin.cl\/#organization","name":"El Zaino Laguna El Cop\u00edn","url":"https:\/\/elzainolagunaelcopin.cl\/","logo":{"@type":"ImageObject","inLanguage":"es","@id":"https:\/\/elzainolagunaelcopin.cl\/#\/schema\/logo\/image\/","url":"https:\/\/elzainolagunaelcopin.cl\/home\/wp-content\/uploads\/2024\/12\/favicon.png","contentUrl":"https:\/\/elzainolagunaelcopin.cl\/home\/wp-content\/uploads\/2024\/12\/favicon.png","width":512,"height":512,"caption":"El Zaino Laguna El Cop\u00edn"},"image":{"@id":"https:\/\/elzainolagunaelcopin.cl\/#\/schema\/logo\/image\/"}}]}},"_links":{"self":[{"href":"https:\/\/elzainolagunaelcopin.cl\/index.php\/wp-json\/wp\/v2\/pages\/526","targetHints":{"allow":["GET"]}}],"collection":[{"href":"https:\/\/elzainolagunaelcopin.cl\/index.php\/wp-json\/wp\/v2\/pages"}],"about":[{"href":"https:\/\/elzainolagunaelcopin.cl\/index.php\/wp-json\/wp\/v2\/types\/page"}],"author":[{"embeddable":true,"href":"https:\/\/elzainolagunaelcopin.cl\/index.php\/wp-json\/wp\/v2\/users\/1"}],"replies":[{"embeddable":true,"href":"https:\/\/elzainolagunaelcopin.cl\/index.php\/wp-json\/wp\/v2\/comments?post=526"}],"version-history":[{"count":4,"href":"https:\/\/elzainolagunaelcopin.cl\/index.php\/wp-json\/wp\/v2\/pages\/526\/revisions"}],"predecessor-version":[{"id":739,"href":"https:\/\/elzainolagunaelcopin.cl\/index.php\/wp-json\/wp\/v2\/pages\/526\/revisions\/739"}],"wp:attachment":[{"href":"https:\/\/elzainolagunaelcopin.cl\/index.php\/wp-json\/wp\/v2\/media?parent=526"}],"curies":[{"name":"wp","href":"https:\/\/api.w.org\/{rel}","templated":true}]}}