{"id":538,"date":"2025-01-13T14:51:32","date_gmt":"2025-01-13T17:51:32","guid":{"rendered":"https:\/\/elzainolagunaelcopin.cl\/home\/?page_id=538"},"modified":"2025-04-08T18:42:58","modified_gmt":"2025-04-08T22:42:58","slug":"cultura-de-montanas","status":"publish","type":"page","link":"https:\/\/elzainolagunaelcopin.cl\/index.php\/cultura-de-montanas\/","title":{"rendered":"Cultura de monta\u00f1as"},"content":{"rendered":"\n<style type=\"text\/css\" data-created_by=\"avia_inline_auto\" id=\"style-css-av-m5ue1igy-e619dc77cc3e089ccfb8ba90e47904b8\">\n.avia-section.av-m5ue1igy-e619dc77cc3e089ccfb8ba90e47904b8 .av-parallax .av-parallax-inner{\nbackground-repeat:no-repeat;\nbackground-image:url(https:\/\/elzainolagunaelcopin.cl\/home\/wp-content\/uploads\/2025\/01\/2-3-corrales.jpg);\nbackground-position:0% 0%;\nbackground-attachment:scroll;\n}\n<\/style>\n<div id='av_section_1'  class='avia-section av-m5ue1igy-e619dc77cc3e089ccfb8ba90e47904b8 main_color avia-section-default avia-no-border-styling  avia-builder-el-0  el_before_av_one_full  avia-builder-el-first  av-parallax-section avia-bg-style-parallax av-minimum-height av-minimum-height-custom av-height-custom  container_wrap sidebar_right'  data-section-bg-repeat='no-repeat' data-av_minimum_height_px='500'><div class='av-parallax' data-avia-parallax-ratio='0.3' ><div class='av-parallax-inner main_color avia-full-stretch'><\/div><\/div><div class='container av-section-cont-open' style='height:500px'><main  role=\"main\" itemprop=\"mainContentOfPage\"  class='template-page content  av-content-small alpha units'><div class='post-entry post-entry-type-page post-entry-538'><div class='entry-content-wrapper clearfix'><\/div><\/div><\/main><!-- close content main element --><\/div><\/div><div id='after_section_1'  class='main_color av_default_container_wrap container_wrap sidebar_right'  ><div class='container av-section-cont-open' ><div class='template-page content  av-content-small alpha units'><div class='post-entry post-entry-type-page post-entry-538'><div class='entry-content-wrapper clearfix'>\n\n<style type=\"text\/css\" data-created_by=\"avia_inline_auto\" id=\"style-css-av-1h8zy-4fc4d0a5169e5cc3c439359fe4d55f0a\">\n#top .flex_column.av-1h8zy-4fc4d0a5169e5cc3c439359fe4d55f0a{\nmargin-top:20px;\nmargin-bottom:20px;\n}\n.responsive #top #wrap_all .flex_column.av-1h8zy-4fc4d0a5169e5cc3c439359fe4d55f0a{\nmargin-top:20px;\nmargin-bottom:20px;\n}\n<\/style>\n<div  class='flex_column av-1h8zy-4fc4d0a5169e5cc3c439359fe4d55f0a av_one_full  avia-builder-el-1  el_after_av_section  el_before_av_one_full  avia-builder-el-first  first flex_column_div av-animated-generic bottom-to-top  '     ><p>\n<style type=\"text\/css\" data-created_by=\"avia_inline_auto\" id=\"style-css-av-m4kgho8p-ada4737c90d4d3d0be82c9429ab8c7f5\">\n#top .av-special-heading.av-m4kgho8p-ada4737c90d4d3d0be82c9429ab8c7f5{\npadding-bottom:10px;\n}\nbody .av-special-heading.av-m4kgho8p-ada4737c90d4d3d0be82c9429ab8c7f5 .av-special-heading-tag .heading-char{\nfont-size:25px;\n}\n.av-special-heading.av-m4kgho8p-ada4737c90d4d3d0be82c9429ab8c7f5 .av-subheading{\nfont-size:15px;\n}\n<\/style>\n<div  class='av-special-heading av-m4kgho8p-ada4737c90d4d3d0be82c9429ab8c7f5 av-special-heading-h2 blockquote modern-quote modern-centered  avia-builder-el-2  el_before_av_hr  avia-builder-el-first '><h2 class='av-special-heading-tag '  itemprop=\"headline\"  >Cultura de monta\u00f1as<\/h2><div class=\"special-heading-border\"><div class=\"special-heading-inner-border\"><\/div><\/div><\/div><br \/>\n\n<style type=\"text\/css\" data-created_by=\"avia_inline_auto\" id=\"style-css-av-m4kgjq7v-7cb9013ed881f0e85a851e42bbffd13c\">\n#top .hr.av-m4kgjq7v-7cb9013ed881f0e85a851e42bbffd13c{\nmargin-top:5px;\nmargin-bottom:30px;\n}\n.hr.av-m4kgjq7v-7cb9013ed881f0e85a851e42bbffd13c .hr-inner{\nwidth:50px;\nborder-color:#8aaac1;\n}\n<\/style>\n<div  class='hr av-m4kgjq7v-7cb9013ed881f0e85a851e42bbffd13c hr-custom  avia-builder-el-3  el_after_av_heading  avia-builder-el-last  hr-center hr-icon-no'><span class='hr-inner inner-border-av-border-fat'><span class=\"hr-inner-style\"><\/span><\/span><\/div><\/p><\/div>\n<div  class='flex_column av-bt0hi-942bf95a66004c304dee10b62d9d1f64 av_one_full  avia-builder-el-4  el_after_av_one_full  el_before_av_one_full  first flex_column_div av-animated-generic bottom-to-top  column-top-margin'     ><p><section  class='av_textblock_section av-m4kgn273-db74772033127f2559d94550ee71fcfd '   itemscope=\"itemscope\" itemtype=\"https:\/\/schema.org\/CreativeWork\" ><div class='avia_textblock'  itemprop=\"text\" ><p>El Santuario El Zaino Laguna Cop\u00edn es una rica <strong><a href=\"https:\/\/elzainolagunaelcopin.cl\/home\/wp-content\/uploads\/2025\/04\/estudios-de-la-vida-en-las-montanas-de-aconcagua_compressed.pdf\" target=\"_blank\" rel=\"noopener\">expresi\u00f3n de las culturas de monta\u00f1a de los Andes centrales de Chile<\/a><\/strong> donde distintos grupos nos ense\u00f1an c\u00f3mo se ha habitado el territorio entre el valle, la precordillera y la alta monta\u00f1a. En la parte baja del Santuario, en las mesetas de Jahuel, hay huellas pre-incaicas y rastros de la red de caminos del Inca, ruta que busc\u00f3 recuperar el proyecto Sendero de Chile.<\/p>\n<p>Hitos en este sector son la Piedra de la Tortuga, una enorme roca y mirador del valle y las Piedras Sonadoras, sitio de valor arqueol\u00f3gico y mirador excepcional hacia el valle.<\/p>\n<p>Otro lugar significativo son los Corrales de la Laja, que a\u00fan se usan y son parte de la cultura arriera, donde cada verano, en un trabajo colectivo, se sube el ganado a las \u201cveranadas\u201d, lugares de pastoreo en la alta monta\u00f1a. Estos corrales, junto a otros, se encuentran en el libro <strong><a href=\"https:\/\/elzainolagunaelcopin.cl\/home\/wp-content\/uploads\/2025\/04\/corrales-patrimoniales_ciem-2023_compressed.pdf\" target=\"_blank\" rel=\"noopener\">Corrales Patrimoniales<\/a><\/strong>, estudio de la cultura arriera en la cordillera norte de Aconcagua.<\/p>\n<p>Hoy los arrieros, que son quienes conocen las rutas, las historias, la flora y la fauna, son tambi\u00e9n los gu\u00edas locales.<\/p>\n<\/div><\/section><br \/>\n\n<style type=\"text\/css\" data-created_by=\"avia_inline_auto\" id=\"style-css-av-m5u92h64-783ebe05fd5fc4a021375635124b6527\">\n#top .hr.hr-invisible.av-m5u92h64-783ebe05fd5fc4a021375635124b6527{\nheight:70px;\n}\n<\/style>\n<div  class='hr av-m5u92h64-783ebe05fd5fc4a021375635124b6527 hr-invisible  avia-builder-el-6  el_after_av_textblock  avia-builder-el-last '><span class='hr-inner '><span class=\"hr-inner-style\"><\/span><\/span><\/div><\/p><\/div><div  class='flex_column av-7qn72-52c8c7314354f0fa0a655ed8f4297ed6 av_one_full  avia-builder-el-7  el_after_av_one_full  avia-builder-el-last  first flex_column_div  column-top-margin'     ><div id='av-masonry-1' class='av-masonry av-m5v1zedg-b0d7d56b2e83f529a95a7579fc32c8ae noHover av-flex-size av-large-gap av-hover-overlay-active av-masonry-animation-active av-masonry-col-flexible av-caption-always av-caption-style- av-masonry-gallery ' data-post_id=\"538\"><div class=\"av-masonry-container isotope av-js-disabled\"><div class='av-masonry-entry isotope-item av-masonry-item-no-image '><\/div><a href=\"https:\/\/elzainolagunaelcopin.cl\/home\/wp-content\/uploads\/2025\/01\/2-3-petroglifos-1030x686.jpg\" data-srcset=\"https:\/\/elzainolagunaelcopin.cl\/home\/wp-content\/uploads\/2025\/01\/2-3-petroglifos-1030x686.jpg 1030w, https:\/\/elzainolagunaelcopin.cl\/home\/wp-content\/uploads\/2025\/01\/2-3-petroglifos-300x200.jpg 300w, https:\/\/elzainolagunaelcopin.cl\/home\/wp-content\/uploads\/2025\/01\/2-3-petroglifos-768x512.jpg 768w, https:\/\/elzainolagunaelcopin.cl\/home\/wp-content\/uploads\/2025\/01\/2-3-petroglifos-705x470.jpg 705w, https:\/\/elzainolagunaelcopin.cl\/home\/wp-content\/uploads\/2025\/01\/2-3-petroglifos.jpg 1280w\" data-sizes=\"(max-width: 1030px) 100vw, 1030px\"  aria-label=\"image Petroglifos \u00a9J.Lopez\"  id='av-masonry-1-item-540' data-av-masonry-item='540' class='av-masonry-entry isotope-item post-540 attachment type-attachment status-inherit hentry  av-masonry-item-with-image' title=\"Petroglifos \u00a9J.Lopez\" alt=\"Petroglifos \u00a9J.Lopez\"    itemprop=\"thumbnailUrl\" ><div class='av-inner-masonry-sizer'><\/div><figure class='av-inner-masonry main_color'><div class=\"av-masonry-outerimage-container\"><div class='av-masonry-image-container'  ><img decoding=\"async\" width=\"1030\" height=\"686\" fetchpriority=\"high\" class=\"wp-image-540 avia-img-lazy-loading-not-540\"  src=\"https:\/\/elzainolagunaelcopin.cl\/home\/wp-content\/uploads\/2025\/01\/2-3-petroglifos-1030x686.jpg\" title=\"Petroglifos \u00a9J.Lopez\" alt=\"Petroglifos \u00a9J.Lopez\" srcset=\"https:\/\/elzainolagunaelcopin.cl\/home\/wp-content\/uploads\/2025\/01\/2-3-petroglifos-1030x686.jpg 1030w, https:\/\/elzainolagunaelcopin.cl\/home\/wp-content\/uploads\/2025\/01\/2-3-petroglifos-300x200.jpg 300w, https:\/\/elzainolagunaelcopin.cl\/home\/wp-content\/uploads\/2025\/01\/2-3-petroglifos-768x512.jpg 768w, https:\/\/elzainolagunaelcopin.cl\/home\/wp-content\/uploads\/2025\/01\/2-3-petroglifos-705x470.jpg 705w, https:\/\/elzainolagunaelcopin.cl\/home\/wp-content\/uploads\/2025\/01\/2-3-petroglifos.jpg 1280w\" sizes=\"(max-width: 1030px) 100vw, 1030px\" \/><\/div><\/div><\/figure><\/a><!--end av-masonry entry--><a href=\"https:\/\/elzainolagunaelcopin.cl\/home\/wp-content\/uploads\/2025\/01\/2-3-corrales-1030x686.jpg\" data-srcset=\"https:\/\/elzainolagunaelcopin.cl\/home\/wp-content\/uploads\/2025\/01\/2-3-corrales-1030x686.jpg 1030w, https:\/\/elzainolagunaelcopin.cl\/home\/wp-content\/uploads\/2025\/01\/2-3-corrales-300x200.jpg 300w, https:\/\/elzainolagunaelcopin.cl\/home\/wp-content\/uploads\/2025\/01\/2-3-corrales-768x512.jpg 768w, https:\/\/elzainolagunaelcopin.cl\/home\/wp-content\/uploads\/2025\/01\/2-3-corrales-705x470.jpg 705w, https:\/\/elzainolagunaelcopin.cl\/home\/wp-content\/uploads\/2025\/01\/2-3-corrales.jpg 1280w\" data-sizes=\"(max-width: 1030px) 100vw, 1030px\"  aria-label=\"image Corrales de La Laja \u00a9J.Lopez\"  id='av-masonry-1-item-539' data-av-masonry-item='539' class='av-masonry-entry isotope-item post-539 attachment type-attachment status-inherit hentry  av-masonry-item-with-image' title=\"Corrales de La Laja \u00a9J.Lopez\" alt=\"Corrales de La Laja \u00a9J.Lopez\"    itemprop=\"thumbnailUrl\" ><div class='av-inner-masonry-sizer'><\/div><figure class='av-inner-masonry main_color'><div class=\"av-masonry-outerimage-container\"><div class='av-masonry-image-container'  ><img decoding=\"async\" width=\"1030\" height=\"686\" fetchpriority=\"high\" class=\"wp-image-539 avia-img-lazy-loading-not-539\"  src=\"https:\/\/elzainolagunaelcopin.cl\/home\/wp-content\/uploads\/2025\/01\/2-3-corrales-1030x686.jpg\" title=\"Corrales de La Laja \u00a9J.Lopez\" alt=\"Corrales de La Laja \u00a9J.Lopez\" srcset=\"https:\/\/elzainolagunaelcopin.cl\/home\/wp-content\/uploads\/2025\/01\/2-3-corrales-1030x686.jpg 1030w, https:\/\/elzainolagunaelcopin.cl\/home\/wp-content\/uploads\/2025\/01\/2-3-corrales-300x200.jpg 300w, https:\/\/elzainolagunaelcopin.cl\/home\/wp-content\/uploads\/2025\/01\/2-3-corrales-768x512.jpg 768w, https:\/\/elzainolagunaelcopin.cl\/home\/wp-content\/uploads\/2025\/01\/2-3-corrales-705x470.jpg 705w, https:\/\/elzainolagunaelcopin.cl\/home\/wp-content\/uploads\/2025\/01\/2-3-corrales.jpg 1280w\" sizes=\"(max-width: 1030px) 100vw, 1030px\" \/><\/div><\/div><\/figure><\/a><!--end av-masonry entry--><a href=\"https:\/\/elzainolagunaelcopin.cl\/home\/wp-content\/uploads\/2025\/01\/01-Foto-vista-laguna-El-Copin-1030x661.jpg\" data-srcset=\"https:\/\/elzainolagunaelcopin.cl\/home\/wp-content\/uploads\/2025\/01\/01-Foto-vista-laguna-El-Copin-1030x661.jpg 1030w, https:\/\/elzainolagunaelcopin.cl\/home\/wp-content\/uploads\/2025\/01\/01-Foto-vista-laguna-El-Copin-300x192.jpg 300w, https:\/\/elzainolagunaelcopin.cl\/home\/wp-content\/uploads\/2025\/01\/01-Foto-vista-laguna-El-Copin-768x493.jpg 768w, https:\/\/elzainolagunaelcopin.cl\/home\/wp-content\/uploads\/2025\/01\/01-Foto-vista-laguna-El-Copin-705x452.jpg 705w, https:\/\/elzainolagunaelcopin.cl\/home\/wp-content\/uploads\/2025\/01\/01-Foto-vista-laguna-El-Copin.jpg 1280w\" data-sizes=\"(max-width: 1030px) 100vw, 1030px\"  aria-label=\"image Cabalgata con arrieros a la Laguna El Cop\u00edn\"  id='av-masonry-1-item-487' data-av-masonry-item='487' class='av-masonry-entry isotope-item post-487 attachment type-attachment status-inherit hentry  av-masonry-item-with-image' title=\"Cabalgata con arrieros a la Laguna El Cop\u00edn\" alt=\"Cabalgata con arrieros a la Laguna El Cop\u00edn\"    itemprop=\"thumbnailUrl\" ><div class='av-inner-masonry-sizer'><\/div><figure class='av-inner-masonry main_color'><div class=\"av-masonry-outerimage-container\"><div class='av-masonry-image-container'  ><img decoding=\"async\" width=\"1030\" height=\"661\" fetchpriority=\"high\" class=\"wp-image-487 avia-img-lazy-loading-not-487\"  src=\"https:\/\/elzainolagunaelcopin.cl\/home\/wp-content\/uploads\/2025\/01\/01-Foto-vista-laguna-El-Copin-1030x661.jpg\" title=\"Cabalgata con arrieros a la Laguna El Cop\u00edn\" alt=\"Cabalgata con arrieros a la Laguna El Cop\u00edn\" srcset=\"https:\/\/elzainolagunaelcopin.cl\/home\/wp-content\/uploads\/2025\/01\/01-Foto-vista-laguna-El-Copin-1030x661.jpg 1030w, https:\/\/elzainolagunaelcopin.cl\/home\/wp-content\/uploads\/2025\/01\/01-Foto-vista-laguna-El-Copin-300x192.jpg 300w, https:\/\/elzainolagunaelcopin.cl\/home\/wp-content\/uploads\/2025\/01\/01-Foto-vista-laguna-El-Copin-768x493.jpg 768w, https:\/\/elzainolagunaelcopin.cl\/home\/wp-content\/uploads\/2025\/01\/01-Foto-vista-laguna-El-Copin-705x452.jpg 705w, https:\/\/elzainolagunaelcopin.cl\/home\/wp-content\/uploads\/2025\/01\/01-Foto-vista-laguna-El-Copin.jpg 1280w\" sizes=\"(max-width: 1030px) 100vw, 1030px\" \/><\/div><\/div><\/figure><\/a><!--end av-masonry entry--><a href=\"https:\/\/elzainolagunaelcopin.cl\/home\/wp-content\/uploads\/2025\/01\/TiNi-2021-23-1030x749.jpg\" data-srcset=\"https:\/\/elzainolagunaelcopin.cl\/home\/wp-content\/uploads\/2025\/01\/TiNi-2021-23-1030x749.jpg 1030w, https:\/\/elzainolagunaelcopin.cl\/home\/wp-content\/uploads\/2025\/01\/TiNi-2021-23-300x218.jpg 300w, https:\/\/elzainolagunaelcopin.cl\/home\/wp-content\/uploads\/2025\/01\/TiNi-2021-23-768x559.jpg 768w, https:\/\/elzainolagunaelcopin.cl\/home\/wp-content\/uploads\/2025\/01\/TiNi-2021-23-705x513.jpg 705w, https:\/\/elzainolagunaelcopin.cl\/home\/wp-content\/uploads\/2025\/01\/TiNi-2021-23.jpg 1280w\" data-sizes=\"(max-width: 1030px) 100vw, 1030px\"  aria-label=\"image Arreo a la cordillera \u00a9G.Sabaj\"  id='av-masonry-1-item-541' data-av-masonry-item='541' class='av-masonry-entry isotope-item post-541 attachment type-attachment status-inherit hentry  av-masonry-item-with-image' title=\"Arreo a la cordillera \u00a9G.Sabaj\" alt=\"Arreo a la cordillera \u00a9G.Sabaj\"    itemprop=\"thumbnailUrl\" ><div class='av-inner-masonry-sizer'><\/div><figure class='av-inner-masonry main_color'><div class=\"av-masonry-outerimage-container\"><div class='av-masonry-image-container'  ><img decoding=\"async\" width=\"1030\" height=\"749\" fetchpriority=\"high\" class=\"wp-image-541 avia-img-lazy-loading-not-541\"  src=\"https:\/\/elzainolagunaelcopin.cl\/home\/wp-content\/uploads\/2025\/01\/TiNi-2021-23-1030x749.jpg\" title=\"Arreo a la cordillera \u00a9G.Sabaj\" alt=\"Arreo a la cordillera \u00a9G.Sabaj\" srcset=\"https:\/\/elzainolagunaelcopin.cl\/home\/wp-content\/uploads\/2025\/01\/TiNi-2021-23-1030x749.jpg 1030w, https:\/\/elzainolagunaelcopin.cl\/home\/wp-content\/uploads\/2025\/01\/TiNi-2021-23-300x218.jpg 300w, https:\/\/elzainolagunaelcopin.cl\/home\/wp-content\/uploads\/2025\/01\/TiNi-2021-23-768x559.jpg 768w, https:\/\/elzainolagunaelcopin.cl\/home\/wp-content\/uploads\/2025\/01\/TiNi-2021-23-705x513.jpg 705w, https:\/\/elzainolagunaelcopin.cl\/home\/wp-content\/uploads\/2025\/01\/TiNi-2021-23.jpg 1280w\" sizes=\"(max-width: 1030px) 100vw, 1030px\" \/><\/div><\/div><\/figure><\/a><!--end av-masonry entry--><\/div><\/div><\/div><\/p>\n","protected":false},"excerpt":{"rendered":"","protected":false},"author":1,"featured_media":0,"parent":0,"menu_order":0,"comment_status":"closed","ping_status":"closed","template":"","meta":{"footnotes":""},"class_list":["post-538","page","type-page","status-publish","hentry"],"yoast_head":"<!-- This site is optimized with the Yoast SEO plugin v26.2 - https:\/\/yoast.com\/wordpress\/plugins\/seo\/ -->\n<title>Cultura de monta\u00f1as - El Zaino Laguna El Cop\u00edn<\/title>\n<meta name=\"robots\" content=\"index, follow, max-snippet:-1, max-image-preview:large, max-video-preview:-1\" \/>\n<link rel=\"canonical\" href=\"https:\/\/elzainolagunaelcopin.cl\/index.php\/cultura-de-montanas\/\" \/>\n<meta property=\"og:locale\" content=\"es_ES\" \/>\n<meta property=\"og:type\" content=\"article\" \/>\n<meta property=\"og:title\" content=\"Cultura de monta\u00f1as - El Zaino Laguna El Cop\u00edn\" \/>\n<meta property=\"og:url\" content=\"https:\/\/elzainolagunaelcopin.cl\/index.php\/cultura-de-montanas\/\" \/>\n<meta property=\"og:site_name\" content=\"El Zaino Laguna El Cop\u00edn\" \/>\n<meta property=\"article:modified_time\" content=\"2025-04-08T22:42:58+00:00\" \/>\n<meta name=\"twitter:card\" content=\"summary_large_image\" \/>\n<meta name=\"twitter:label1\" content=\"Tiempo de lectura\" \/>\n\t<meta name=\"twitter:data1\" content=\"12 minutos\" \/>\n<script type=\"application\/ld+json\" class=\"yoast-schema-graph\">{\"@context\":\"https:\/\/schema.org\",\"@graph\":[{\"@type\":\"WebPage\",\"@id\":\"https:\/\/elzainolagunaelcopin.cl\/index.php\/cultura-de-montanas\/\",\"url\":\"https:\/\/elzainolagunaelcopin.cl\/index.php\/cultura-de-montanas\/\",\"name\":\"Cultura de monta\u00f1as - El Zaino Laguna El Cop\u00edn\",\"isPartOf\":{\"@id\":\"https:\/\/elzainolagunaelcopin.cl\/#website\"},\"datePublished\":\"2025-01-13T17:51:32+00:00\",\"dateModified\":\"2025-04-08T22:42:58+00:00\",\"breadcrumb\":{\"@id\":\"https:\/\/elzainolagunaelcopin.cl\/index.php\/cultura-de-montanas\/#breadcrumb\"},\"inLanguage\":\"es\",\"potentialAction\":[{\"@type\":\"ReadAction\",\"target\":[\"https:\/\/elzainolagunaelcopin.cl\/index.php\/cultura-de-montanas\/\"]}]},{\"@type\":\"BreadcrumbList\",\"@id\":\"https:\/\/elzainolagunaelcopin.cl\/index.php\/cultura-de-montanas\/#breadcrumb\",\"itemListElement\":[{\"@type\":\"ListItem\",\"position\":1,\"name\":\"Portada\",\"item\":\"https:\/\/elzainolagunaelcopin.cl\/index.php\/home\/\"},{\"@type\":\"ListItem\",\"position\":2,\"name\":\"Cultura de monta\u00f1as\"}]},{\"@type\":\"WebSite\",\"@id\":\"https:\/\/elzainolagunaelcopin.cl\/#website\",\"url\":\"https:\/\/elzainolagunaelcopin.cl\/\",\"name\":\"El Zaino Laguna El Cop\u00edn\",\"description\":\"\",\"publisher\":{\"@id\":\"https:\/\/elzainolagunaelcopin.cl\/#organization\"},\"potentialAction\":[{\"@type\":\"SearchAction\",\"target\":{\"@type\":\"EntryPoint\",\"urlTemplate\":\"https:\/\/elzainolagunaelcopin.cl\/?s={search_term_string}\"},\"query-input\":{\"@type\":\"PropertyValueSpecification\",\"valueRequired\":true,\"valueName\":\"search_term_string\"}}],\"inLanguage\":\"es\"},{\"@type\":\"Organization\",\"@id\":\"https:\/\/elzainolagunaelcopin.cl\/#organization\",\"name\":\"El Zaino Laguna El Cop\u00edn\",\"url\":\"https:\/\/elzainolagunaelcopin.cl\/\",\"logo\":{\"@type\":\"ImageObject\",\"inLanguage\":\"es\",\"@id\":\"https:\/\/elzainolagunaelcopin.cl\/#\/schema\/logo\/image\/\",\"url\":\"https:\/\/elzainolagunaelcopin.cl\/home\/wp-content\/uploads\/2024\/12\/favicon.png\",\"contentUrl\":\"https:\/\/elzainolagunaelcopin.cl\/home\/wp-content\/uploads\/2024\/12\/favicon.png\",\"width\":512,\"height\":512,\"caption\":\"El Zaino Laguna El Cop\u00edn\"},\"image\":{\"@id\":\"https:\/\/elzainolagunaelcopin.cl\/#\/schema\/logo\/image\/\"}}]}<\/script>\n<!-- \/ Yoast SEO plugin. -->","yoast_head_json":{"title":"Cultura de monta\u00f1as - El Zaino Laguna El Cop\u00edn","robots":{"index":"index","follow":"follow","max-snippet":"max-snippet:-1","max-image-preview":"max-image-preview:large","max-video-preview":"max-video-preview:-1"},"canonical":"https:\/\/elzainolagunaelcopin.cl\/index.php\/cultura-de-montanas\/","og_locale":"es_ES","og_type":"article","og_title":"Cultura de monta\u00f1as - El Zaino Laguna El Cop\u00edn","og_url":"https:\/\/elzainolagunaelcopin.cl\/index.php\/cultura-de-montanas\/","og_site_name":"El Zaino Laguna El Cop\u00edn","article_modified_time":"2025-04-08T22:42:58+00:00","twitter_card":"summary_large_image","twitter_misc":{"Tiempo de lectura":"12 minutos"},"schema":{"@context":"https:\/\/schema.org","@graph":[{"@type":"WebPage","@id":"https:\/\/elzainolagunaelcopin.cl\/index.php\/cultura-de-montanas\/","url":"https:\/\/elzainolagunaelcopin.cl\/index.php\/cultura-de-montanas\/","name":"Cultura de monta\u00f1as - El Zaino Laguna El Cop\u00edn","isPartOf":{"@id":"https:\/\/elzainolagunaelcopin.cl\/#website"},"datePublished":"2025-01-13T17:51:32+00:00","dateModified":"2025-04-08T22:42:58+00:00","breadcrumb":{"@id":"https:\/\/elzainolagunaelcopin.cl\/index.php\/cultura-de-montanas\/#breadcrumb"},"inLanguage":"es","potentialAction":[{"@type":"ReadAction","target":["https:\/\/elzainolagunaelcopin.cl\/index.php\/cultura-de-montanas\/"]}]},{"@type":"BreadcrumbList","@id":"https:\/\/elzainolagunaelcopin.cl\/index.php\/cultura-de-montanas\/#breadcrumb","itemListElement":[{"@type":"ListItem","position":1,"name":"Portada","item":"https:\/\/elzainolagunaelcopin.cl\/index.php\/home\/"},{"@type":"ListItem","position":2,"name":"Cultura de monta\u00f1as"}]},{"@type":"WebSite","@id":"https:\/\/elzainolagunaelcopin.cl\/#website","url":"https:\/\/elzainolagunaelcopin.cl\/","name":"El Zaino Laguna El Cop\u00edn","description":"","publisher":{"@id":"https:\/\/elzainolagunaelcopin.cl\/#organization"},"potentialAction":[{"@type":"SearchAction","target":{"@type":"EntryPoint","urlTemplate":"https:\/\/elzainolagunaelcopin.cl\/?s={search_term_string}"},"query-input":{"@type":"PropertyValueSpecification","valueRequired":true,"valueName":"search_term_string"}}],"inLanguage":"es"},{"@type":"Organization","@id":"https:\/\/elzainolagunaelcopin.cl\/#organization","name":"El Zaino Laguna El Cop\u00edn","url":"https:\/\/elzainolagunaelcopin.cl\/","logo":{"@type":"ImageObject","inLanguage":"es","@id":"https:\/\/elzainolagunaelcopin.cl\/#\/schema\/logo\/image\/","url":"https:\/\/elzainolagunaelcopin.cl\/home\/wp-content\/uploads\/2024\/12\/favicon.png","contentUrl":"https:\/\/elzainolagunaelcopin.cl\/home\/wp-content\/uploads\/2024\/12\/favicon.png","width":512,"height":512,"caption":"El Zaino Laguna El Cop\u00edn"},"image":{"@id":"https:\/\/elzainolagunaelcopin.cl\/#\/schema\/logo\/image\/"}}]}},"_links":{"self":[{"href":"https:\/\/elzainolagunaelcopin.cl\/index.php\/wp-json\/wp\/v2\/pages\/538","targetHints":{"allow":["GET"]}}],"collection":[{"href":"https:\/\/elzainolagunaelcopin.cl\/index.php\/wp-json\/wp\/v2\/pages"}],"about":[{"href":"https:\/\/elzainolagunaelcopin.cl\/index.php\/wp-json\/wp\/v2\/types\/page"}],"author":[{"embeddable":true,"href":"https:\/\/elzainolagunaelcopin.cl\/index.php\/wp-json\/wp\/v2\/users\/1"}],"replies":[{"embeddable":true,"href":"https:\/\/elzainolagunaelcopin.cl\/index.php\/wp-json\/wp\/v2\/comments?post=538"}],"version-history":[{"count":3,"href":"https:\/\/elzainolagunaelcopin.cl\/index.php\/wp-json\/wp\/v2\/pages\/538\/revisions"}],"predecessor-version":[{"id":743,"href":"https:\/\/elzainolagunaelcopin.cl\/index.php\/wp-json\/wp\/v2\/pages\/538\/revisions\/743"}],"wp:attachment":[{"href":"https:\/\/elzainolagunaelcopin.cl\/index.php\/wp-json\/wp\/v2\/media?parent=538"}],"curies":[{"name":"wp","href":"https:\/\/api.w.org\/{rel}","templated":true}]}}