{"id":579,"date":"2025-01-14T21:39:21","date_gmt":"2025-01-15T00:39:21","guid":{"rendered":"https:\/\/elzainolagunaelcopin.cl\/home\/?page_id=579"},"modified":"2025-04-07T17:09:33","modified_gmt":"2025-04-07T21:09:33","slug":"la-comunidad-del-campo-de-jahuel","status":"publish","type":"page","link":"https:\/\/elzainolagunaelcopin.cl\/index.php\/la-comunidad-del-campo-de-jahuel\/","title":{"rendered":"La comunidad del campo de Jahuel"},"content":{"rendered":"\n<style type=\"text\/css\" data-created_by=\"avia_inline_auto\" id=\"style-css-av-m5ue1igy-5194bb0c7537a42e22c82e5167120aac\">\n.avia-section.av-m5ue1igy-5194bb0c7537a42e22c82e5167120aac .av-parallax .av-parallax-inner{\nbackground-repeat:no-repeat;\nbackground-image:url(https:\/\/elzainolagunaelcopin.cl\/home\/wp-content\/uploads\/2025\/01\/1-2-Nuevas-generaciones.jpg);\nbackground-position:50% 50%;\nbackground-attachment:scroll;\n}\n<\/style>\n<div id='av_section_1'  class='avia-section av-m5ue1igy-5194bb0c7537a42e22c82e5167120aac main_color avia-section-default avia-no-border-styling  avia-builder-el-0  el_before_av_one_full  avia-builder-el-first  av-parallax-section avia-bg-style-parallax av-minimum-height av-minimum-height-custom av-height-custom  container_wrap sidebar_right'  data-section-bg-repeat='no-repeat' data-av_minimum_height_px='500'><div class='av-parallax' data-avia-parallax-ratio='0.3' ><div class='av-parallax-inner main_color avia-full-stretch'><\/div><\/div><div class='container av-section-cont-open' style='height:500px'><main  role=\"main\" itemprop=\"mainContentOfPage\"  class='template-page content  av-content-small alpha units'><div class='post-entry post-entry-type-page post-entry-579'><div class='entry-content-wrapper clearfix'><\/div><\/div><\/main><!-- close content main element --><\/div><\/div><div id='after_section_1'  class='main_color av_default_container_wrap container_wrap sidebar_right'  ><div class='container av-section-cont-open' ><div class='template-page content  av-content-small alpha units'><div class='post-entry post-entry-type-page post-entry-579'><div class='entry-content-wrapper clearfix'>\n\n<style type=\"text\/css\" data-created_by=\"avia_inline_auto\" id=\"style-css-av-1h8zy-4fc4d0a5169e5cc3c439359fe4d55f0a\">\n#top .flex_column.av-1h8zy-4fc4d0a5169e5cc3c439359fe4d55f0a{\nmargin-top:20px;\nmargin-bottom:20px;\n}\n.responsive #top #wrap_all .flex_column.av-1h8zy-4fc4d0a5169e5cc3c439359fe4d55f0a{\nmargin-top:20px;\nmargin-bottom:20px;\n}\n<\/style>\n<div  class='flex_column av-1h8zy-4fc4d0a5169e5cc3c439359fe4d55f0a av_one_full  avia-builder-el-1  el_after_av_section  el_before_av_one_full  avia-builder-el-first  first flex_column_div av-animated-generic bottom-to-top  '     ><p>\n<style type=\"text\/css\" data-created_by=\"avia_inline_auto\" id=\"style-css-av-m4kgho8p-6ab606f9587208a7b78ca05ccb3bb7ff\">\n#top .av-special-heading.av-m4kgho8p-6ab606f9587208a7b78ca05ccb3bb7ff{\npadding-bottom:10px;\n}\nbody .av-special-heading.av-m4kgho8p-6ab606f9587208a7b78ca05ccb3bb7ff .av-special-heading-tag .heading-char{\nfont-size:25px;\n}\n.av-special-heading.av-m4kgho8p-6ab606f9587208a7b78ca05ccb3bb7ff .av-subheading{\nfont-size:15px;\n}\n<\/style>\n<div  class='av-special-heading av-m4kgho8p-6ab606f9587208a7b78ca05ccb3bb7ff av-special-heading-h2 blockquote modern-quote modern-centered  avia-builder-el-2  el_before_av_hr  avia-builder-el-first '><h2 class='av-special-heading-tag '  itemprop=\"headline\"  >La comunidad del campo de Jahuel<\/h2><div class=\"special-heading-border\"><div class=\"special-heading-inner-border\"><\/div><\/div><\/div><br \/>\n\n<style type=\"text\/css\" data-created_by=\"avia_inline_auto\" id=\"style-css-av-m4kgjq7v-7cb9013ed881f0e85a851e42bbffd13c\">\n#top .hr.av-m4kgjq7v-7cb9013ed881f0e85a851e42bbffd13c{\nmargin-top:5px;\nmargin-bottom:30px;\n}\n.hr.av-m4kgjq7v-7cb9013ed881f0e85a851e42bbffd13c .hr-inner{\nwidth:50px;\nborder-color:#8aaac1;\n}\n<\/style>\n<div  class='hr av-m4kgjq7v-7cb9013ed881f0e85a851e42bbffd13c hr-custom  avia-builder-el-3  el_after_av_heading  avia-builder-el-last  hr-center hr-icon-no'><span class='hr-inner inner-border-av-border-fat'><span class=\"hr-inner-style\"><\/span><\/span><\/div><\/p><\/div>\n<div  class='flex_column av-bt0hi-942bf95a66004c304dee10b62d9d1f64 av_one_full  avia-builder-el-4  el_after_av_one_full  el_before_av_one_full  first flex_column_div av-animated-generic bottom-to-top  column-top-margin'     ><p><section  class='av_textblock_section av-m4kgn273-db74772033127f2559d94550ee71fcfd '   itemscope=\"itemscope\" itemtype=\"https:\/\/schema.org\/CreativeWork\" ><div class='avia_textblock'  itemprop=\"text\" ><p>Gran parte del territorio de Jahuel corresponde a propiedad colectiva de la comunidad del campo de Jahuel, la que posee 8.325 hect\u00e1reas, que pertenecen a 133 comuneros, cuya \u00faltima inscripci\u00f3n data del a\u00f1o 1992.<\/p>\n<p>Est\u00e1 compuesta por familias inscritas en los registros de la comunidad. Cada familia tiene un representante que participa de manera activa en los asuntos del colectivo, asistiendo a las juntas generales y ejerciendo su derecho a voz y voto.<\/p>\n<p>La comunidad del campo como tal, existir\u00eda desde principios del siglo XX, donde habr\u00edan establecido su primera relaci\u00f3n formal con el estado. Seg\u00fan relatos de sus habitantes, los antepasados de Jahuel fueron campesinos que habr\u00edan trabajado en las grandes haciendas, como tambi\u00e9n peque\u00f1os pirquineros que llegaron atra\u00eddos por los minerales de la zona.<\/p>\n<p>Destaca la pr\u00e1ctica tradicional de la arrier\u00eda que ha permitido un profundo conocimiento del territorio.<\/p>\n<\/div><\/section><br \/>\n\n<style type=\"text\/css\" data-created_by=\"avia_inline_auto\" id=\"style-css-av-m5u92h64-783ebe05fd5fc4a021375635124b6527\">\n#top .hr.hr-invisible.av-m5u92h64-783ebe05fd5fc4a021375635124b6527{\nheight:70px;\n}\n<\/style>\n<div  class='hr av-m5u92h64-783ebe05fd5fc4a021375635124b6527 hr-invisible  avia-builder-el-6  el_after_av_textblock  avia-builder-el-last '><span class='hr-inner '><span class=\"hr-inner-style\"><\/span><\/span><\/div><\/p><\/div><div  class='flex_column av-7qn72-52c8c7314354f0fa0a655ed8f4297ed6 av_one_full  avia-builder-el-7  el_after_av_one_full  avia-builder-el-last  first flex_column_div  column-top-margin'     ><div id='av-masonry-1' class='av-masonry av-m4khqd1b-cde70388581435818f101a4a7db4bcbe noHover av-flex-size av-large-gap av-hover-overlay-active av-masonry-animation-active av-masonry-col-flexible av-caption-always av-caption-style- av-masonry-gallery ' data-post_id=\"579\"><div class=\"av-masonry-container isotope av-js-disabled\"><div class='av-masonry-entry isotope-item av-masonry-item-no-image '><\/div><a href=\"https:\/\/elzainolagunaelcopin.cl\/home\/wp-content\/uploads\/2025\/01\/04-Familia-Silva-Birta-Santa-Filomena-1030x753.jpg\" data-srcset=\"https:\/\/elzainolagunaelcopin.cl\/home\/wp-content\/uploads\/2025\/01\/04-Familia-Silva-Birta-Santa-Filomena-1030x753.jpg 1030w, https:\/\/elzainolagunaelcopin.cl\/home\/wp-content\/uploads\/2025\/01\/04-Familia-Silva-Birta-Santa-Filomena-300x219.jpg 300w, https:\/\/elzainolagunaelcopin.cl\/home\/wp-content\/uploads\/2025\/01\/04-Familia-Silva-Birta-Santa-Filomena-768x562.jpg 768w, https:\/\/elzainolagunaelcopin.cl\/home\/wp-content\/uploads\/2025\/01\/04-Familia-Silva-Birta-Santa-Filomena-705x516.jpg 705w, https:\/\/elzainolagunaelcopin.cl\/home\/wp-content\/uploads\/2025\/01\/04-Familia-Silva-Birta-Santa-Filomena.jpg 1080w\" data-sizes=\"(max-width: 1030px) 100vw, 1030px\"  aria-label=\"image Familia Silva Birta, Santa Filomena\"  id='av-masonry-1-item-490' data-av-masonry-item='490' class='av-masonry-entry isotope-item post-490 attachment type-attachment status-inherit hentry  av-masonry-item-with-image' title=\"Familia Silva Birta, Santa Filomena\" alt=\"Familia Silva Birta, Santa Filomena\"    itemprop=\"thumbnailUrl\" ><div class='av-inner-masonry-sizer'><\/div><figure class='av-inner-masonry main_color'><div class=\"av-masonry-outerimage-container\"><div class='av-masonry-image-container'  ><img decoding=\"async\" width=\"705\" height=\"516\" fetchpriority=\"high\" class=\"wp-image-490 avia-img-lazy-loading-not-490\"  src=\"https:\/\/elzainolagunaelcopin.cl\/home\/wp-content\/uploads\/2025\/01\/04-Familia-Silva-Birta-Santa-Filomena-705x516.jpg\" title=\"Familia Silva Birta, Santa Filomena\" alt=\"Familia Silva Birta, Santa Filomena\" srcset=\"https:\/\/elzainolagunaelcopin.cl\/home\/wp-content\/uploads\/2025\/01\/04-Familia-Silva-Birta-Santa-Filomena-705x516.jpg 705w, https:\/\/elzainolagunaelcopin.cl\/home\/wp-content\/uploads\/2025\/01\/04-Familia-Silva-Birta-Santa-Filomena-300x219.jpg 300w, https:\/\/elzainolagunaelcopin.cl\/home\/wp-content\/uploads\/2025\/01\/04-Familia-Silva-Birta-Santa-Filomena-1030x753.jpg 1030w, https:\/\/elzainolagunaelcopin.cl\/home\/wp-content\/uploads\/2025\/01\/04-Familia-Silva-Birta-Santa-Filomena-768x562.jpg 768w, https:\/\/elzainolagunaelcopin.cl\/home\/wp-content\/uploads\/2025\/01\/04-Familia-Silva-Birta-Santa-Filomena.jpg 1080w\" sizes=\"(max-width: 705px) 100vw, 705px\" \/><\/div><\/div><\/figure><\/a><!--end av-masonry entry--><a href=\"https:\/\/elzainolagunaelcopin.cl\/home\/wp-content\/uploads\/2025\/01\/03-Foto-antigua-de-pobladores-de-localidad-1030x1020.jpg\" data-srcset=\"https:\/\/elzainolagunaelcopin.cl\/home\/wp-content\/uploads\/2025\/01\/03-Foto-antigua-de-pobladores-de-localidad-1030x1020.jpg 1030w, https:\/\/elzainolagunaelcopin.cl\/home\/wp-content\/uploads\/2025\/01\/03-Foto-antigua-de-pobladores-de-localidad-300x297.jpg 300w, https:\/\/elzainolagunaelcopin.cl\/home\/wp-content\/uploads\/2025\/01\/03-Foto-antigua-de-pobladores-de-localidad-80x80.jpg 80w, https:\/\/elzainolagunaelcopin.cl\/home\/wp-content\/uploads\/2025\/01\/03-Foto-antigua-de-pobladores-de-localidad-768x760.jpg 768w, https:\/\/elzainolagunaelcopin.cl\/home\/wp-content\/uploads\/2025\/01\/03-Foto-antigua-de-pobladores-de-localidad-36x36.jpg 36w, https:\/\/elzainolagunaelcopin.cl\/home\/wp-content\/uploads\/2025\/01\/03-Foto-antigua-de-pobladores-de-localidad-705x698.jpg 705w, https:\/\/elzainolagunaelcopin.cl\/home\/wp-content\/uploads\/2025\/01\/03-Foto-antigua-de-pobladores-de-localidad.jpg 1080w\" data-sizes=\"(max-width: 1030px) 100vw, 1030px\"  aria-label=\"image Familia Pizarro Canelo, 1932, Jahuelito en Historia local de Jahuelito\"  id='av-masonry-1-item-489' data-av-masonry-item='489' class='av-masonry-entry isotope-item post-489 attachment type-attachment status-inherit hentry  av-masonry-item-with-image' title=\"Familia Pizarro Canelo, 1932, Jahuelito en Historia local de Jahuelito\" alt=\"Familia Pizarro Canelo, 1932, Jahuelito en Historia local de Jahuelito\"    itemprop=\"thumbnailUrl\" ><div class='av-inner-masonry-sizer'><\/div><figure class='av-inner-masonry main_color'><div class=\"av-masonry-outerimage-container\"><div class='av-masonry-image-container'  ><img decoding=\"async\" width=\"705\" height=\"698\" fetchpriority=\"high\" class=\"wp-image-489 avia-img-lazy-loading-not-489\"  src=\"https:\/\/elzainolagunaelcopin.cl\/home\/wp-content\/uploads\/2025\/01\/03-Foto-antigua-de-pobladores-de-localidad-705x698.jpg\" title=\"Familia Pizarro Canelo, 1932, Jahuelito en Historia local de Jahuelito\" alt=\"Familia Pizarro Canelo, 1932, Jahuelito en Historia local de Jahuelito\" srcset=\"https:\/\/elzainolagunaelcopin.cl\/home\/wp-content\/uploads\/2025\/01\/03-Foto-antigua-de-pobladores-de-localidad-705x698.jpg 705w, https:\/\/elzainolagunaelcopin.cl\/home\/wp-content\/uploads\/2025\/01\/03-Foto-antigua-de-pobladores-de-localidad-300x297.jpg 300w, https:\/\/elzainolagunaelcopin.cl\/home\/wp-content\/uploads\/2025\/01\/03-Foto-antigua-de-pobladores-de-localidad-1030x1020.jpg 1030w, https:\/\/elzainolagunaelcopin.cl\/home\/wp-content\/uploads\/2025\/01\/03-Foto-antigua-de-pobladores-de-localidad-80x80.jpg 80w, https:\/\/elzainolagunaelcopin.cl\/home\/wp-content\/uploads\/2025\/01\/03-Foto-antigua-de-pobladores-de-localidad-768x760.jpg 768w, https:\/\/elzainolagunaelcopin.cl\/home\/wp-content\/uploads\/2025\/01\/03-Foto-antigua-de-pobladores-de-localidad-36x36.jpg 36w, https:\/\/elzainolagunaelcopin.cl\/home\/wp-content\/uploads\/2025\/01\/03-Foto-antigua-de-pobladores-de-localidad.jpg 1080w\" sizes=\"(max-width: 705px) 100vw, 705px\" \/><\/div><\/div><\/figure><\/a><!--end av-masonry entry--><a href=\"https:\/\/elzainolagunaelcopin.cl\/home\/wp-content\/uploads\/2025\/01\/1-2-arrieros-1030x686.jpg\" data-srcset=\"https:\/\/elzainolagunaelcopin.cl\/home\/wp-content\/uploads\/2025\/01\/1-2-arrieros-1030x686.jpg 1030w, https:\/\/elzainolagunaelcopin.cl\/home\/wp-content\/uploads\/2025\/01\/1-2-arrieros-300x200.jpg 300w, https:\/\/elzainolagunaelcopin.cl\/home\/wp-content\/uploads\/2025\/01\/1-2-arrieros-768x512.jpg 768w, https:\/\/elzainolagunaelcopin.cl\/home\/wp-content\/uploads\/2025\/01\/1-2-arrieros-705x470.jpg 705w, https:\/\/elzainolagunaelcopin.cl\/home\/wp-content\/uploads\/2025\/01\/1-2-arrieros.jpg 1280w\" data-sizes=\"(max-width: 1030px) 100vw, 1030px\"  aria-label=\"image Arrieros \u00a9G.Sapaj\"  id='av-masonry-1-item-580' data-av-masonry-item='580' class='av-masonry-entry isotope-item post-580 attachment type-attachment status-inherit hentry  av-masonry-item-with-image' title=\"Arrieros \u00a9G.Sapaj\" alt=\"Arrieros \u00a9G.Sapaj\"    itemprop=\"thumbnailUrl\" ><div class='av-inner-masonry-sizer'><\/div><figure class='av-inner-masonry main_color'><div class=\"av-masonry-outerimage-container\"><div class='av-masonry-image-container'  ><img decoding=\"async\" width=\"705\" height=\"470\" fetchpriority=\"high\" class=\"wp-image-580 avia-img-lazy-loading-not-580\"  src=\"https:\/\/elzainolagunaelcopin.cl\/home\/wp-content\/uploads\/2025\/01\/1-2-arrieros-705x470.jpg\" title=\"Arrieros \u00a9G.Sapaj\" alt=\"Arrieros \u00a9G.Sapaj\" srcset=\"https:\/\/elzainolagunaelcopin.cl\/home\/wp-content\/uploads\/2025\/01\/1-2-arrieros-705x470.jpg 705w, https:\/\/elzainolagunaelcopin.cl\/home\/wp-content\/uploads\/2025\/01\/1-2-arrieros-300x200.jpg 300w, https:\/\/elzainolagunaelcopin.cl\/home\/wp-content\/uploads\/2025\/01\/1-2-arrieros-1030x686.jpg 1030w, https:\/\/elzainolagunaelcopin.cl\/home\/wp-content\/uploads\/2025\/01\/1-2-arrieros-768x512.jpg 768w, https:\/\/elzainolagunaelcopin.cl\/home\/wp-content\/uploads\/2025\/01\/1-2-arrieros.jpg 1280w\" sizes=\"(max-width: 705px) 100vw, 705px\" \/><\/div><\/div><\/figure><\/a><!--end av-masonry entry--><a href=\"https:\/\/elzainolagunaelcopin.cl\/home\/wp-content\/uploads\/2025\/01\/1-2-Nuevas-generaciones-1030x773.jpg\" data-srcset=\"https:\/\/elzainolagunaelcopin.cl\/home\/wp-content\/uploads\/2025\/01\/1-2-Nuevas-generaciones-1030x773.jpg 1030w, https:\/\/elzainolagunaelcopin.cl\/home\/wp-content\/uploads\/2025\/01\/1-2-Nuevas-generaciones-300x225.jpg 300w, https:\/\/elzainolagunaelcopin.cl\/home\/wp-content\/uploads\/2025\/01\/1-2-Nuevas-generaciones-768x576.jpg 768w, https:\/\/elzainolagunaelcopin.cl\/home\/wp-content\/uploads\/2025\/01\/1-2-Nuevas-generaciones-705x529.jpg 705w, https:\/\/elzainolagunaelcopin.cl\/home\/wp-content\/uploads\/2025\/01\/1-2-Nuevas-generaciones.jpg 1280w\" data-sizes=\"(max-width: 1030px) 100vw, 1030px\"  aria-label=\"image Nuevas generaciones. Proyecto TINI\"  id='av-masonry-1-item-581' data-av-masonry-item='581' class='av-masonry-entry isotope-item post-581 attachment type-attachment status-inherit hentry  av-masonry-item-with-image' title=\"Nuevas generaciones. Proyecto TINI\" alt=\"Nuevas generaciones. Proyecto TINI\"    itemprop=\"thumbnailUrl\" ><div class='av-inner-masonry-sizer'><\/div><figure class='av-inner-masonry main_color'><div class=\"av-masonry-outerimage-container\"><div class='av-masonry-image-container'  ><img decoding=\"async\" width=\"705\" height=\"529\" fetchpriority=\"high\" class=\"wp-image-581 avia-img-lazy-loading-not-581\"  src=\"https:\/\/elzainolagunaelcopin.cl\/home\/wp-content\/uploads\/2025\/01\/1-2-Nuevas-generaciones-705x529.jpg\" title=\"Nuevas generaciones. Proyecto TINI\" alt=\"Nuevas generaciones. Proyecto TINI\" srcset=\"https:\/\/elzainolagunaelcopin.cl\/home\/wp-content\/uploads\/2025\/01\/1-2-Nuevas-generaciones-705x529.jpg 705w, https:\/\/elzainolagunaelcopin.cl\/home\/wp-content\/uploads\/2025\/01\/1-2-Nuevas-generaciones-300x225.jpg 300w, https:\/\/elzainolagunaelcopin.cl\/home\/wp-content\/uploads\/2025\/01\/1-2-Nuevas-generaciones-1030x773.jpg 1030w, https:\/\/elzainolagunaelcopin.cl\/home\/wp-content\/uploads\/2025\/01\/1-2-Nuevas-generaciones-768x576.jpg 768w, https:\/\/elzainolagunaelcopin.cl\/home\/wp-content\/uploads\/2025\/01\/1-2-Nuevas-generaciones.jpg 1280w\" sizes=\"(max-width: 705px) 100vw, 705px\" \/><\/div><\/div><\/figure><\/a><!--end av-masonry entry--><\/div><\/div><\/div><\/p>\n","protected":false},"excerpt":{"rendered":"","protected":false},"author":1,"featured_media":0,"parent":0,"menu_order":0,"comment_status":"closed","ping_status":"closed","template":"","meta":{"footnotes":""},"class_list":["post-579","page","type-page","status-publish","hentry"],"yoast_head":"<!-- This site is optimized with the Yoast SEO plugin v26.2 - https:\/\/yoast.com\/wordpress\/plugins\/seo\/ -->\n<title>La comunidad del campo de Jahuel - El Zaino Laguna El Cop\u00edn<\/title>\n<meta name=\"robots\" content=\"index, follow, max-snippet:-1, max-image-preview:large, max-video-preview:-1\" \/>\n<link rel=\"canonical\" href=\"https:\/\/elzainolagunaelcopin.cl\/index.php\/la-comunidad-del-campo-de-jahuel\/\" \/>\n<meta property=\"og:locale\" content=\"es_ES\" \/>\n<meta property=\"og:type\" content=\"article\" \/>\n<meta property=\"og:title\" content=\"La comunidad del campo de Jahuel - El Zaino Laguna El Cop\u00edn\" \/>\n<meta property=\"og:url\" content=\"https:\/\/elzainolagunaelcopin.cl\/index.php\/la-comunidad-del-campo-de-jahuel\/\" \/>\n<meta property=\"og:site_name\" content=\"El Zaino Laguna El Cop\u00edn\" \/>\n<meta property=\"article:modified_time\" content=\"2025-04-07T21:09:33+00:00\" \/>\n<meta name=\"twitter:card\" content=\"summary_large_image\" \/>\n<meta name=\"twitter:label1\" content=\"Tiempo de lectura\" \/>\n\t<meta name=\"twitter:data1\" content=\"12 minutos\" \/>\n<script type=\"application\/ld+json\" class=\"yoast-schema-graph\">{\"@context\":\"https:\/\/schema.org\",\"@graph\":[{\"@type\":\"WebPage\",\"@id\":\"https:\/\/elzainolagunaelcopin.cl\/index.php\/la-comunidad-del-campo-de-jahuel\/\",\"url\":\"https:\/\/elzainolagunaelcopin.cl\/index.php\/la-comunidad-del-campo-de-jahuel\/\",\"name\":\"La comunidad del campo de Jahuel - El Zaino Laguna El Cop\u00edn\",\"isPartOf\":{\"@id\":\"https:\/\/elzainolagunaelcopin.cl\/#website\"},\"datePublished\":\"2025-01-15T00:39:21+00:00\",\"dateModified\":\"2025-04-07T21:09:33+00:00\",\"breadcrumb\":{\"@id\":\"https:\/\/elzainolagunaelcopin.cl\/index.php\/la-comunidad-del-campo-de-jahuel\/#breadcrumb\"},\"inLanguage\":\"es\",\"potentialAction\":[{\"@type\":\"ReadAction\",\"target\":[\"https:\/\/elzainolagunaelcopin.cl\/index.php\/la-comunidad-del-campo-de-jahuel\/\"]}]},{\"@type\":\"BreadcrumbList\",\"@id\":\"https:\/\/elzainolagunaelcopin.cl\/index.php\/la-comunidad-del-campo-de-jahuel\/#breadcrumb\",\"itemListElement\":[{\"@type\":\"ListItem\",\"position\":1,\"name\":\"Portada\",\"item\":\"https:\/\/elzainolagunaelcopin.cl\/index.php\/home\/\"},{\"@type\":\"ListItem\",\"position\":2,\"name\":\"La comunidad del campo de Jahuel\"}]},{\"@type\":\"WebSite\",\"@id\":\"https:\/\/elzainolagunaelcopin.cl\/#website\",\"url\":\"https:\/\/elzainolagunaelcopin.cl\/\",\"name\":\"El Zaino Laguna El Cop\u00edn\",\"description\":\"\",\"publisher\":{\"@id\":\"https:\/\/elzainolagunaelcopin.cl\/#organization\"},\"potentialAction\":[{\"@type\":\"SearchAction\",\"target\":{\"@type\":\"EntryPoint\",\"urlTemplate\":\"https:\/\/elzainolagunaelcopin.cl\/?s={search_term_string}\"},\"query-input\":{\"@type\":\"PropertyValueSpecification\",\"valueRequired\":true,\"valueName\":\"search_term_string\"}}],\"inLanguage\":\"es\"},{\"@type\":\"Organization\",\"@id\":\"https:\/\/elzainolagunaelcopin.cl\/#organization\",\"name\":\"El Zaino Laguna El Cop\u00edn\",\"url\":\"https:\/\/elzainolagunaelcopin.cl\/\",\"logo\":{\"@type\":\"ImageObject\",\"inLanguage\":\"es\",\"@id\":\"https:\/\/elzainolagunaelcopin.cl\/#\/schema\/logo\/image\/\",\"url\":\"https:\/\/elzainolagunaelcopin.cl\/home\/wp-content\/uploads\/2024\/12\/favicon.png\",\"contentUrl\":\"https:\/\/elzainolagunaelcopin.cl\/home\/wp-content\/uploads\/2024\/12\/favicon.png\",\"width\":512,\"height\":512,\"caption\":\"El Zaino Laguna El Cop\u00edn\"},\"image\":{\"@id\":\"https:\/\/elzainolagunaelcopin.cl\/#\/schema\/logo\/image\/\"}}]}<\/script>\n<!-- \/ Yoast SEO plugin. -->","yoast_head_json":{"title":"La comunidad del campo de Jahuel - El Zaino Laguna El Cop\u00edn","robots":{"index":"index","follow":"follow","max-snippet":"max-snippet:-1","max-image-preview":"max-image-preview:large","max-video-preview":"max-video-preview:-1"},"canonical":"https:\/\/elzainolagunaelcopin.cl\/index.php\/la-comunidad-del-campo-de-jahuel\/","og_locale":"es_ES","og_type":"article","og_title":"La comunidad del campo de Jahuel - El Zaino Laguna El Cop\u00edn","og_url":"https:\/\/elzainolagunaelcopin.cl\/index.php\/la-comunidad-del-campo-de-jahuel\/","og_site_name":"El Zaino Laguna El Cop\u00edn","article_modified_time":"2025-04-07T21:09:33+00:00","twitter_card":"summary_large_image","twitter_misc":{"Tiempo de lectura":"12 minutos"},"schema":{"@context":"https:\/\/schema.org","@graph":[{"@type":"WebPage","@id":"https:\/\/elzainolagunaelcopin.cl\/index.php\/la-comunidad-del-campo-de-jahuel\/","url":"https:\/\/elzainolagunaelcopin.cl\/index.php\/la-comunidad-del-campo-de-jahuel\/","name":"La comunidad del campo de Jahuel - El Zaino Laguna El Cop\u00edn","isPartOf":{"@id":"https:\/\/elzainolagunaelcopin.cl\/#website"},"datePublished":"2025-01-15T00:39:21+00:00","dateModified":"2025-04-07T21:09:33+00:00","breadcrumb":{"@id":"https:\/\/elzainolagunaelcopin.cl\/index.php\/la-comunidad-del-campo-de-jahuel\/#breadcrumb"},"inLanguage":"es","potentialAction":[{"@type":"ReadAction","target":["https:\/\/elzainolagunaelcopin.cl\/index.php\/la-comunidad-del-campo-de-jahuel\/"]}]},{"@type":"BreadcrumbList","@id":"https:\/\/elzainolagunaelcopin.cl\/index.php\/la-comunidad-del-campo-de-jahuel\/#breadcrumb","itemListElement":[{"@type":"ListItem","position":1,"name":"Portada","item":"https:\/\/elzainolagunaelcopin.cl\/index.php\/home\/"},{"@type":"ListItem","position":2,"name":"La comunidad del campo de Jahuel"}]},{"@type":"WebSite","@id":"https:\/\/elzainolagunaelcopin.cl\/#website","url":"https:\/\/elzainolagunaelcopin.cl\/","name":"El Zaino Laguna El Cop\u00edn","description":"","publisher":{"@id":"https:\/\/elzainolagunaelcopin.cl\/#organization"},"potentialAction":[{"@type":"SearchAction","target":{"@type":"EntryPoint","urlTemplate":"https:\/\/elzainolagunaelcopin.cl\/?s={search_term_string}"},"query-input":{"@type":"PropertyValueSpecification","valueRequired":true,"valueName":"search_term_string"}}],"inLanguage":"es"},{"@type":"Organization","@id":"https:\/\/elzainolagunaelcopin.cl\/#organization","name":"El Zaino Laguna El Cop\u00edn","url":"https:\/\/elzainolagunaelcopin.cl\/","logo":{"@type":"ImageObject","inLanguage":"es","@id":"https:\/\/elzainolagunaelcopin.cl\/#\/schema\/logo\/image\/","url":"https:\/\/elzainolagunaelcopin.cl\/home\/wp-content\/uploads\/2024\/12\/favicon.png","contentUrl":"https:\/\/elzainolagunaelcopin.cl\/home\/wp-content\/uploads\/2024\/12\/favicon.png","width":512,"height":512,"caption":"El Zaino Laguna El Cop\u00edn"},"image":{"@id":"https:\/\/elzainolagunaelcopin.cl\/#\/schema\/logo\/image\/"}}]}},"_links":{"self":[{"href":"https:\/\/elzainolagunaelcopin.cl\/index.php\/wp-json\/wp\/v2\/pages\/579","targetHints":{"allow":["GET"]}}],"collection":[{"href":"https:\/\/elzainolagunaelcopin.cl\/index.php\/wp-json\/wp\/v2\/pages"}],"about":[{"href":"https:\/\/elzainolagunaelcopin.cl\/index.php\/wp-json\/wp\/v2\/types\/page"}],"author":[{"embeddable":true,"href":"https:\/\/elzainolagunaelcopin.cl\/index.php\/wp-json\/wp\/v2\/users\/1"}],"replies":[{"embeddable":true,"href":"https:\/\/elzainolagunaelcopin.cl\/index.php\/wp-json\/wp\/v2\/comments?post=579"}],"version-history":[{"count":3,"href":"https:\/\/elzainolagunaelcopin.cl\/index.php\/wp-json\/wp\/v2\/pages\/579\/revisions"}],"predecessor-version":[{"id":727,"href":"https:\/\/elzainolagunaelcopin.cl\/index.php\/wp-json\/wp\/v2\/pages\/579\/revisions\/727"}],"wp:attachment":[{"href":"https:\/\/elzainolagunaelcopin.cl\/index.php\/wp-json\/wp\/v2\/media?parent=579"}],"curies":[{"name":"wp","href":"https:\/\/api.w.org\/{rel}","templated":true}]}}