{"id":586,"date":"2025-01-14T21:50:48","date_gmt":"2025-01-15T00:50:48","guid":{"rendered":"https:\/\/elzainolagunaelcopin.cl\/home\/?page_id=586"},"modified":"2025-04-07T17:36:57","modified_gmt":"2025-04-07T21:36:57","slug":"la-localidad-de-jahuel-y-su-comunidad","status":"publish","type":"page","link":"https:\/\/elzainolagunaelcopin.cl\/index.php\/la-localidad-de-jahuel-y-su-comunidad\/","title":{"rendered":"La localidad de Jahuel y su comunidad"},"content":{"rendered":"\n<style type=\"text\/css\" data-created_by=\"avia_inline_auto\" id=\"style-css-av-m5ue1igy-a6a97fb184f9f297c3d9f82356f581f2\">\n.avia-section.av-m5ue1igy-a6a97fb184f9f297c3d9f82356f581f2 .av-parallax .av-parallax-inner{\nbackground-repeat:no-repeat;\nbackground-image:url(https:\/\/elzainolagunaelcopin.cl\/home\/wp-content\/uploads\/2025\/01\/06-Alguna-foto-de-la-localidad.jpg);\nbackground-position:50% 50%;\nbackground-attachment:scroll;\n}\n<\/style>\n<div id='av_section_1'  class='avia-section av-m5ue1igy-a6a97fb184f9f297c3d9f82356f581f2 main_color avia-section-default avia-no-border-styling  avia-builder-el-0  el_before_av_one_full  avia-builder-el-first  av-parallax-section avia-bg-style-parallax av-minimum-height av-minimum-height-custom av-height-custom  container_wrap sidebar_right'  data-section-bg-repeat='no-repeat' data-av_minimum_height_px='500'><div class='av-parallax' data-avia-parallax-ratio='0.3' ><div class='av-parallax-inner main_color avia-full-stretch'><\/div><\/div><div class='container av-section-cont-open' style='height:500px'><main  role=\"main\" itemprop=\"mainContentOfPage\"  class='template-page content  av-content-small alpha units'><div class='post-entry post-entry-type-page post-entry-586'><div class='entry-content-wrapper clearfix'><\/div><\/div><\/main><!-- close content main element --><\/div><\/div><div id='after_section_1'  class='main_color av_default_container_wrap container_wrap sidebar_right'  ><div class='container av-section-cont-open' ><div class='template-page content  av-content-small alpha units'><div class='post-entry post-entry-type-page post-entry-586'><div class='entry-content-wrapper clearfix'>\n\n<style type=\"text\/css\" data-created_by=\"avia_inline_auto\" id=\"style-css-av-1h8zy-4fc4d0a5169e5cc3c439359fe4d55f0a\">\n#top .flex_column.av-1h8zy-4fc4d0a5169e5cc3c439359fe4d55f0a{\nmargin-top:20px;\nmargin-bottom:20px;\n}\n.responsive #top #wrap_all .flex_column.av-1h8zy-4fc4d0a5169e5cc3c439359fe4d55f0a{\nmargin-top:20px;\nmargin-bottom:20px;\n}\n<\/style>\n<div  class='flex_column av-1h8zy-4fc4d0a5169e5cc3c439359fe4d55f0a av_one_full  avia-builder-el-1  el_after_av_section  el_before_av_one_full  avia-builder-el-first  first flex_column_div av-animated-generic bottom-to-top  '     ><p>\n<style type=\"text\/css\" data-created_by=\"avia_inline_auto\" id=\"style-css-av-m4kgho8p-ab706cef3e4684e9288a62e2821e2ba1\">\n#top .av-special-heading.av-m4kgho8p-ab706cef3e4684e9288a62e2821e2ba1{\npadding-bottom:10px;\n}\nbody .av-special-heading.av-m4kgho8p-ab706cef3e4684e9288a62e2821e2ba1 .av-special-heading-tag .heading-char{\nfont-size:25px;\n}\n.av-special-heading.av-m4kgho8p-ab706cef3e4684e9288a62e2821e2ba1 .av-subheading{\nfont-size:15px;\n}\n<\/style>\n<div  class='av-special-heading av-m4kgho8p-ab706cef3e4684e9288a62e2821e2ba1 av-special-heading-h2 blockquote modern-quote modern-centered  avia-builder-el-2  el_before_av_hr  avia-builder-el-first '><h2 class='av-special-heading-tag '  itemprop=\"headline\"  >La localidad de Jahuel y su comunidad<\/h2><div class=\"special-heading-border\"><div class=\"special-heading-inner-border\"><\/div><\/div><\/div><br \/>\n\n<style type=\"text\/css\" data-created_by=\"avia_inline_auto\" id=\"style-css-av-m4kgjq7v-7cb9013ed881f0e85a851e42bbffd13c\">\n#top .hr.av-m4kgjq7v-7cb9013ed881f0e85a851e42bbffd13c{\nmargin-top:5px;\nmargin-bottom:30px;\n}\n.hr.av-m4kgjq7v-7cb9013ed881f0e85a851e42bbffd13c .hr-inner{\nwidth:50px;\nborder-color:#8aaac1;\n}\n<\/style>\n<div  class='hr av-m4kgjq7v-7cb9013ed881f0e85a851e42bbffd13c hr-custom  avia-builder-el-3  el_after_av_heading  avia-builder-el-last  hr-center hr-icon-no'><span class='hr-inner inner-border-av-border-fat'><span class=\"hr-inner-style\"><\/span><\/span><\/div><\/p><\/div>\n<div  class='flex_column av-bt0hi-942bf95a66004c304dee10b62d9d1f64 av_one_full  avia-builder-el-4  el_after_av_one_full  el_before_av_one_full  first flex_column_div av-animated-generic bottom-to-top  column-top-margin'     ><p><section  class='av_textblock_section av-m4kgn273-db74772033127f2559d94550ee71fcfd '   itemscope=\"itemscope\" itemtype=\"https:\/\/schema.org\/CreativeWork\" ><div class='avia_textblock'  itemprop=\"text\" ><p>El significado de Jahuel en mapudungun significa pozas, charcos, o \u201cse ve agua\u201d.<\/p>\n<p>Jahuel es una zona rural, conformada por las localidades de Santa Filomena, Jahuelito, El Zaino, Tabolango y Lo Gald\u00e1mes de la comuna de Santa Mar\u00eda, provincia de San Felipe, en la Regi\u00f3n de Valpara\u00edso. Es una zona geogr\u00e1fica y culturalmente delimitada a la zona precordillerana de la comuna.<\/p>\n<p>La localidad de Jahuel tiene 2.548 habitantes (2017), su superficie es de 114,3 km2, lo que representa el 68,7% del total de la comuna.<\/p>\n<p>En el sector, la principal actividad econ\u00f3mica es la agropecuaria, con <strong>cultivo de olivos<\/strong>, frutales y en menor medida ganado vacuno y crianza de cabras. Existe una creciente actividad tur\u00edstica debido a sus hermosos paisajes, en los que se ubica el santuario de la naturaleza El Zaino Cop\u00edn.<\/p>\n<p>Tambi\u00e9n se encuentra el hotel Jahuel y el antiguo poblado de Santa Filomena, con su templo declarado monumento nacional el a\u00f1o 2008 y las festividades religiosas asociadas a dicha figura.<\/p>\n<p>Los habitantes de Jahuel tienen acceso a tres escuelas b\u00e1sicas municipales, siendo la <strong>escuela de Jahuelito<\/strong> un centro de encuentro y desarrollo para su comunidad, que cuenta con excelencia a nivel educativo y est\u00e1 certificada ambientalmente.<\/p>\n<\/div><\/section><br \/>\n\n<style type=\"text\/css\" data-created_by=\"avia_inline_auto\" id=\"style-css-av-m5u92h64-783ebe05fd5fc4a021375635124b6527\">\n#top .hr.hr-invisible.av-m5u92h64-783ebe05fd5fc4a021375635124b6527{\nheight:70px;\n}\n<\/style>\n<div  class='hr av-m5u92h64-783ebe05fd5fc4a021375635124b6527 hr-invisible  avia-builder-el-6  el_after_av_textblock  avia-builder-el-last '><span class='hr-inner '><span class=\"hr-inner-style\"><\/span><\/span><\/div><\/p><\/div>\n<div  class='flex_column av-av_one_full-4453fbc7e8da734fe9d5824da1c72891 av_one_full  avia-builder-el-7  el_after_av_one_full  el_before_av_one_full  first flex_column_div  column-top-margin'     ><style type=\"text\/css\" data-created_by=\"avia_inline_auto\" id=\"style-css-av-m97lb9u9-9e36674dc63890ffbc8c7a9f14300e4c\">\n.avia-image-container.av-m97lb9u9-9e36674dc63890ffbc8c7a9f14300e4c img.avia_image{\nbox-shadow:none;\n}\n.avia-image-container.av-m97lb9u9-9e36674dc63890ffbc8c7a9f14300e4c .av-image-caption-overlay-center{\ncolor:#ffffff;\n}\n<\/style>\n<div  class='avia-image-container av-m97lb9u9-9e36674dc63890ffbc8c7a9f14300e4c av-styling- avia_animated_image av-animated-when-visible-95 fade-in avia-align-center  avia-builder-el-8  avia-builder-el-no-sibling  av-has-copyright av-copyright-always'   itemprop=\"image\" itemscope=\"itemscope\" itemtype=\"https:\/\/schema.org\/ImageObject\" ><div class=\"avia-image-container-inner\"><div class=\"avia-image-overlay-wrap\"><img decoding=\"async\" fetchpriority=\"high\" class='wp-image-729 avia-img-lazy-loading-not-729 avia_image ' src=\"https:\/\/elzainolagunaelcopin.cl\/home\/wp-content\/uploads\/2025\/04\/escuela-julio-tejedor-zuniga.jpg\" alt='' title='Escuela Julio Tejedor Zu\u00f1iga_\u00a9P.Silva'  height=\"446\" width=\"675\"  itemprop=\"thumbnailUrl\" srcset=\"https:\/\/elzainolagunaelcopin.cl\/home\/wp-content\/uploads\/2025\/04\/escuela-julio-tejedor-zuniga.jpg 675w, https:\/\/elzainolagunaelcopin.cl\/home\/wp-content\/uploads\/2025\/04\/escuela-julio-tejedor-zuniga-300x198.jpg 300w\" sizes=\"(max-width: 675px) 100vw, 675px\" \/><\/div><small class=\"avia-copyright\">Escuela Julio Tejedor Zu\u00f1iga \u00a9P.Silva<\/small><\/div><\/div><\/div><div  class='flex_column av-7qn72-52c8c7314354f0fa0a655ed8f4297ed6 av_one_full  avia-builder-el-9  el_after_av_one_full  avia-builder-el-last  first flex_column_div  column-top-margin'     ><div id='av-masonry-1' class='av-masonry av-m4khqd1b-2793a925ad66abdb7b51e5e9ed4833c9 noHover av-flex-size av-large-gap av-hover-overlay-active av-masonry-animation-active av-masonry-col-flexible av-caption-always av-caption-style- av-masonry-gallery ' data-post_id=\"586\"><div class=\"av-masonry-container isotope av-js-disabled\"><div class='av-masonry-entry isotope-item av-masonry-item-no-image '><\/div><a href=\"https:\/\/elzainolagunaelcopin.cl\/home\/wp-content\/uploads\/2025\/01\/08-Alguna-foto-de-la-localidad-1030x686.jpg\" data-srcset=\"https:\/\/elzainolagunaelcopin.cl\/home\/wp-content\/uploads\/2025\/01\/08-Alguna-foto-de-la-localidad-1030x686.jpg 1030w, https:\/\/elzainolagunaelcopin.cl\/home\/wp-content\/uploads\/2025\/01\/08-Alguna-foto-de-la-localidad-300x200.jpg 300w, https:\/\/elzainolagunaelcopin.cl\/home\/wp-content\/uploads\/2025\/01\/08-Alguna-foto-de-la-localidad-768x512.jpg 768w, https:\/\/elzainolagunaelcopin.cl\/home\/wp-content\/uploads\/2025\/01\/08-Alguna-foto-de-la-localidad-705x470.jpg 705w, https:\/\/elzainolagunaelcopin.cl\/home\/wp-content\/uploads\/2025\/01\/08-Alguna-foto-de-la-localidad.jpg 1280w\" data-sizes=\"(max-width: 1030px) 100vw, 1030px\"  aria-label=\"image Vista a las mesetas y localidad de Jahuel \u00a9Joaqu\u00edn L\u00f3pez\"  id='av-masonry-1-item-494' data-av-masonry-item='494' class='av-masonry-entry isotope-item post-494 attachment type-attachment status-inherit hentry  av-masonry-item-with-image' title=\"Vista a las mesetas y localidad de Jahuel \u00a9Joaqu\u00edn L\u00f3pez\" alt=\"Vista a las mesetas y localidad de Jahuel \u00a9Joaqu\u00edn L\u00f3pez\"    itemprop=\"thumbnailUrl\" ><div class='av-inner-masonry-sizer'><\/div><figure class='av-inner-masonry main_color'><div class=\"av-masonry-outerimage-container\"><div class='av-masonry-image-container'  ><img decoding=\"async\" width=\"705\" height=\"470\" fetchpriority=\"high\" class=\"wp-image-494 avia-img-lazy-loading-not-494\"  src=\"https:\/\/elzainolagunaelcopin.cl\/home\/wp-content\/uploads\/2025\/01\/08-Alguna-foto-de-la-localidad-705x470.jpg\" title=\"Vista a las mesetas y localidad de Jahuel \u00a9Joaqu\u00edn L\u00f3pez\" alt=\"Vista a las mesetas y localidad de Jahuel \u00a9Joaqu\u00edn L\u00f3pez\" srcset=\"https:\/\/elzainolagunaelcopin.cl\/home\/wp-content\/uploads\/2025\/01\/08-Alguna-foto-de-la-localidad-705x470.jpg 705w, https:\/\/elzainolagunaelcopin.cl\/home\/wp-content\/uploads\/2025\/01\/08-Alguna-foto-de-la-localidad-300x200.jpg 300w, https:\/\/elzainolagunaelcopin.cl\/home\/wp-content\/uploads\/2025\/01\/08-Alguna-foto-de-la-localidad-1030x686.jpg 1030w, https:\/\/elzainolagunaelcopin.cl\/home\/wp-content\/uploads\/2025\/01\/08-Alguna-foto-de-la-localidad-768x512.jpg 768w, https:\/\/elzainolagunaelcopin.cl\/home\/wp-content\/uploads\/2025\/01\/08-Alguna-foto-de-la-localidad.jpg 1280w\" sizes=\"(max-width: 705px) 100vw, 705px\" \/><\/div><\/div><\/figure><\/a><!--end av-masonry entry--><a href=\"https:\/\/elzainolagunaelcopin.cl\/home\/wp-content\/uploads\/2025\/01\/07-Alguna-foto-de-la-localidad-1030x686.jpg\" data-srcset=\"https:\/\/elzainolagunaelcopin.cl\/home\/wp-content\/uploads\/2025\/01\/07-Alguna-foto-de-la-localidad-1030x686.jpg 1030w, https:\/\/elzainolagunaelcopin.cl\/home\/wp-content\/uploads\/2025\/01\/07-Alguna-foto-de-la-localidad-300x200.jpg 300w, https:\/\/elzainolagunaelcopin.cl\/home\/wp-content\/uploads\/2025\/01\/07-Alguna-foto-de-la-localidad-768x511.jpg 768w, https:\/\/elzainolagunaelcopin.cl\/home\/wp-content\/uploads\/2025\/01\/07-Alguna-foto-de-la-localidad-705x469.jpg 705w, https:\/\/elzainolagunaelcopin.cl\/home\/wp-content\/uploads\/2025\/01\/07-Alguna-foto-de-la-localidad.jpg 1196w\" data-sizes=\"(max-width: 1030px) 100vw, 1030px\"  aria-label=\"image Vista a las mesetas y localidad de Jahuel \u00a9Joaqu\u00edn L\u00f3pez\"  id='av-masonry-1-item-493' data-av-masonry-item='493' class='av-masonry-entry isotope-item post-493 attachment type-attachment status-inherit hentry  av-masonry-item-with-image' title=\"Vista a las mesetas y localidad de Jahuel \u00a9Joaqu\u00edn L\u00f3pez\" alt=\"Vista a las mesetas y localidad de Jahuel \u00a9Joaqu\u00edn L\u00f3pez\"    itemprop=\"thumbnailUrl\" ><div class='av-inner-masonry-sizer'><\/div><figure class='av-inner-masonry main_color'><div class=\"av-masonry-outerimage-container\"><div class='av-masonry-image-container'  ><img decoding=\"async\" width=\"705\" height=\"469\" fetchpriority=\"high\" class=\"wp-image-493 avia-img-lazy-loading-not-493\"  src=\"https:\/\/elzainolagunaelcopin.cl\/home\/wp-content\/uploads\/2025\/01\/07-Alguna-foto-de-la-localidad-705x469.jpg\" title=\"Vista a las mesetas y localidad de Jahuel \u00a9Joaqu\u00edn L\u00f3pez\" alt=\"Vista a las mesetas y localidad de Jahuel \u00a9Joaqu\u00edn L\u00f3pez\" srcset=\"https:\/\/elzainolagunaelcopin.cl\/home\/wp-content\/uploads\/2025\/01\/07-Alguna-foto-de-la-localidad-705x469.jpg 705w, https:\/\/elzainolagunaelcopin.cl\/home\/wp-content\/uploads\/2025\/01\/07-Alguna-foto-de-la-localidad-300x200.jpg 300w, https:\/\/elzainolagunaelcopin.cl\/home\/wp-content\/uploads\/2025\/01\/07-Alguna-foto-de-la-localidad-1030x686.jpg 1030w, https:\/\/elzainolagunaelcopin.cl\/home\/wp-content\/uploads\/2025\/01\/07-Alguna-foto-de-la-localidad-768x511.jpg 768w, https:\/\/elzainolagunaelcopin.cl\/home\/wp-content\/uploads\/2025\/01\/07-Alguna-foto-de-la-localidad.jpg 1196w\" sizes=\"(max-width: 705px) 100vw, 705px\" \/><\/div><\/div><\/figure><\/a><!--end av-masonry entry--><a href=\"https:\/\/elzainolagunaelcopin.cl\/home\/wp-content\/uploads\/2025\/01\/06-Alguna-foto-de-la-localidad-1030x686.jpg\" data-srcset=\"https:\/\/elzainolagunaelcopin.cl\/home\/wp-content\/uploads\/2025\/01\/06-Alguna-foto-de-la-localidad-1030x686.jpg 1030w, https:\/\/elzainolagunaelcopin.cl\/home\/wp-content\/uploads\/2025\/01\/06-Alguna-foto-de-la-localidad-300x200.jpg 300w, https:\/\/elzainolagunaelcopin.cl\/home\/wp-content\/uploads\/2025\/01\/06-Alguna-foto-de-la-localidad-768x512.jpg 768w, https:\/\/elzainolagunaelcopin.cl\/home\/wp-content\/uploads\/2025\/01\/06-Alguna-foto-de-la-localidad-705x470.jpg 705w, https:\/\/elzainolagunaelcopin.cl\/home\/wp-content\/uploads\/2025\/01\/06-Alguna-foto-de-la-localidad.jpg 1280w\" data-sizes=\"(max-width: 1030px) 100vw, 1030px\"  aria-label=\"image Vista mesetas de Jahuel \u00a9Joaqu\u00edn L\u00f3pez\"  id='av-masonry-1-item-492' data-av-masonry-item='492' class='av-masonry-entry isotope-item post-492 attachment type-attachment status-inherit hentry  av-masonry-item-with-image' title=\"Vista mesetas de Jahuel \u00a9Joaqu\u00edn L\u00f3pez\" alt=\"Vista mesetas de Jahuel \u00a9Joaqu\u00edn L\u00f3pez\"    itemprop=\"thumbnailUrl\" ><div class='av-inner-masonry-sizer'><\/div><figure class='av-inner-masonry main_color'><div class=\"av-masonry-outerimage-container\"><div class='av-masonry-image-container'  ><img decoding=\"async\" width=\"705\" height=\"470\" fetchpriority=\"high\" class=\"wp-image-492 avia-img-lazy-loading-not-492\"  src=\"https:\/\/elzainolagunaelcopin.cl\/home\/wp-content\/uploads\/2025\/01\/06-Alguna-foto-de-la-localidad-705x470.jpg\" title=\"Vista mesetas de Jahuel \u00a9Joaqu\u00edn L\u00f3pez\" alt=\"Vista mesetas de Jahuel \u00a9Joaqu\u00edn L\u00f3pez\" srcset=\"https:\/\/elzainolagunaelcopin.cl\/home\/wp-content\/uploads\/2025\/01\/06-Alguna-foto-de-la-localidad-705x470.jpg 705w, https:\/\/elzainolagunaelcopin.cl\/home\/wp-content\/uploads\/2025\/01\/06-Alguna-foto-de-la-localidad-300x200.jpg 300w, https:\/\/elzainolagunaelcopin.cl\/home\/wp-content\/uploads\/2025\/01\/06-Alguna-foto-de-la-localidad-1030x686.jpg 1030w, https:\/\/elzainolagunaelcopin.cl\/home\/wp-content\/uploads\/2025\/01\/06-Alguna-foto-de-la-localidad-768x512.jpg 768w, https:\/\/elzainolagunaelcopin.cl\/home\/wp-content\/uploads\/2025\/01\/06-Alguna-foto-de-la-localidad.jpg 1280w\" sizes=\"(max-width: 705px) 100vw, 705px\" \/><\/div><\/div><\/figure><\/a><!--end av-masonry entry--><a href=\"https:\/\/elzainolagunaelcopin.cl\/home\/wp-content\/uploads\/2025\/01\/05-Cosecha-de-olivos-1030x685.jpg\" data-srcset=\"https:\/\/elzainolagunaelcopin.cl\/home\/wp-content\/uploads\/2025\/01\/05-Cosecha-de-olivos-1030x685.jpg 1030w, https:\/\/elzainolagunaelcopin.cl\/home\/wp-content\/uploads\/2025\/01\/05-Cosecha-de-olivos-300x199.jpg 300w, https:\/\/elzainolagunaelcopin.cl\/home\/wp-content\/uploads\/2025\/01\/05-Cosecha-de-olivos-768x511.jpg 768w, https:\/\/elzainolagunaelcopin.cl\/home\/wp-content\/uploads\/2025\/01\/05-Cosecha-de-olivos-705x469.jpg 705w, https:\/\/elzainolagunaelcopin.cl\/home\/wp-content\/uploads\/2025\/01\/05-Cosecha-de-olivos.jpg 1280w\" data-sizes=\"(max-width: 1030px) 100vw, 1030px\"  aria-label=\"image Cosecha de olivos\"  id='av-masonry-1-item-491' data-av-masonry-item='491' class='av-masonry-entry isotope-item post-491 attachment type-attachment status-inherit hentry  av-masonry-item-with-image' title=\"Cosecha de olivos\" alt=\"Cosecha de olivos\"    itemprop=\"thumbnailUrl\" ><div class='av-inner-masonry-sizer'><\/div><figure class='av-inner-masonry main_color'><div class=\"av-masonry-outerimage-container\"><div class='av-masonry-image-container'  ><img decoding=\"async\" width=\"705\" height=\"469\" fetchpriority=\"high\" class=\"wp-image-491 avia-img-lazy-loading-not-491\"  src=\"https:\/\/elzainolagunaelcopin.cl\/home\/wp-content\/uploads\/2025\/01\/05-Cosecha-de-olivos-705x469.jpg\" title=\"Cosecha de olivos\" alt=\"Cosecha de olivos\" srcset=\"https:\/\/elzainolagunaelcopin.cl\/home\/wp-content\/uploads\/2025\/01\/05-Cosecha-de-olivos-705x469.jpg 705w, https:\/\/elzainolagunaelcopin.cl\/home\/wp-content\/uploads\/2025\/01\/05-Cosecha-de-olivos-300x199.jpg 300w, https:\/\/elzainolagunaelcopin.cl\/home\/wp-content\/uploads\/2025\/01\/05-Cosecha-de-olivos-1030x685.jpg 1030w, https:\/\/elzainolagunaelcopin.cl\/home\/wp-content\/uploads\/2025\/01\/05-Cosecha-de-olivos-768x511.jpg 768w, https:\/\/elzainolagunaelcopin.cl\/home\/wp-content\/uploads\/2025\/01\/05-Cosecha-de-olivos.jpg 1280w\" sizes=\"(max-width: 705px) 100vw, 705px\" \/><\/div><\/div><\/figure><\/a><!--end av-masonry entry--><\/div><\/div><\/div><\/p>\n","protected":false},"excerpt":{"rendered":"","protected":false},"author":1,"featured_media":0,"parent":0,"menu_order":0,"comment_status":"closed","ping_status":"closed","template":"","meta":{"footnotes":""},"class_list":["post-586","page","type-page","status-publish","hentry"],"yoast_head":"<!-- This site is optimized with the Yoast SEO plugin v26.2 - https:\/\/yoast.com\/wordpress\/plugins\/seo\/ -->\n<title>La localidad de Jahuel y su comunidad - El Zaino Laguna El Cop\u00edn<\/title>\n<meta name=\"robots\" content=\"index, follow, max-snippet:-1, max-image-preview:large, max-video-preview:-1\" \/>\n<link rel=\"canonical\" href=\"https:\/\/elzainolagunaelcopin.cl\/index.php\/la-localidad-de-jahuel-y-su-comunidad\/\" \/>\n<meta property=\"og:locale\" content=\"es_ES\" \/>\n<meta property=\"og:type\" content=\"article\" \/>\n<meta property=\"og:title\" content=\"La localidad de Jahuel y su comunidad - El Zaino Laguna El Cop\u00edn\" \/>\n<meta property=\"og:url\" content=\"https:\/\/elzainolagunaelcopin.cl\/index.php\/la-localidad-de-jahuel-y-su-comunidad\/\" \/>\n<meta property=\"og:site_name\" content=\"El Zaino Laguna El Cop\u00edn\" \/>\n<meta property=\"article:modified_time\" content=\"2025-04-07T21:36:57+00:00\" \/>\n<meta name=\"twitter:card\" content=\"summary_large_image\" \/>\n<meta name=\"twitter:label1\" content=\"Tiempo de lectura\" \/>\n\t<meta name=\"twitter:data1\" content=\"16 minutos\" \/>\n<script type=\"application\/ld+json\" class=\"yoast-schema-graph\">{\"@context\":\"https:\/\/schema.org\",\"@graph\":[{\"@type\":\"WebPage\",\"@id\":\"https:\/\/elzainolagunaelcopin.cl\/index.php\/la-localidad-de-jahuel-y-su-comunidad\/\",\"url\":\"https:\/\/elzainolagunaelcopin.cl\/index.php\/la-localidad-de-jahuel-y-su-comunidad\/\",\"name\":\"La localidad de Jahuel y su comunidad - El Zaino Laguna El Cop\u00edn\",\"isPartOf\":{\"@id\":\"https:\/\/elzainolagunaelcopin.cl\/#website\"},\"datePublished\":\"2025-01-15T00:50:48+00:00\",\"dateModified\":\"2025-04-07T21:36:57+00:00\",\"breadcrumb\":{\"@id\":\"https:\/\/elzainolagunaelcopin.cl\/index.php\/la-localidad-de-jahuel-y-su-comunidad\/#breadcrumb\"},\"inLanguage\":\"es\",\"potentialAction\":[{\"@type\":\"ReadAction\",\"target\":[\"https:\/\/elzainolagunaelcopin.cl\/index.php\/la-localidad-de-jahuel-y-su-comunidad\/\"]}]},{\"@type\":\"BreadcrumbList\",\"@id\":\"https:\/\/elzainolagunaelcopin.cl\/index.php\/la-localidad-de-jahuel-y-su-comunidad\/#breadcrumb\",\"itemListElement\":[{\"@type\":\"ListItem\",\"position\":1,\"name\":\"Portada\",\"item\":\"https:\/\/elzainolagunaelcopin.cl\/index.php\/home\/\"},{\"@type\":\"ListItem\",\"position\":2,\"name\":\"La localidad de Jahuel y su comunidad\"}]},{\"@type\":\"WebSite\",\"@id\":\"https:\/\/elzainolagunaelcopin.cl\/#website\",\"url\":\"https:\/\/elzainolagunaelcopin.cl\/\",\"name\":\"El Zaino Laguna El Cop\u00edn\",\"description\":\"\",\"publisher\":{\"@id\":\"https:\/\/elzainolagunaelcopin.cl\/#organization\"},\"potentialAction\":[{\"@type\":\"SearchAction\",\"target\":{\"@type\":\"EntryPoint\",\"urlTemplate\":\"https:\/\/elzainolagunaelcopin.cl\/?s={search_term_string}\"},\"query-input\":{\"@type\":\"PropertyValueSpecification\",\"valueRequired\":true,\"valueName\":\"search_term_string\"}}],\"inLanguage\":\"es\"},{\"@type\":\"Organization\",\"@id\":\"https:\/\/elzainolagunaelcopin.cl\/#organization\",\"name\":\"El Zaino Laguna El Cop\u00edn\",\"url\":\"https:\/\/elzainolagunaelcopin.cl\/\",\"logo\":{\"@type\":\"ImageObject\",\"inLanguage\":\"es\",\"@id\":\"https:\/\/elzainolagunaelcopin.cl\/#\/schema\/logo\/image\/\",\"url\":\"https:\/\/elzainolagunaelcopin.cl\/home\/wp-content\/uploads\/2024\/12\/favicon.png\",\"contentUrl\":\"https:\/\/elzainolagunaelcopin.cl\/home\/wp-content\/uploads\/2024\/12\/favicon.png\",\"width\":512,\"height\":512,\"caption\":\"El Zaino Laguna El Cop\u00edn\"},\"image\":{\"@id\":\"https:\/\/elzainolagunaelcopin.cl\/#\/schema\/logo\/image\/\"}}]}<\/script>\n<!-- \/ Yoast SEO plugin. -->","yoast_head_json":{"title":"La localidad de Jahuel y su comunidad - El Zaino Laguna El Cop\u00edn","robots":{"index":"index","follow":"follow","max-snippet":"max-snippet:-1","max-image-preview":"max-image-preview:large","max-video-preview":"max-video-preview:-1"},"canonical":"https:\/\/elzainolagunaelcopin.cl\/index.php\/la-localidad-de-jahuel-y-su-comunidad\/","og_locale":"es_ES","og_type":"article","og_title":"La localidad de Jahuel y su comunidad - El Zaino Laguna El Cop\u00edn","og_url":"https:\/\/elzainolagunaelcopin.cl\/index.php\/la-localidad-de-jahuel-y-su-comunidad\/","og_site_name":"El Zaino Laguna El Cop\u00edn","article_modified_time":"2025-04-07T21:36:57+00:00","twitter_card":"summary_large_image","twitter_misc":{"Tiempo de lectura":"16 minutos"},"schema":{"@context":"https:\/\/schema.org","@graph":[{"@type":"WebPage","@id":"https:\/\/elzainolagunaelcopin.cl\/index.php\/la-localidad-de-jahuel-y-su-comunidad\/","url":"https:\/\/elzainolagunaelcopin.cl\/index.php\/la-localidad-de-jahuel-y-su-comunidad\/","name":"La localidad de Jahuel y su comunidad - El Zaino Laguna El Cop\u00edn","isPartOf":{"@id":"https:\/\/elzainolagunaelcopin.cl\/#website"},"datePublished":"2025-01-15T00:50:48+00:00","dateModified":"2025-04-07T21:36:57+00:00","breadcrumb":{"@id":"https:\/\/elzainolagunaelcopin.cl\/index.php\/la-localidad-de-jahuel-y-su-comunidad\/#breadcrumb"},"inLanguage":"es","potentialAction":[{"@type":"ReadAction","target":["https:\/\/elzainolagunaelcopin.cl\/index.php\/la-localidad-de-jahuel-y-su-comunidad\/"]}]},{"@type":"BreadcrumbList","@id":"https:\/\/elzainolagunaelcopin.cl\/index.php\/la-localidad-de-jahuel-y-su-comunidad\/#breadcrumb","itemListElement":[{"@type":"ListItem","position":1,"name":"Portada","item":"https:\/\/elzainolagunaelcopin.cl\/index.php\/home\/"},{"@type":"ListItem","position":2,"name":"La localidad de Jahuel y su comunidad"}]},{"@type":"WebSite","@id":"https:\/\/elzainolagunaelcopin.cl\/#website","url":"https:\/\/elzainolagunaelcopin.cl\/","name":"El Zaino Laguna El Cop\u00edn","description":"","publisher":{"@id":"https:\/\/elzainolagunaelcopin.cl\/#organization"},"potentialAction":[{"@type":"SearchAction","target":{"@type":"EntryPoint","urlTemplate":"https:\/\/elzainolagunaelcopin.cl\/?s={search_term_string}"},"query-input":{"@type":"PropertyValueSpecification","valueRequired":true,"valueName":"search_term_string"}}],"inLanguage":"es"},{"@type":"Organization","@id":"https:\/\/elzainolagunaelcopin.cl\/#organization","name":"El Zaino Laguna El Cop\u00edn","url":"https:\/\/elzainolagunaelcopin.cl\/","logo":{"@type":"ImageObject","inLanguage":"es","@id":"https:\/\/elzainolagunaelcopin.cl\/#\/schema\/logo\/image\/","url":"https:\/\/elzainolagunaelcopin.cl\/home\/wp-content\/uploads\/2024\/12\/favicon.png","contentUrl":"https:\/\/elzainolagunaelcopin.cl\/home\/wp-content\/uploads\/2024\/12\/favicon.png","width":512,"height":512,"caption":"El Zaino Laguna El Cop\u00edn"},"image":{"@id":"https:\/\/elzainolagunaelcopin.cl\/#\/schema\/logo\/image\/"}}]}},"_links":{"self":[{"href":"https:\/\/elzainolagunaelcopin.cl\/index.php\/wp-json\/wp\/v2\/pages\/586","targetHints":{"allow":["GET"]}}],"collection":[{"href":"https:\/\/elzainolagunaelcopin.cl\/index.php\/wp-json\/wp\/v2\/pages"}],"about":[{"href":"https:\/\/elzainolagunaelcopin.cl\/index.php\/wp-json\/wp\/v2\/types\/page"}],"author":[{"embeddable":true,"href":"https:\/\/elzainolagunaelcopin.cl\/index.php\/wp-json\/wp\/v2\/users\/1"}],"replies":[{"embeddable":true,"href":"https:\/\/elzainolagunaelcopin.cl\/index.php\/wp-json\/wp\/v2\/comments?post=586"}],"version-history":[{"count":7,"href":"https:\/\/elzainolagunaelcopin.cl\/index.php\/wp-json\/wp\/v2\/pages\/586\/revisions"}],"predecessor-version":[{"id":733,"href":"https:\/\/elzainolagunaelcopin.cl\/index.php\/wp-json\/wp\/v2\/pages\/586\/revisions\/733"}],"wp:attachment":[{"href":"https:\/\/elzainolagunaelcopin.cl\/index.php\/wp-json\/wp\/v2\/media?parent=586"}],"curies":[{"name":"wp","href":"https:\/\/api.w.org\/{rel}","templated":true}]}}