{"id":705,"date":"2025-01-15T22:23:58","date_gmt":"2025-01-16T01:23:58","guid":{"rendered":"https:\/\/elzainolagunaelcopin.cl\/?page_id=705"},"modified":"2025-04-08T23:05:14","modified_gmt":"2025-04-09T03:05:14","slug":"como-llegar","status":"publish","type":"page","link":"https:\/\/elzainolagunaelcopin.cl\/index.php\/como-llegar\/","title":{"rendered":"Como llegar"},"content":{"rendered":"\n<style type=\"text\/css\" data-created_by=\"avia_inline_auto\" id=\"style-css-av-m5ymuzst-2510954a1f535cfa63f846a8497c3f6c\">\n.avia-section.av-m5ymuzst-2510954a1f535cfa63f846a8497c3f6c .av-parallax .av-parallax-inner{\nbackground-repeat:no-repeat;\nbackground-image:url(https:\/\/elzainolagunaelcopin.cl\/home\/wp-content\/uploads\/2025\/01\/destacado_como-llegar.jpg);\nbackground-position:50% 50%;\nbackground-attachment:scroll;\n}\n<\/style>\n<div id='av_section_1'  class='avia-section av-m5ymuzst-2510954a1f535cfa63f846a8497c3f6c main_color avia-section-default avia-no-border-styling  avia-builder-el-0  el_before_av_one_full  avia-builder-el-first  av-parallax-section avia-bg-style-parallax av-minimum-height av-minimum-height-custom av-height-custom  container_wrap sidebar_right'  data-section-bg-repeat='no-repeat' data-av_minimum_height_px='500'><div class='av-parallax' data-avia-parallax-ratio='0.3' ><div class='av-parallax-inner main_color avia-full-stretch'><\/div><\/div><div class='container av-section-cont-open' style='height:500px'><main  role=\"main\" itemprop=\"mainContentOfPage\"  class='template-page content  av-content-small alpha units'><div class='post-entry post-entry-type-page post-entry-705'><div class='entry-content-wrapper clearfix'><\/div><\/div><\/main><!-- close content main element --><\/div><\/div><div id='after_section_1'  class='main_color av_default_container_wrap container_wrap sidebar_right'  ><div class='container av-section-cont-open' ><div class='template-page content  av-content-small alpha units'><div class='post-entry post-entry-type-page post-entry-705'><div class='entry-content-wrapper clearfix'>\n<div  class='flex_column av-yq4eh-75dc61726cdf14b3e1ac1970f9c41ac0 av_one_full  avia-builder-el-1  el_after_av_section  el_before_av_one_full  avia-builder-el-first  first flex_column_div  '     ><p>\n<style type=\"text\/css\" data-created_by=\"avia_inline_auto\" id=\"style-css-av-m5ymwztv-ef42ef64db3b1703a9c7e0b602bf48c3\">\n#top .av-special-heading.av-m5ymwztv-ef42ef64db3b1703a9c7e0b602bf48c3{\npadding-bottom:10px;\n}\nbody .av-special-heading.av-m5ymwztv-ef42ef64db3b1703a9c7e0b602bf48c3 .av-special-heading-tag .heading-char{\nfont-size:25px;\n}\n.av-special-heading.av-m5ymwztv-ef42ef64db3b1703a9c7e0b602bf48c3 .av-subheading{\nfont-size:15px;\n}\n<\/style>\n<div  class='av-special-heading av-m5ymwztv-ef42ef64db3b1703a9c7e0b602bf48c3 av-special-heading-h2 blockquote modern-quote modern-centered  avia-builder-el-2  el_before_av_hr  avia-builder-el-first '><h2 class='av-special-heading-tag '  itemprop=\"headline\"  >C\u00f3mo llegar<\/h2><div class=\"special-heading-border\"><div class=\"special-heading-inner-border\"><\/div><\/div><\/div><br \/>\n\n<style type=\"text\/css\" data-created_by=\"avia_inline_auto\" id=\"style-css-av-m5ymxzlf-d95e0095c9958654b15c2b9beec985d6\">\n#top .hr.av-m5ymxzlf-d95e0095c9958654b15c2b9beec985d6{\nmargin-top:5px;\nmargin-bottom:30px;\n}\n.hr.av-m5ymxzlf-d95e0095c9958654b15c2b9beec985d6 .hr-inner{\nwidth:50px;\nborder-color:#8aaac1;\n}\n<\/style>\n<div  class='hr av-m5ymxzlf-d95e0095c9958654b15c2b9beec985d6 hr-custom  avia-builder-el-3  el_after_av_heading  avia-builder-el-last  hr-center hr-icon-no'><span class='hr-inner inner-border-av-border-fat'><span class=\"hr-inner-style\"><\/span><\/span><\/div><\/p><\/div>\n<div  class='flex_column av-r9zmh-bcfc12646e94ec050ccf4d9b4717cc5b av_one_full  avia-builder-el-4  el_after_av_one_full  el_before_av_one_full  first flex_column_div av-animated-generic bottom-to-top  column-top-margin'     ><section  class='av_textblock_section av-m5yn0axp-a25933c67bc4b301910bc6ce22987d41 '   itemscope=\"itemscope\" itemtype=\"https:\/\/schema.org\/CreativeWork\" ><div class='avia_textblock'  itemprop=\"text\" ><p>El Santuario de la Naturaleza El Zaino \u2013 Laguna El Cop\u00edn (SN) se encuentra ubicado en sector El Zaino del Valle de Jahuel, un rinc\u00f3n verde cerca de la cordillera norte del Valle del Aconcagua. Si bien, se puede ingresar desde diferentes comunas, como Putaendo y San Esteban, el acceso principal se ubica por la comuna de Santa Mar\u00eda. Se encuentra a una distancia cercana a los 19 km desde la ciudad de San Felipe que se traduce en un tiempo estimado que fluct\u00faa entre los 30 y 40 minutos. El camino que conecta el centro urbano con el acceso al SN est\u00e1 habilitado y en condiciones \u00f3ptimas para todo tipo de veh\u00edculo. El transporte p\u00fablico o locomoci\u00f3n colectiva s\u00f3lo presta servicio de acercamiento al punto de ingreso y tienen una escasa permanencia horaria, los nombres de dichos prestadores a los que se les puede solicitar informaci\u00f3n m\u00e1s detallada es: <em>\u201cEmpresa VerArcos Ltda\u201d<\/em> y <em>\u201cTransportes Lucero\u201d<\/em>.<\/p>\n<p>Dentro del \u00e1rea protegida s\u00f3lo se autoriza el desplazamiento a pie a excepci\u00f3n de veh\u00edculos de emergencia, de la administraci\u00f3n del lugar o que sean autorizados a ingresar.<\/p>\n<\/div><\/section><\/div><div  class='flex_column av-1vp9t-1917cfa01cf9de7f9f4e5eb4c766f66e av_one_full  avia-builder-el-6  el_after_av_one_full  el_before_av_one_full  first flex_column_div av-animated-generic fade-in  column-top-margin'     ><style type=\"text\/css\" data-created_by=\"avia_inline_auto\" id=\"style-css-av-m5ync617-18b2c998b2638e31b83323ebfc08f23a\">\n.avia_transform .avia-image-container.av-m5ync617-18b2c998b2638e31b83323ebfc08f23a{\nanimation-duration:1.5s;\n}\n.avia-image-container.av-m5ync617-18b2c998b2638e31b83323ebfc08f23a img.avia_image{\nbox-shadow:none;\n}\n.avia-image-container.av-m5ync617-18b2c998b2638e31b83323ebfc08f23a .av-image-caption-overlay-center{\ncolor:#ffffff;\n}\n<\/style>\n<div  class='avia-image-container av-m5ync617-18b2c998b2638e31b83323ebfc08f23a av-styling- avia_animated_image av-animated-when-visible-95 fade-in avia-align-center  avia-builder-el-7  avia-builder-el-no-sibling '   itemprop=\"image\" itemscope=\"itemscope\" itemtype=\"https:\/\/schema.org\/ImageObject\" ><div class=\"avia-image-container-inner\"><div class=\"avia-image-overlay-wrap\"><img decoding=\"async\" fetchpriority=\"high\" class='wp-image-790 avia-img-lazy-loading-not-790 avia_image ' src=\"https:\/\/elzainolagunaelcopin.cl\/home\/wp-content\/uploads\/2025\/04\/folleto_el-zaino-ok-1.jpg\" alt='' title='Folleto El Zaino'  height=\"834\" width=\"1280\"  itemprop=\"thumbnailUrl\" srcset=\"https:\/\/elzainolagunaelcopin.cl\/home\/wp-content\/uploads\/2025\/04\/folleto_el-zaino-ok-1.jpg 1280w, https:\/\/elzainolagunaelcopin.cl\/home\/wp-content\/uploads\/2025\/04\/folleto_el-zaino-ok-1-300x195.jpg 300w, https:\/\/elzainolagunaelcopin.cl\/home\/wp-content\/uploads\/2025\/04\/folleto_el-zaino-ok-1-1030x671.jpg 1030w, https:\/\/elzainolagunaelcopin.cl\/home\/wp-content\/uploads\/2025\/04\/folleto_el-zaino-ok-1-768x500.jpg 768w, https:\/\/elzainolagunaelcopin.cl\/home\/wp-content\/uploads\/2025\/04\/folleto_el-zaino-ok-1-705x459.jpg 705w\" sizes=\"(max-width: 1280px) 100vw, 1280px\" \/><\/div><\/div><\/div><\/div>\n<style type=\"text\/css\" data-created_by=\"avia_inline_auto\" id=\"style-css-av-hgkmp-9934bccddb5539c6cf706ee310f7aa4c\">\n.avia_transform .flex_column.av-hgkmp-9934bccddb5539c6cf706ee310f7aa4c{\nanimation-duration:2s;\n}\n<\/style>\n<div  class='flex_column av-hgkmp-9934bccddb5539c6cf706ee310f7aa4c av_one_full  avia-builder-el-8  el_after_av_one_full  avia-builder-el-last  first flex_column_div av-animated-generic fade-in  column-top-margin'     ><style type=\"text\/css\" data-created_by=\"avia_inline_auto\" id=\"style-css-av-m5yncvtv-52ad2a04fc462121d757b026c03b68c4\">\n.avia_transform .avia-image-container.av-m5yncvtv-52ad2a04fc462121d757b026c03b68c4{\nanimation-duration:1.5s;\n}\n.avia-image-container.av-m5yncvtv-52ad2a04fc462121d757b026c03b68c4 img.avia_image{\nbox-shadow:none;\n}\n.avia-image-container.av-m5yncvtv-52ad2a04fc462121d757b026c03b68c4 .av-image-caption-overlay-center{\ncolor:#ffffff;\n}\n<\/style>\n<div  class='avia-image-container av-m5yncvtv-52ad2a04fc462121d757b026c03b68c4 av-styling- avia_animated_image av-animated-when-visible-95 fade-in avia-align-center  avia-builder-el-9  avia-builder-el-no-sibling '   itemprop=\"image\" itemscope=\"itemscope\" itemtype=\"https:\/\/schema.org\/ImageObject\" ><div class=\"avia-image-container-inner\"><div class=\"avia-image-overlay-wrap\"><img decoding=\"async\" fetchpriority=\"high\" class='wp-image-791 avia-img-lazy-loading-not-791 avia_image ' src=\"https:\/\/elzainolagunaelcopin.cl\/home\/wp-content\/uploads\/2025\/04\/folleto_el-zaino-ok-2.jpg\" alt='' title='Folleto El Zaino'  height=\"834\" width=\"1280\"  itemprop=\"thumbnailUrl\" srcset=\"https:\/\/elzainolagunaelcopin.cl\/home\/wp-content\/uploads\/2025\/04\/folleto_el-zaino-ok-2.jpg 1280w, https:\/\/elzainolagunaelcopin.cl\/home\/wp-content\/uploads\/2025\/04\/folleto_el-zaino-ok-2-300x195.jpg 300w, https:\/\/elzainolagunaelcopin.cl\/home\/wp-content\/uploads\/2025\/04\/folleto_el-zaino-ok-2-1030x671.jpg 1030w, https:\/\/elzainolagunaelcopin.cl\/home\/wp-content\/uploads\/2025\/04\/folleto_el-zaino-ok-2-768x500.jpg 768w, https:\/\/elzainolagunaelcopin.cl\/home\/wp-content\/uploads\/2025\/04\/folleto_el-zaino-ok-2-705x459.jpg 705w\" sizes=\"(max-width: 1280px) 100vw, 1280px\" \/><\/div><\/div><\/div><\/div><\/p>\n","protected":false},"excerpt":{"rendered":"","protected":false},"author":1,"featured_media":0,"parent":0,"menu_order":0,"comment_status":"closed","ping_status":"closed","template":"","meta":{"footnotes":""},"class_list":["post-705","page","type-page","status-publish","hentry"],"yoast_head":"<!-- This site is optimized with the Yoast SEO plugin v26.2 - https:\/\/yoast.com\/wordpress\/plugins\/seo\/ -->\n<title>Como llegar - El Zaino Laguna El Cop\u00edn<\/title>\n<meta name=\"robots\" content=\"index, follow, max-snippet:-1, max-image-preview:large, max-video-preview:-1\" \/>\n<link rel=\"canonical\" href=\"https:\/\/elzainolagunaelcopin.cl\/index.php\/como-llegar\/\" \/>\n<meta property=\"og:locale\" content=\"es_ES\" \/>\n<meta property=\"og:type\" content=\"article\" \/>\n<meta property=\"og:title\" content=\"Como llegar - El Zaino Laguna El Cop\u00edn\" \/>\n<meta property=\"og:url\" content=\"https:\/\/elzainolagunaelcopin.cl\/index.php\/como-llegar\/\" \/>\n<meta property=\"og:site_name\" content=\"El Zaino Laguna El Cop\u00edn\" \/>\n<meta property=\"article:modified_time\" content=\"2025-04-09T03:05:14+00:00\" \/>\n<meta name=\"twitter:card\" content=\"summary_large_image\" \/>\n<meta name=\"twitter:label1\" content=\"Tiempo de lectura\" \/>\n\t<meta name=\"twitter:data1\" content=\"17 minutos\" \/>\n<script type=\"application\/ld+json\" class=\"yoast-schema-graph\">{\"@context\":\"https:\/\/schema.org\",\"@graph\":[{\"@type\":\"WebPage\",\"@id\":\"https:\/\/elzainolagunaelcopin.cl\/index.php\/como-llegar\/\",\"url\":\"https:\/\/elzainolagunaelcopin.cl\/index.php\/como-llegar\/\",\"name\":\"Como llegar - El Zaino Laguna El Cop\u00edn\",\"isPartOf\":{\"@id\":\"https:\/\/elzainolagunaelcopin.cl\/#website\"},\"datePublished\":\"2025-01-16T01:23:58+00:00\",\"dateModified\":\"2025-04-09T03:05:14+00:00\",\"breadcrumb\":{\"@id\":\"https:\/\/elzainolagunaelcopin.cl\/index.php\/como-llegar\/#breadcrumb\"},\"inLanguage\":\"es\",\"potentialAction\":[{\"@type\":\"ReadAction\",\"target\":[\"https:\/\/elzainolagunaelcopin.cl\/index.php\/como-llegar\/\"]}]},{\"@type\":\"BreadcrumbList\",\"@id\":\"https:\/\/elzainolagunaelcopin.cl\/index.php\/como-llegar\/#breadcrumb\",\"itemListElement\":[{\"@type\":\"ListItem\",\"position\":1,\"name\":\"Portada\",\"item\":\"https:\/\/elzainolagunaelcopin.cl\/index.php\/home\/\"},{\"@type\":\"ListItem\",\"position\":2,\"name\":\"Como llegar\"}]},{\"@type\":\"WebSite\",\"@id\":\"https:\/\/elzainolagunaelcopin.cl\/#website\",\"url\":\"https:\/\/elzainolagunaelcopin.cl\/\",\"name\":\"El Zaino Laguna El Cop\u00edn\",\"description\":\"\",\"publisher\":{\"@id\":\"https:\/\/elzainolagunaelcopin.cl\/#organization\"},\"potentialAction\":[{\"@type\":\"SearchAction\",\"target\":{\"@type\":\"EntryPoint\",\"urlTemplate\":\"https:\/\/elzainolagunaelcopin.cl\/?s={search_term_string}\"},\"query-input\":{\"@type\":\"PropertyValueSpecification\",\"valueRequired\":true,\"valueName\":\"search_term_string\"}}],\"inLanguage\":\"es\"},{\"@type\":\"Organization\",\"@id\":\"https:\/\/elzainolagunaelcopin.cl\/#organization\",\"name\":\"El Zaino Laguna El Cop\u00edn\",\"url\":\"https:\/\/elzainolagunaelcopin.cl\/\",\"logo\":{\"@type\":\"ImageObject\",\"inLanguage\":\"es\",\"@id\":\"https:\/\/elzainolagunaelcopin.cl\/#\/schema\/logo\/image\/\",\"url\":\"https:\/\/elzainolagunaelcopin.cl\/home\/wp-content\/uploads\/2024\/12\/favicon.png\",\"contentUrl\":\"https:\/\/elzainolagunaelcopin.cl\/home\/wp-content\/uploads\/2024\/12\/favicon.png\",\"width\":512,\"height\":512,\"caption\":\"El Zaino Laguna El Cop\u00edn\"},\"image\":{\"@id\":\"https:\/\/elzainolagunaelcopin.cl\/#\/schema\/logo\/image\/\"}}]}<\/script>\n<!-- \/ Yoast SEO plugin. -->","yoast_head_json":{"title":"Como llegar - El Zaino Laguna El Cop\u00edn","robots":{"index":"index","follow":"follow","max-snippet":"max-snippet:-1","max-image-preview":"max-image-preview:large","max-video-preview":"max-video-preview:-1"},"canonical":"https:\/\/elzainolagunaelcopin.cl\/index.php\/como-llegar\/","og_locale":"es_ES","og_type":"article","og_title":"Como llegar - El Zaino Laguna El Cop\u00edn","og_url":"https:\/\/elzainolagunaelcopin.cl\/index.php\/como-llegar\/","og_site_name":"El Zaino Laguna El Cop\u00edn","article_modified_time":"2025-04-09T03:05:14+00:00","twitter_card":"summary_large_image","twitter_misc":{"Tiempo de lectura":"17 minutos"},"schema":{"@context":"https:\/\/schema.org","@graph":[{"@type":"WebPage","@id":"https:\/\/elzainolagunaelcopin.cl\/index.php\/como-llegar\/","url":"https:\/\/elzainolagunaelcopin.cl\/index.php\/como-llegar\/","name":"Como llegar - El Zaino Laguna El Cop\u00edn","isPartOf":{"@id":"https:\/\/elzainolagunaelcopin.cl\/#website"},"datePublished":"2025-01-16T01:23:58+00:00","dateModified":"2025-04-09T03:05:14+00:00","breadcrumb":{"@id":"https:\/\/elzainolagunaelcopin.cl\/index.php\/como-llegar\/#breadcrumb"},"inLanguage":"es","potentialAction":[{"@type":"ReadAction","target":["https:\/\/elzainolagunaelcopin.cl\/index.php\/como-llegar\/"]}]},{"@type":"BreadcrumbList","@id":"https:\/\/elzainolagunaelcopin.cl\/index.php\/como-llegar\/#breadcrumb","itemListElement":[{"@type":"ListItem","position":1,"name":"Portada","item":"https:\/\/elzainolagunaelcopin.cl\/index.php\/home\/"},{"@type":"ListItem","position":2,"name":"Como llegar"}]},{"@type":"WebSite","@id":"https:\/\/elzainolagunaelcopin.cl\/#website","url":"https:\/\/elzainolagunaelcopin.cl\/","name":"El Zaino Laguna El Cop\u00edn","description":"","publisher":{"@id":"https:\/\/elzainolagunaelcopin.cl\/#organization"},"potentialAction":[{"@type":"SearchAction","target":{"@type":"EntryPoint","urlTemplate":"https:\/\/elzainolagunaelcopin.cl\/?s={search_term_string}"},"query-input":{"@type":"PropertyValueSpecification","valueRequired":true,"valueName":"search_term_string"}}],"inLanguage":"es"},{"@type":"Organization","@id":"https:\/\/elzainolagunaelcopin.cl\/#organization","name":"El Zaino Laguna El Cop\u00edn","url":"https:\/\/elzainolagunaelcopin.cl\/","logo":{"@type":"ImageObject","inLanguage":"es","@id":"https:\/\/elzainolagunaelcopin.cl\/#\/schema\/logo\/image\/","url":"https:\/\/elzainolagunaelcopin.cl\/home\/wp-content\/uploads\/2024\/12\/favicon.png","contentUrl":"https:\/\/elzainolagunaelcopin.cl\/home\/wp-content\/uploads\/2024\/12\/favicon.png","width":512,"height":512,"caption":"El Zaino Laguna El Cop\u00edn"},"image":{"@id":"https:\/\/elzainolagunaelcopin.cl\/#\/schema\/logo\/image\/"}}]}},"_links":{"self":[{"href":"https:\/\/elzainolagunaelcopin.cl\/index.php\/wp-json\/wp\/v2\/pages\/705","targetHints":{"allow":["GET"]}}],"collection":[{"href":"https:\/\/elzainolagunaelcopin.cl\/index.php\/wp-json\/wp\/v2\/pages"}],"about":[{"href":"https:\/\/elzainolagunaelcopin.cl\/index.php\/wp-json\/wp\/v2\/types\/page"}],"author":[{"embeddable":true,"href":"https:\/\/elzainolagunaelcopin.cl\/index.php\/wp-json\/wp\/v2\/users\/1"}],"replies":[{"embeddable":true,"href":"https:\/\/elzainolagunaelcopin.cl\/index.php\/wp-json\/wp\/v2\/comments?post=705"}],"version-history":[{"count":7,"href":"https:\/\/elzainolagunaelcopin.cl\/index.php\/wp-json\/wp\/v2\/pages\/705\/revisions"}],"predecessor-version":[{"id":795,"href":"https:\/\/elzainolagunaelcopin.cl\/index.php\/wp-json\/wp\/v2\/pages\/705\/revisions\/795"}],"wp:attachment":[{"href":"https:\/\/elzainolagunaelcopin.cl\/index.php\/wp-json\/wp\/v2\/media?parent=705"}],"curies":[{"name":"wp","href":"https:\/\/api.w.org\/{rel}","templated":true}]}}