{"id":768,"date":"2025-04-08T20:57:51","date_gmt":"2025-04-09T00:57:51","guid":{"rendered":"https:\/\/elzainolagunaelcopin.cl\/?page_id=768"},"modified":"2025-04-08T20:58:38","modified_gmt":"2025-04-09T00:58:38","slug":"historias-y-leyendas","status":"publish","type":"page","link":"https:\/\/elzainolagunaelcopin.cl\/index.php\/historias-y-leyendas\/","title":{"rendered":"Historias y leyendas"},"content":{"rendered":"\n<style type=\"text\/css\" data-created_by=\"avia_inline_auto\" id=\"style-css-av-m5ue1igy-f6a21b1ac38cac4270d147b56212ea77\">\n.avia-section.av-m5ue1igy-f6a21b1ac38cac4270d147b56212ea77 .av-parallax .av-parallax-inner{\nbackground-color:rgba(181,181,181,0.51);\nbackground-image:url(https:\/\/elzainolagunaelcopin.cl\/home\/wp-content\/uploads\/2025\/04\/historias-y-leyendas.png);\nbackground-repeat:no-repeat;\nbackground-position:50% 100%;\nbackground-attachment:scroll;\n}\n<\/style>\n<div id='av_section_1'  class='avia-section av-m5ue1igy-f6a21b1ac38cac4270d147b56212ea77 main_color avia-section-default avia-shadow  avia-builder-el-0  el_before_av_one_full  avia-builder-el-first  av-parallax-section avia-bg-style-parallax av-minimum-height av-minimum-height-custom av-height-custom  container_wrap sidebar_right'  data-section-bg-repeat='no-repeat' data-av_minimum_height_px='300'><div class='av-parallax' data-avia-parallax-ratio='0.3' ><div class='av-parallax-inner main_color avia-full-stretch'><\/div><\/div><div class='container av-section-cont-open' style='height:300px'><main  role=\"main\" itemprop=\"mainContentOfPage\"  class='template-page content  av-content-small alpha units'><div class='post-entry post-entry-type-page post-entry-768'><div class='entry-content-wrapper clearfix'>\n\n<style type=\"text\/css\" data-created_by=\"avia_inline_auto\" id=\"style-css-av-m4kgho8p-088f97469044297d608f6d1e02fb6cce\">\n#top .av-special-heading.av-m4kgho8p-088f97469044297d608f6d1e02fb6cce{\npadding-bottom:10px;\ncolor:#ffffff;\n}\nbody .av-special-heading.av-m4kgho8p-088f97469044297d608f6d1e02fb6cce .av-special-heading-tag .heading-char{\nfont-size:25px;\n}\n.av-special-heading.av-m4kgho8p-088f97469044297d608f6d1e02fb6cce .special-heading-inner-border{\nborder-color:#ffffff;\n}\n.av-special-heading.av-m4kgho8p-088f97469044297d608f6d1e02fb6cce .av-subheading{\nfont-size:15px;\n}\nbody .av-special-heading.av-m4kgho8p-088f97469044297d608f6d1e02fb6cce .av-special-heading-tag .heading-wrap:before{\nborder-color:#ffffff;\n}\nbody .av-special-heading.av-m4kgho8p-088f97469044297d608f6d1e02fb6cce .av-special-heading-tag .heading-wrap:after{\nborder-color:#ffffff;\n}\n<\/style>\n<div  class='av-special-heading av-m4kgho8p-088f97469044297d608f6d1e02fb6cce av-special-heading-h2 custom-color-heading blockquote modern-quote modern-centered  avia-builder-el-1  avia-builder-el-no-sibling '><h2 class='av-special-heading-tag '  itemprop=\"headline\"  >Historias y leyendas<\/h2><div class=\"special-heading-border\"><div class=\"special-heading-inner-border\"><\/div><\/div><\/div>\n<\/div><\/div><\/main><!-- close content main element --><\/div><\/div><div id='after_section_1'  class='main_color av_default_container_wrap container_wrap sidebar_right'  ><div class='container av-section-cont-open' ><div class='template-page content  av-content-small alpha units'><div class='post-entry post-entry-type-page post-entry-768'><div class='entry-content-wrapper clearfix'><div  class='flex_column av-bt0hi-942bf95a66004c304dee10b62d9d1f64 av_one_full  avia-builder-el-2  el_after_av_section  avia-builder-el-no-sibling  first flex_column_div av-animated-generic bottom-to-top  '     ><section  class='av_textblock_section av-m4kgn273-db74772033127f2559d94550ee71fcfd '   itemscope=\"itemscope\" itemtype=\"https:\/\/schema.org\/CreativeWork\" ><div class='avia_textblock'  itemprop=\"text\" ><p><strong>La localidad y el Santuario de Santa Filomena<\/strong><\/p>\n<p>Cuando comenz\u00f3 el poblamiento de la localidad, \u00e9sta era s\u00f3lo un caser\u00edo de Jahuel. Sus habitantes eran llamados los capellanos por vivir cerca de la iglesia o capilla.<\/p>\n<p>Santa Filomena se empez\u00f3 a poblar hace m\u00e1s de 100 a\u00f1os y en su comienzo, la mayor\u00eda de sus habitantes viv\u00eda en la calle principal. Luego se fue poblando el sector interior conocido como El Llano.<\/p>\n<p>Desde mediados del siglo XIX, la orden salesiana realizaba anualmente misiones al valle de Jahuel, donde se reun\u00eda por varios d\u00edas a la comunidad para adoctrinarlos e impartir sacramentos. En una de las misiones lleg\u00f3 la imagen de Santa Filomena y la comunidad levant\u00f3 una capilla en su honor, form\u00e1ndose a su alrededor un caser\u00edo y la fiesta religiosa m\u00e1s importante del sector conocido como Aconcagua Arriba. Se piensa que fue en 1850.<\/p>\n<p>En 1898 se bendec\u00eda la iglesia dedicada a Santa Filomena. Se recuerda que era un bello templo de tres naves, con admirables pinturas, santer\u00eda, vitrales y ornamentos religiosos.<\/p>\n<p>Estuvo a cargo de la congregaci\u00f3n Salesiana desde 1945 hasta 1970, se incendi\u00f3 en 1952 y luego fue declarado MN y restaurado. Fue declarada monumento nacional en la categor\u00eda de monumento hist\u00f3rico (por decreto del ministerio de educaci\u00f3n del a\u00f1o 2009), para ello consider\u00f3 su valor hist\u00f3rico, arquitect\u00f3nico, simb\u00f3lico y por el tipo de construcci\u00f3n.<\/p>\n<p>Para los Jahuelinos, la fiesta de Santa Filomena (noviembre de cada a\u00f1o) era y es una oportunidad para demostrar su fe, siendo un evento masivo cada a\u00f1o.<\/p>\n<p><strong>El trabajo minero y la visita de Charles Darwin (libro Mi viaje alrededor del mundo)<\/strong><\/p>\n<p>Entre las actividades econ\u00f3micas desarrolladas en Jahuel, la miner\u00eda era una de las m\u00e1s tradicionales. Desde anta\u00f1o se explotaban las minas de cobre de Jahuel y varios piques del mismo metal en los cerros de Quilpu\u00e9, Los Herrera, El Piuco, Las Cabras y El Zaino entre otros.<\/p>\n<p>En su paso por Jahuel en 1834, el naturalista ingl\u00e9s Charles Darwin fue testigo del laboreo de las minas y las condiciones en que trabajaban los mineros, lo que testimoni\u00f3 en su libro <a href=\"https:\/\/www.memoriachilena.gob.cl\/602\/w3-article-8401.html\" target=\"_blank\" rel=\"noopener\">\u201cMi viaje alrededor del mundo\u201d<\/a>:<\/p>\n<p>\u201cLlegamos por la noche a las minas de Jahuel, situadas en un barranco, en el flanco de una gran cadena, y all\u00ed permanezco cinco d\u00edas. Las minas de Jahuel son de cobre y se env\u00eda todo el material a Swansea para fundirlo.<\/p>\n<p>Los mineros trabajan mucho. Se les da muy poco tiempo para sus comidas y, lo mismo en invierno que en verano, se ponen al trabajo con el alba y no cesan sino al llegar la noche. Reciben veinte chelines por mes, adem\u00e1s de la comida; para desayunar se les dan diecis\u00e9is higos y dos trocitos de pan; para almorzar, porotos con agua, y para cenar, trigo machacado con agua y tostado.<\/p>\n<p>Casi nunca comen carne, porque con sus doce libras anuales han de vestirse y alimentar a su familia. Los mineros que trabajan en el interior de la mina reciben veinticinco chelines por mes y se les da, adem\u00e1s, un poco de charqui, pero esos hombres no dejan el triste escenario de su trabajo sino una vez cada quince d\u00edas o cada tres semanas.<\/p>\n<p>Una considerable nevada en las monta\u00f1as me impide, durante los dos \u00faltimos d\u00edas de mi estancia all\u00ed, efectuar algunas interesantes excursiones. Trato de penetrar hasta un lago que los habitantes del pa\u00eds consideran como un \u201cbrazo de mar\u201d, ignoro por qu\u00e9 causa\u2026 Ascendimos a una gran altura, pero nos perdimos en las nieves y no pudimos alcanzar tan asombroso lago.<\/p>\n<p>Que placer experiment\u00e9 durante mi estad\u00eda en aquel lugar, escalando esa inmensa monta\u00f1a\u2026hace un tiempo hermos\u00edsimo y la atm\u00f3sfera es de una pureza extraordinaria\u201d.<\/p>\n<p><strong>Actividades econ\u00f3micas en Jahuel:<\/strong><\/p>\n<p>El hotel Jahuel y la miner\u00eda eran los pilares de la econom\u00eda de Jahuel, ya que ocupaban bastante mano de obra. El grueso de la poblaci\u00f3n campesina estaba constituido por peones e inquilinos que viv\u00edan en los fundos del valle, as\u00ed como por peque\u00f1os propietarios que se dedicaban a la producci\u00f3n de aceitunas \u2013 las plantaciones de olivos m\u00e1s antiguas pueden tener m\u00e1s de tres siglos de antig\u00fcedad- frutas y hortalizas, que, junto a la crianza de ganado bovino, caprino, ovino y equino, aves de corral, venta de le\u00f1a y producci\u00f3n de carb\u00f3n, proporcionaban el sustento diario.<\/p>\n<p>El ganado vacuno de los Jahuelinos era soltado a pastar libre en las vegas cordilleranas, por lo que se acostumbraba a hacer una vez al a\u00f1o los rodeos de animales, que duraban varios d\u00edas y eran una aut\u00e9ntica fiesta campesina; los arrieros conduc\u00edan a su ganado a los Corrales de la Laja o del Cop\u00edn, all\u00ed proced\u00edan a las \u201capartadas\u201d, es decir, separaban a los animales seg\u00fan sus due\u00f1os, los marcaban y castraban, apartando toros de novillos para la venta y finalizaban la faena con una gran celebraci\u00f3n. Esta fiesta criolla contin\u00faa realiz\u00e1ndose hasta nuestros d\u00edas.<\/p>\n<p><strong>La Epidemia del c\u00f3lera 1886-1887<\/strong><\/p>\n<p>Santa Filomena y sus alrededores tuvieron un brusco quiebre en su desarrollo cuando se despoblaron como consecuencia del c\u00f3lera.<\/p>\n<p>En la memoria de los lugare\u00f1os qued\u00f3 grabado el horror de esa epidemia; familias enteras murieron en el interior de sus casas, las que permanecieron abandonadas hasta que se derrumbaron.<\/p>\n<p>Cuando termin\u00f3 la epidemia y sanaron los convalecientes, las actividades comenzaron a normalizarse. Los esforzados lugare\u00f1os continuaron con el cultivo de olivares y sus trabajos derivados, como la preparaci\u00f3n de aceitunas y el aceite de oliva artesanal; el cultivo de higueras y tunales, la explotaci\u00f3n de le\u00f1a de los cerros y la preparaci\u00f3n de carb\u00f3n. Crianza de caprinos y la elaboraci\u00f3n de quesos frescos, crianza de vacas lecheras para las familias y de caballos y asnos para trabajos. <\/p>\n<p><strong>Los Olivos en Jahuel<\/strong><\/p>\n<p>El \u00e1rbol que identifica al valle de Jahuel es el olivo. Desde tiempos inmemoriales la zona ha estado marcada por este cultivo y por la producci\u00f3n de aceitunas y la producci\u00f3n de aceite artesanal, hasta nuestros d\u00edas, en que se ha perfeccionado notablemente dicha producci\u00f3n, sin dejar su car\u00e1cter artesanal.<\/p>\n<p>Los olivos de Jahuel est\u00e1n entre los m\u00e1s antiguos de Chile y de Hispanoam\u00e9rica. Esto \u00faltimo se explica porque durante el dominio espa\u00f1ol, en cierto momento, su cultivo fue prohibido en toda Am\u00e9rica y, como esta zona posibilitaba un paso fronterizo clandestino por ser dif\u00edcil de vigilar, los olivos fueron subrepticiamente introducidos desde Argentina.<\/p>\n<\/div><\/section><\/div><\/p>\n","protected":false},"excerpt":{"rendered":"","protected":false},"author":1,"featured_media":0,"parent":0,"menu_order":0,"comment_status":"closed","ping_status":"closed","template":"","meta":{"footnotes":""},"class_list":["post-768","page","type-page","status-publish","hentry"],"yoast_head":"<!-- This site is optimized with the Yoast SEO plugin v26.2 - https:\/\/yoast.com\/wordpress\/plugins\/seo\/ -->\n<title>Historias y leyendas - El Zaino Laguna El Cop\u00edn<\/title>\n<meta name=\"robots\" content=\"index, follow, max-snippet:-1, max-image-preview:large, max-video-preview:-1\" \/>\n<link rel=\"canonical\" href=\"https:\/\/elzainolagunaelcopin.cl\/index.php\/historias-y-leyendas\/\" \/>\n<meta property=\"og:locale\" content=\"es_ES\" \/>\n<meta property=\"og:type\" content=\"article\" \/>\n<meta property=\"og:title\" content=\"Historias y leyendas - El Zaino Laguna El Cop\u00edn\" \/>\n<meta property=\"og:url\" content=\"https:\/\/elzainolagunaelcopin.cl\/index.php\/historias-y-leyendas\/\" \/>\n<meta property=\"og:site_name\" content=\"El Zaino Laguna El Cop\u00edn\" \/>\n<meta property=\"article:modified_time\" content=\"2025-04-09T00:58:38+00:00\" \/>\n<meta name=\"twitter:card\" content=\"summary_large_image\" \/>\n<meta name=\"twitter:label1\" content=\"Tiempo de lectura\" \/>\n\t<meta name=\"twitter:data1\" content=\"11 minutos\" \/>\n<script type=\"application\/ld+json\" class=\"yoast-schema-graph\">{\"@context\":\"https:\/\/schema.org\",\"@graph\":[{\"@type\":\"WebPage\",\"@id\":\"https:\/\/elzainolagunaelcopin.cl\/index.php\/historias-y-leyendas\/\",\"url\":\"https:\/\/elzainolagunaelcopin.cl\/index.php\/historias-y-leyendas\/\",\"name\":\"Historias y leyendas - El Zaino Laguna El Cop\u00edn\",\"isPartOf\":{\"@id\":\"https:\/\/elzainolagunaelcopin.cl\/#website\"},\"datePublished\":\"2025-04-09T00:57:51+00:00\",\"dateModified\":\"2025-04-09T00:58:38+00:00\",\"breadcrumb\":{\"@id\":\"https:\/\/elzainolagunaelcopin.cl\/index.php\/historias-y-leyendas\/#breadcrumb\"},\"inLanguage\":\"es\",\"potentialAction\":[{\"@type\":\"ReadAction\",\"target\":[\"https:\/\/elzainolagunaelcopin.cl\/index.php\/historias-y-leyendas\/\"]}]},{\"@type\":\"BreadcrumbList\",\"@id\":\"https:\/\/elzainolagunaelcopin.cl\/index.php\/historias-y-leyendas\/#breadcrumb\",\"itemListElement\":[{\"@type\":\"ListItem\",\"position\":1,\"name\":\"Portada\",\"item\":\"https:\/\/elzainolagunaelcopin.cl\/index.php\/home\/\"},{\"@type\":\"ListItem\",\"position\":2,\"name\":\"Historias y leyendas\"}]},{\"@type\":\"WebSite\",\"@id\":\"https:\/\/elzainolagunaelcopin.cl\/#website\",\"url\":\"https:\/\/elzainolagunaelcopin.cl\/\",\"name\":\"El Zaino Laguna El Cop\u00edn\",\"description\":\"\",\"publisher\":{\"@id\":\"https:\/\/elzainolagunaelcopin.cl\/#organization\"},\"potentialAction\":[{\"@type\":\"SearchAction\",\"target\":{\"@type\":\"EntryPoint\",\"urlTemplate\":\"https:\/\/elzainolagunaelcopin.cl\/?s={search_term_string}\"},\"query-input\":{\"@type\":\"PropertyValueSpecification\",\"valueRequired\":true,\"valueName\":\"search_term_string\"}}],\"inLanguage\":\"es\"},{\"@type\":\"Organization\",\"@id\":\"https:\/\/elzainolagunaelcopin.cl\/#organization\",\"name\":\"El Zaino Laguna El Cop\u00edn\",\"url\":\"https:\/\/elzainolagunaelcopin.cl\/\",\"logo\":{\"@type\":\"ImageObject\",\"inLanguage\":\"es\",\"@id\":\"https:\/\/elzainolagunaelcopin.cl\/#\/schema\/logo\/image\/\",\"url\":\"https:\/\/elzainolagunaelcopin.cl\/home\/wp-content\/uploads\/2024\/12\/favicon.png\",\"contentUrl\":\"https:\/\/elzainolagunaelcopin.cl\/home\/wp-content\/uploads\/2024\/12\/favicon.png\",\"width\":512,\"height\":512,\"caption\":\"El Zaino Laguna El Cop\u00edn\"},\"image\":{\"@id\":\"https:\/\/elzainolagunaelcopin.cl\/#\/schema\/logo\/image\/\"}}]}<\/script>\n<!-- \/ Yoast SEO plugin. -->","yoast_head_json":{"title":"Historias y leyendas - El Zaino Laguna El Cop\u00edn","robots":{"index":"index","follow":"follow","max-snippet":"max-snippet:-1","max-image-preview":"max-image-preview:large","max-video-preview":"max-video-preview:-1"},"canonical":"https:\/\/elzainolagunaelcopin.cl\/index.php\/historias-y-leyendas\/","og_locale":"es_ES","og_type":"article","og_title":"Historias y leyendas - El Zaino Laguna El Cop\u00edn","og_url":"https:\/\/elzainolagunaelcopin.cl\/index.php\/historias-y-leyendas\/","og_site_name":"El Zaino Laguna El Cop\u00edn","article_modified_time":"2025-04-09T00:58:38+00:00","twitter_card":"summary_large_image","twitter_misc":{"Tiempo de lectura":"11 minutos"},"schema":{"@context":"https:\/\/schema.org","@graph":[{"@type":"WebPage","@id":"https:\/\/elzainolagunaelcopin.cl\/index.php\/historias-y-leyendas\/","url":"https:\/\/elzainolagunaelcopin.cl\/index.php\/historias-y-leyendas\/","name":"Historias y leyendas - El Zaino Laguna El Cop\u00edn","isPartOf":{"@id":"https:\/\/elzainolagunaelcopin.cl\/#website"},"datePublished":"2025-04-09T00:57:51+00:00","dateModified":"2025-04-09T00:58:38+00:00","breadcrumb":{"@id":"https:\/\/elzainolagunaelcopin.cl\/index.php\/historias-y-leyendas\/#breadcrumb"},"inLanguage":"es","potentialAction":[{"@type":"ReadAction","target":["https:\/\/elzainolagunaelcopin.cl\/index.php\/historias-y-leyendas\/"]}]},{"@type":"BreadcrumbList","@id":"https:\/\/elzainolagunaelcopin.cl\/index.php\/historias-y-leyendas\/#breadcrumb","itemListElement":[{"@type":"ListItem","position":1,"name":"Portada","item":"https:\/\/elzainolagunaelcopin.cl\/index.php\/home\/"},{"@type":"ListItem","position":2,"name":"Historias y leyendas"}]},{"@type":"WebSite","@id":"https:\/\/elzainolagunaelcopin.cl\/#website","url":"https:\/\/elzainolagunaelcopin.cl\/","name":"El Zaino Laguna El Cop\u00edn","description":"","publisher":{"@id":"https:\/\/elzainolagunaelcopin.cl\/#organization"},"potentialAction":[{"@type":"SearchAction","target":{"@type":"EntryPoint","urlTemplate":"https:\/\/elzainolagunaelcopin.cl\/?s={search_term_string}"},"query-input":{"@type":"PropertyValueSpecification","valueRequired":true,"valueName":"search_term_string"}}],"inLanguage":"es"},{"@type":"Organization","@id":"https:\/\/elzainolagunaelcopin.cl\/#organization","name":"El Zaino Laguna El Cop\u00edn","url":"https:\/\/elzainolagunaelcopin.cl\/","logo":{"@type":"ImageObject","inLanguage":"es","@id":"https:\/\/elzainolagunaelcopin.cl\/#\/schema\/logo\/image\/","url":"https:\/\/elzainolagunaelcopin.cl\/home\/wp-content\/uploads\/2024\/12\/favicon.png","contentUrl":"https:\/\/elzainolagunaelcopin.cl\/home\/wp-content\/uploads\/2024\/12\/favicon.png","width":512,"height":512,"caption":"El Zaino Laguna El Cop\u00edn"},"image":{"@id":"https:\/\/elzainolagunaelcopin.cl\/#\/schema\/logo\/image\/"}}]}},"_links":{"self":[{"href":"https:\/\/elzainolagunaelcopin.cl\/index.php\/wp-json\/wp\/v2\/pages\/768","targetHints":{"allow":["GET"]}}],"collection":[{"href":"https:\/\/elzainolagunaelcopin.cl\/index.php\/wp-json\/wp\/v2\/pages"}],"about":[{"href":"https:\/\/elzainolagunaelcopin.cl\/index.php\/wp-json\/wp\/v2\/types\/page"}],"author":[{"embeddable":true,"href":"https:\/\/elzainolagunaelcopin.cl\/index.php\/wp-json\/wp\/v2\/users\/1"}],"replies":[{"embeddable":true,"href":"https:\/\/elzainolagunaelcopin.cl\/index.php\/wp-json\/wp\/v2\/comments?post=768"}],"version-history":[{"count":10,"href":"https:\/\/elzainolagunaelcopin.cl\/index.php\/wp-json\/wp\/v2\/pages\/768\/revisions"}],"predecessor-version":[{"id":779,"href":"https:\/\/elzainolagunaelcopin.cl\/index.php\/wp-json\/wp\/v2\/pages\/768\/revisions\/779"}],"wp:attachment":[{"href":"https:\/\/elzainolagunaelcopin.cl\/index.php\/wp-json\/wp\/v2\/media?parent=768"}],"curies":[{"name":"wp","href":"https:\/\/api.w.org\/{rel}","templated":true}]}}